{"id":1078,"date":"2018-05-15T15:14:45","date_gmt":"2018-05-15T13:14:45","guid":{"rendered":"https:\/\/www.domaine-des-eissartenes.com\/anreise\/"},"modified":"2018-05-29T22:33:04","modified_gmt":"2018-05-29T20:33:04","slug":"anreise","status":"publish","type":"page","link":"https:\/\/www.domaine-des-eissartenes.com\/de\/anreise\/","title":{"rendered":"Anreise"},"content":{"rendered":"<h1>\n\t\t\tWegbeschreibung zur Domaine<br \/>\n\t\t<\/h1>\n<p>Alle Wege f\u00fchren nach Eissartenes<\/p>\n<h2>\n\t\tW\u00e4hlen Sie Ihr Transportmittel<br \/>\n\t<\/h2>\n<p>\t\t\t\t\t\t\t\t\t\t\t\t\tMIT DEM AUTO<br \/>\n\t\t\t\t\t\t\t\t\t\t\t\t\tMIT DEM ZUG<br \/>\n\t\t\t\t\t\t\t\t\t\t\t\t\tMIT DEM FLUGZEUG<br \/>\n\t\t\t\t\t\t\t\t\t\t\t\t\t\t\t\tMIT DEM AUTO<\/p>\n<p><strong>Autobahn A7 und A8 AIX-en-PROVENCE \/ NICE<\/strong>.<\/p>\n<p>&#8211; Nehmen Sie die Ausfahrt <strong>Nr. 35 BRIGNOLES\/ LE VAL.<\/strong><br \/>&#8211; Folgen Sie der Richtung<strong> LE VAL.<\/strong> <br \/>&#8211; Im Ort fahren Sie in <strong>Richtung CARCES.<\/strong> <br \/>&#8211; Nach dem zweiten Kreisverkehr (ACHTUNG sehr hohe Bodenschwelle), links in Richtung BRAS abbiegen. <br \/>&#8211; Nach 4,6 km sehen Sie das erste Schild mit <strong>DOMAINE des EISSARTENES.<\/strong> <br \/>-Die Einfahrt zur Domaine befindet sich 250 Meter weiter.<\/p>\n<p>\t\t\t\t\t\t\t\t\t\t\t\t\t\t\t\tMIT DEM ZUG<\/p>\n<p><strong>Bahnhof TGV AIX-en-PROVENCE<\/p>\n<p><\/strong>&#8211; Dann Autobahn AIX\/BRIGNOLES. <br \/>Folgen Sie den Anweisungen \u201eMit dem Auto\u201c.<\/p>\n<p>\t\t\t\t\t\t\t\t\t\t\t\t\t\t\t\tMIT DEM FLUGZEUG<\/p>\n<p><strong>&gt; Entweder MARSEILLE PROVENCE (MARIGNANE).<br \/><\/strong> <br \/>&#8211; Dann Autobahn <strong>A7 und A8 \u00fcber AIX EN PROVENCE.<\/strong> <br \/>&#8211; Weniger als eine Stunde von der Domaine entfernt. <br \/>&#8211; Folgen Sie den Anweisungen \u201eMit dem Auto\u201c<\/p>\n<p><strong>&gt; oder NICE COTE d\u2019AZUR.<br \/><\/strong> <br \/>&#8211; Dann Autobahn A8. <br \/>&#8211; Ausfahrt <strong>BRIGNOLES.<\/strong> <br \/>&#8211; Folgen Sie den Anweisungen \u201eMit dem Auto\u201c.<\/p>\n<h3><strong>Bei Ihrer Ankunft an der Domaine <\/strong><\/h3>\n<p>kommen Sie an ein gesichertes Tor. Sie klingeln und wir \u00f6ffnen Ihnen. Folgen Sie dem Weg bis zu einer Kreuzung. Folgen Sie der Richtung \u201eClients\u201c zum Parkplatz, wo Sie Ihr Fahrzeug im Schatten abstellen k\u00f6nnen. Wir werden dort sein, um Sie zu begr\u00fc\u00dfen.<\/p>\n<p>Zu Ihrer Sicherheit geben wir Ihnen einen Schl\u00fcssel, mit dem Sie das Tor \u00f6ffnen k\u00f6nnen, ohne aus Ihrem Fahrzeug auszusteigen. Das Tor wird automatisch geschlossen, sobald Sie es durchquert haben.<\/p>\n<p>\t<iframe loading=\"lazy\" src=\"https:\/\/www.google.com\/maps\/embed?pb=!1m18!1m12!1m3!1d2448.8351654091516!2d6.014049393725839!3d43.44515432301847!2m3!1f0!2f0!3f0!3m2!1i1024!2i768!4f13.1!3m3!1m2!1s0x0%3A0x42c6a529b4891b9e!2sDOMAINE+DES+EISSARTENES!5e1!3m2!1sfr!2sfr!4v1527625632994\" width=\"100%\" height=\"550\" frameborder=\"0\" allowfullscreen><\/iframe><\/p>\n","protected":false},"excerpt":{"rendered":"<p>Wegbeschreibung zur Domaine Alle Wege f\u00fchren nach Eissartenes W\u00e4hlen Sie Ihr Transportmittel MIT DEM AUTO MIT DEM ZUG MIT DEM FLUGZEUG MIT DEM AUTO Autobahn A7 und A8 AIX-en-PROVENCE \/ NICE. &#8211; Nehmen Sie die Ausfahrt Nr. 35 BRIGNOLES\/ LE VAL.&#8211; Folgen Sie der Richtung LE VAL. &#8211; Im Ort fahren Sie in Richtung CARCES.&hellip;<\/p>\n","protected":false},"author":2,"featured_media":0,"parent":0,"menu_order":0,"comment_status":"closed","ping_status":"closed","template":"","meta":{"_acf_changed":false,"footnotes":""},"class_list":["post-1078","page","type-page","status-publish","hentry"],"acf":[],"yoast_head":"<!-- This site is optimized with the Yoast SEO plugin v27.4 - https:\/\/yoast.com\/product\/yoast-seo-wordpress\/ -->\n<title>Anreise - Domaine des Eissartenes<\/title>\n<meta name=\"description\" content=\"Wegbeschreibung zur Domaine Alle Wege f\u00fchren nach Eissartenes W\u00e4hlen Sie Ihr Transportmittel MIT DEM AUTO MIT DEM ZUG MIT DEM FLUGZEUG MIT DEM AUTO\" \/>\n<meta name=\"robots\" content=\"index, follow, max-snippet:-1, max-image-preview:large, max-video-preview:-1\" \/>\n<link rel=\"canonical\" href=\"https:\/\/www.domaine-des-eissartenes.com\/de\/anreise\/\" \/>\n<meta property=\"og:locale\" content=\"de_DE\" \/>\n<meta property=\"og:type\" content=\"article\" \/>\n<meta property=\"og:title\" content=\"Anreise - Domaine des Eissartenes\" \/>\n<meta property=\"og:description\" content=\"Wegbeschreibung zur Domaine Alle Wege f\u00fchren nach Eissartenes W\u00e4hlen Sie Ihr Transportmittel MIT DEM AUTO MIT DEM ZUG MIT DEM FLUGZEUG MIT DEM AUTO\" \/>\n<meta property=\"og:url\" content=\"https:\/\/www.domaine-des-eissartenes.com\/de\/anreise\/\" \/>\n<meta property=\"og:site_name\" content=\"Domaine des Eissartenes\" \/>\n<meta property=\"article:modified_time\" content=\"2018-05-29T20:33:04+00:00\" \/>\n<meta name=\"twitter:card\" content=\"summary_large_image\" \/>\n<meta name=\"twitter:label1\" content=\"Gesch\u00e4tzte Lesezeit\" \/>\n\t<meta name=\"twitter:data1\" content=\"1\u00a0Minute\" \/>\n<script type=\"application\/ld+json\" class=\"yoast-schema-graph\">{\"@context\":\"https:\\\/\\\/schema.org\",\"@graph\":[{\"@type\":\"WebPage\",\"@id\":\"https:\\\/\\\/www.domaine-des-eissartenes.com\\\/de\\\/anreise\\\/\",\"url\":\"https:\\\/\\\/www.domaine-des-eissartenes.com\\\/de\\\/anreise\\\/\",\"name\":\"Anreise - Domaine des Eissartenes\",\"isPartOf\":{\"@id\":\"https:\\\/\\\/www.domaine-des-eissartenes.com\\\/de\\\/#website\"},\"datePublished\":\"2018-05-15T13:14:45+00:00\",\"dateModified\":\"2018-05-29T20:33:04+00:00\",\"description\":\"Wegbeschreibung zur Domaine Alle Wege f\u00fchren nach Eissartenes W\u00e4hlen Sie Ihr Transportmittel MIT DEM AUTO MIT DEM ZUG MIT DEM FLUGZEUG MIT DEM AUTO\",\"breadcrumb\":{\"@id\":\"https:\\\/\\\/www.domaine-des-eissartenes.com\\\/de\\\/anreise\\\/#breadcrumb\"},\"inLanguage\":\"de\",\"potentialAction\":[{\"@type\":\"ReadAction\",\"target\":[\"https:\\\/\\\/www.domaine-des-eissartenes.com\\\/de\\\/anreise\\\/\"]}]},{\"@type\":\"BreadcrumbList\",\"@id\":\"https:\\\/\\\/www.domaine-des-eissartenes.com\\\/de\\\/anreise\\\/#breadcrumb\",\"itemListElement\":[{\"@type\":\"ListItem\",\"position\":1,\"name\":\"Startseite\",\"item\":\"https:\\\/\\\/www.domaine-des-eissartenes.com\\\/de\\\/\"},{\"@type\":\"ListItem\",\"position\":2,\"name\":\"Anreise\"}]},{\"@type\":\"WebSite\",\"@id\":\"https:\\\/\\\/www.domaine-des-eissartenes.com\\\/de\\\/#website\",\"url\":\"https:\\\/\\\/www.domaine-des-eissartenes.com\\\/de\\\/\",\"name\":\"Domaine des Eissartenes\",\"description\":\"Vermietung von Gites mit Service - Coteaux Varois en Provence\",\"potentialAction\":[{\"@type\":\"SearchAction\",\"target\":{\"@type\":\"EntryPoint\",\"urlTemplate\":\"https:\\\/\\\/www.domaine-des-eissartenes.com\\\/de\\\/?s={search_term_string}\"},\"query-input\":{\"@type\":\"PropertyValueSpecification\",\"valueRequired\":true,\"valueName\":\"search_term_string\"}}],\"inLanguage\":\"de\"}]}<\/script>\n<!-- \/ Yoast SEO plugin. -->","yoast_head_json":{"title":"Anreise - Domaine des Eissartenes","description":"Wegbeschreibung zur Domaine Alle Wege f\u00fchren nach Eissartenes W\u00e4hlen Sie Ihr Transportmittel MIT DEM AUTO MIT DEM ZUG MIT DEM FLUGZEUG MIT DEM AUTO","robots":{"index":"index","follow":"follow","max-snippet":"max-snippet:-1","max-image-preview":"max-image-preview:large","max-video-preview":"max-video-preview:-1"},"canonical":"https:\/\/www.domaine-des-eissartenes.com\/de\/anreise\/","og_locale":"de_DE","og_type":"article","og_title":"Anreise - Domaine des Eissartenes","og_description":"Wegbeschreibung zur Domaine Alle Wege f\u00fchren nach Eissartenes W\u00e4hlen Sie Ihr Transportmittel MIT DEM AUTO MIT DEM ZUG MIT DEM FLUGZEUG MIT DEM AUTO","og_url":"https:\/\/www.domaine-des-eissartenes.com\/de\/anreise\/","og_site_name":"Domaine des Eissartenes","article_modified_time":"2018-05-29T20:33:04+00:00","twitter_card":"summary_large_image","twitter_misc":{"Gesch\u00e4tzte Lesezeit":"1\u00a0Minute"},"schema":{"@context":"https:\/\/schema.org","@graph":[{"@type":"WebPage","@id":"https:\/\/www.domaine-des-eissartenes.com\/de\/anreise\/","url":"https:\/\/www.domaine-des-eissartenes.com\/de\/anreise\/","name":"Anreise - Domaine des Eissartenes","isPartOf":{"@id":"https:\/\/www.domaine-des-eissartenes.com\/de\/#website"},"datePublished":"2018-05-15T13:14:45+00:00","dateModified":"2018-05-29T20:33:04+00:00","description":"Wegbeschreibung zur Domaine Alle Wege f\u00fchren nach Eissartenes W\u00e4hlen Sie Ihr Transportmittel MIT DEM AUTO MIT DEM ZUG MIT DEM FLUGZEUG MIT DEM AUTO","breadcrumb":{"@id":"https:\/\/www.domaine-des-eissartenes.com\/de\/anreise\/#breadcrumb"},"inLanguage":"de","potentialAction":[{"@type":"ReadAction","target":["https:\/\/www.domaine-des-eissartenes.com\/de\/anreise\/"]}]},{"@type":"BreadcrumbList","@id":"https:\/\/www.domaine-des-eissartenes.com\/de\/anreise\/#breadcrumb","itemListElement":[{"@type":"ListItem","position":1,"name":"Startseite","item":"https:\/\/www.domaine-des-eissartenes.com\/de\/"},{"@type":"ListItem","position":2,"name":"Anreise"}]},{"@type":"WebSite","@id":"https:\/\/www.domaine-des-eissartenes.com\/de\/#website","url":"https:\/\/www.domaine-des-eissartenes.com\/de\/","name":"Domaine des Eissartenes","description":"Vermietung von Gites mit Service - Coteaux Varois en Provence","potentialAction":[{"@type":"SearchAction","target":{"@type":"EntryPoint","urlTemplate":"https:\/\/www.domaine-des-eissartenes.com\/de\/?s={search_term_string}"},"query-input":{"@type":"PropertyValueSpecification","valueRequired":true,"valueName":"search_term_string"}}],"inLanguage":"de"}]}},"_links":{"self":[{"href":"https:\/\/www.domaine-des-eissartenes.com\/de\/wp-json\/wp\/v2\/pages\/1078","targetHints":{"allow":["GET"]}}],"collection":[{"href":"https:\/\/www.domaine-des-eissartenes.com\/de\/wp-json\/wp\/v2\/pages"}],"about":[{"href":"https:\/\/www.domaine-des-eissartenes.com\/de\/wp-json\/wp\/v2\/types\/page"}],"author":[{"embeddable":true,"href":"https:\/\/www.domaine-des-eissartenes.com\/de\/wp-json\/wp\/v2\/users\/2"}],"replies":[{"embeddable":true,"href":"https:\/\/www.domaine-des-eissartenes.com\/de\/wp-json\/wp\/v2\/comments?post=1078"}],"version-history":[{"count":0,"href":"https:\/\/www.domaine-des-eissartenes.com\/de\/wp-json\/wp\/v2\/pages\/1078\/revisions"}],"wp:attachment":[{"href":"https:\/\/www.domaine-des-eissartenes.com\/de\/wp-json\/wp\/v2\/media?parent=1078"}],"curies":[{"name":"wp","href":"https:\/\/api.w.org\/{rel}","templated":true}]}}