{"id":1076,"date":"2018-05-15T15:14:22","date_gmt":"2018-05-15T13:14:22","guid":{"rendered":"https:\/\/www.domaine-des-eissartenes.com\/der-pool\/"},"modified":"2018-05-16T21:25:44","modified_gmt":"2018-05-16T19:25:44","slug":"der-pool","status":"publish","type":"page","link":"https:\/\/www.domaine-des-eissartenes.com\/de\/der-pool\/","title":{"rendered":"Der Pool"},"content":{"rendered":"<h1>\n\t\t\tDer Pool<br \/>\n\t\t<\/h1>\n<h2>Badevergn\u00fcgen unter der Sonne der Provence! Wer hat davon noch nie getr\u00e4umt? Genie\u00dfen Sie die traumhafte Umgebung rund um den Pool und schwelgen Sie in den einzigartigen D\u00fcften &#8230;<\/h2>\n<p><strong>JA nat\u00fcrlich, aber man ben\u00f6tigt dazu einen richtigen Pool! Und den bieten wir Ihnen:<\/strong><\/p>\n<p>Ein Pool von fast 15 Metern L\u00e4nge und mehr als 5 Breite, in dem Sie richtig schwimmen k\u00f6nnen. Die Tiefe betr\u00e4gt maximal 1.60 Meter. Der Zugang erfolgt \u00fcber eine Treppe mit breiten Stufen, die in das Becken integriert sind. Hier wurde kein Liner verwendet sondern Mosaikfliesen. Der Zugang zum Pool erfolgt durch kleine T\u00fcren, die zu gro\u00dfen, m\u00f6blierten Terrassen f\u00fchren. Komfortable Liegest\u00fchle aus Teak, mit Auflagen, deren Bez\u00fcge regelm\u00e4\u00dfig gewechselt werden, dazu gro\u00dfe, qualitativ hochwertige Schirme (die bei Mistral geschlossen werden m\u00fcssen!!!) &#8230; Alles steht bereit, damit dieser Moment der Ruhe au\u00dfergew\u00f6hnlich wird.<\/p>\n<p>\t\t\t\t<img decoding=\"async\" src=\"https:\/\/www.domaine-des-eissartenes.com\/wp-content\/uploads\/2018\/03\/icon-piscine.png\" alt=\"icon piscine\" itemprop=\"image\" title=\"icon-piscine\"  \/><br \/>\n\t\t\t\t\t\t\t\t\t\t\t\t\tPoolhouse mit Toiletten<br \/>\n\t\t\t\t\t\t\t\t\t\t\t\t\tDer Zugang zum Pool ist frei.<br \/>\n\t\t\t\t\t\t\t\t\t\t\t\t\t\t\t\tPoolhouse mit Toiletten<\/p>\n<p><strong>Dusche mit hei\u00dfem Wasser und Sauna<\/strong> (f\u00fcr die Nebensaison) stehen zu Ihrer Verf\u00fcgung. Eine Au\u00dfendusche (kaltes Wasser) ist vorhanden, um sich abzubrausen. Denken Sie daran, dass das Wasser durch Salzelektrolyse gefiltert wird und dass Chlor nur sehr begrenzt eingesetzt wird (zum Beispiel bei Wassertr\u00fcbung durch ein Klimaereignis wie starke Hitze, Sturm, starker Wind &#8230;).<\/p>\n<p>\t\t\t\t\t\t\t\t\t\t\t\t\t\t\t\tDer Zugang zum Pool ist frei.<\/p>\n<p>Allerdings ist das Becken nachts geschlossen<strong> (nach 21.00 Uhr im Sommer. \u00d6ffnung morgens gegen 7.30 Uhr).<\/strong> Wir stehen Ihnen f\u00fcr Sonderw\u00fcnsche gerne zur Verf\u00fcgung.<\/p>\n<p>Wir sind im S\u00fcden und manchmal bl\u00e4st der Mistral in heftigen B\u00f6en. Deshalb bitten wir Sie um gr\u00f6\u00dftm\u00f6gliche Vorsicht mit den Sonnenschirmen, die bei starkem Wind brechen, umfallen und sogar davonfliegen k\u00f6nnen. Wir empfehlen daher, die Sonnenschirme vorsichtshalber bei windigem Wetter zu schlie\u00dfen.<\/p>\n<p>DER POOL IST EIN LEBENSRAUM, DER ZU GESELLIGKEIT EINL\u00c4DT. DANKE, DASS SIE IHRE NACHBARN RESPEKTIEREN (Achtsamkeit bei der Nutzung des Telefons, bei lauter Musik &#8230;  <strong>aber kein Verbot &#8230; Sie sind zu Hause!) <\/strong><\/p>\n<h1>\n\t\t15 X 5 Meter blaues Wasser unter der Sonne der Provence<br \/>\n\t<\/h1>\n<p>&#8230; Alles steht bereit, damit dieser Moment der Ruhe au\u00dfergew\u00f6hnlich wird.<\/p>\n<p>\t<a href=\"https:\/\/www.domaine-des-eissartenes.com\/de\/reservierungen\/\" target=\"_self\" role=\"button\"><br \/>\n\t\t\t\tEine Ferienwohnung reservieren und vom Pool profitieren.<br \/>\n\t\t\t<\/a><\/p>\n<h2>\n\t\tEntdecken Sie unsere 4 Ferienwohnungen in der gr\u00fcnen Provence<br \/>\n\t<\/h2>\n<p>\t\t\t<a href=\"https:\/\/www.domaine-des-eissartenes.com\/de\/die-ferienwohnungen\/\" target=\"_self\" role=\"button\"><br \/>\n\t\t\t\t\t\tDie Ferienwohnungen der Domaine ansehen<br \/>\n\t\t\t\t\t<\/a><\/p>\n","protected":false},"excerpt":{"rendered":"<p>Der Pool Badevergn\u00fcgen unter der Sonne der Provence! Wer hat davon noch nie getr\u00e4umt? Genie\u00dfen Sie die traumhafte Umgebung rund um den Pool und schwelgen Sie in den einzigartigen D\u00fcften &#8230; JA nat\u00fcrlich, aber man ben\u00f6tigt dazu einen richtigen Pool! Und den bieten wir Ihnen: Ein Pool von fast 15 Metern L\u00e4nge und mehr als&hellip;<\/p>\n","protected":false},"author":2,"featured_media":0,"parent":0,"menu_order":0,"comment_status":"closed","ping_status":"closed","template":"","meta":{"_acf_changed":false,"footnotes":""},"class_list":["post-1076","page","type-page","status-publish","hentry"],"acf":[],"yoast_head":"<!-- This site is optimized with the Yoast SEO plugin v27.4 - https:\/\/yoast.com\/product\/yoast-seo-wordpress\/ -->\n<title>Der Pool - Domaine des Eissartenes<\/title>\n<meta name=\"description\" content=\"Der Pool Badevergn\u00fcgen unter der Sonne der Provence! Wer hat davon noch nie getr\u00e4umt? Genie\u00dfen Sie die traumhafte Umgebung rund um den Pool und schwelgen\" \/>\n<meta name=\"robots\" content=\"index, follow, max-snippet:-1, max-image-preview:large, max-video-preview:-1\" \/>\n<link rel=\"canonical\" href=\"https:\/\/www.domaine-des-eissartenes.com\/de\/der-pool\/\" \/>\n<meta property=\"og:locale\" content=\"de_DE\" \/>\n<meta property=\"og:type\" content=\"article\" \/>\n<meta property=\"og:title\" content=\"Der Pool - Domaine des Eissartenes\" \/>\n<meta property=\"og:description\" content=\"Der Pool Badevergn\u00fcgen unter der Sonne der Provence! Wer hat davon noch nie getr\u00e4umt? Genie\u00dfen Sie die traumhafte Umgebung rund um den Pool und schwelgen\" \/>\n<meta property=\"og:url\" content=\"https:\/\/www.domaine-des-eissartenes.com\/de\/der-pool\/\" \/>\n<meta property=\"og:site_name\" content=\"Domaine des Eissartenes\" \/>\n<meta property=\"article:modified_time\" content=\"2018-05-16T19:25:44+00:00\" \/>\n<meta property=\"og:image\" content=\"https:\/\/www.domaine-des-eissartenes.com\/wp-content\/uploads\/2018\/03\/icon-piscine.png\" \/>\n<meta name=\"twitter:card\" content=\"summary_large_image\" \/>\n<meta name=\"twitter:label1\" content=\"Gesch\u00e4tzte Lesezeit\" \/>\n\t<meta name=\"twitter:data1\" content=\"2\u00a0Minuten\" \/>\n<script type=\"application\/ld+json\" class=\"yoast-schema-graph\">{\"@context\":\"https:\\\/\\\/schema.org\",\"@graph\":[{\"@type\":\"WebPage\",\"@id\":\"https:\\\/\\\/www.domaine-des-eissartenes.com\\\/de\\\/der-pool\\\/\",\"url\":\"https:\\\/\\\/www.domaine-des-eissartenes.com\\\/de\\\/der-pool\\\/\",\"name\":\"Der Pool - Domaine des Eissartenes\",\"isPartOf\":{\"@id\":\"https:\\\/\\\/www.domaine-des-eissartenes.com\\\/de\\\/#website\"},\"primaryImageOfPage\":{\"@id\":\"https:\\\/\\\/www.domaine-des-eissartenes.com\\\/de\\\/der-pool\\\/#primaryimage\"},\"image\":{\"@id\":\"https:\\\/\\\/www.domaine-des-eissartenes.com\\\/de\\\/der-pool\\\/#primaryimage\"},\"thumbnailUrl\":\"https:\\\/\\\/www.domaine-des-eissartenes.com\\\/wp-content\\\/uploads\\\/2018\\\/03\\\/icon-piscine.png\",\"datePublished\":\"2018-05-15T13:14:22+00:00\",\"dateModified\":\"2018-05-16T19:25:44+00:00\",\"description\":\"Der Pool Badevergn\u00fcgen unter der Sonne der Provence! Wer hat davon noch nie getr\u00e4umt? Genie\u00dfen Sie die traumhafte Umgebung rund um den Pool und schwelgen\",\"breadcrumb\":{\"@id\":\"https:\\\/\\\/www.domaine-des-eissartenes.com\\\/de\\\/der-pool\\\/#breadcrumb\"},\"inLanguage\":\"de\",\"potentialAction\":[{\"@type\":\"ReadAction\",\"target\":[\"https:\\\/\\\/www.domaine-des-eissartenes.com\\\/de\\\/der-pool\\\/\"]}]},{\"@type\":\"ImageObject\",\"inLanguage\":\"de\",\"@id\":\"https:\\\/\\\/www.domaine-des-eissartenes.com\\\/de\\\/der-pool\\\/#primaryimage\",\"url\":\"https:\\\/\\\/www.domaine-des-eissartenes.com\\\/wp-content\\\/uploads\\\/2018\\\/03\\\/icon-piscine.png\",\"contentUrl\":\"https:\\\/\\\/www.domaine-des-eissartenes.com\\\/wp-content\\\/uploads\\\/2018\\\/03\\\/icon-piscine.png\"},{\"@type\":\"BreadcrumbList\",\"@id\":\"https:\\\/\\\/www.domaine-des-eissartenes.com\\\/de\\\/der-pool\\\/#breadcrumb\",\"itemListElement\":[{\"@type\":\"ListItem\",\"position\":1,\"name\":\"Startseite\",\"item\":\"https:\\\/\\\/www.domaine-des-eissartenes.com\\\/de\\\/\"},{\"@type\":\"ListItem\",\"position\":2,\"name\":\"Der Pool\"}]},{\"@type\":\"WebSite\",\"@id\":\"https:\\\/\\\/www.domaine-des-eissartenes.com\\\/de\\\/#website\",\"url\":\"https:\\\/\\\/www.domaine-des-eissartenes.com\\\/de\\\/\",\"name\":\"Domaine des Eissartenes\",\"description\":\"Vermietung von Gites mit Service - Coteaux Varois en Provence\",\"potentialAction\":[{\"@type\":\"SearchAction\",\"target\":{\"@type\":\"EntryPoint\",\"urlTemplate\":\"https:\\\/\\\/www.domaine-des-eissartenes.com\\\/de\\\/?s={search_term_string}\"},\"query-input\":{\"@type\":\"PropertyValueSpecification\",\"valueRequired\":true,\"valueName\":\"search_term_string\"}}],\"inLanguage\":\"de\"}]}<\/script>\n<!-- \/ Yoast SEO plugin. -->","yoast_head_json":{"title":"Der Pool - Domaine des Eissartenes","description":"Der Pool Badevergn\u00fcgen unter der Sonne der Provence! Wer hat davon noch nie getr\u00e4umt? Genie\u00dfen Sie die traumhafte Umgebung rund um den Pool und schwelgen","robots":{"index":"index","follow":"follow","max-snippet":"max-snippet:-1","max-image-preview":"max-image-preview:large","max-video-preview":"max-video-preview:-1"},"canonical":"https:\/\/www.domaine-des-eissartenes.com\/de\/der-pool\/","og_locale":"de_DE","og_type":"article","og_title":"Der Pool - Domaine des Eissartenes","og_description":"Der Pool Badevergn\u00fcgen unter der Sonne der Provence! Wer hat davon noch nie getr\u00e4umt? Genie\u00dfen Sie die traumhafte Umgebung rund um den Pool und schwelgen","og_url":"https:\/\/www.domaine-des-eissartenes.com\/de\/der-pool\/","og_site_name":"Domaine des Eissartenes","article_modified_time":"2018-05-16T19:25:44+00:00","og_image":[{"url":"https:\/\/www.domaine-des-eissartenes.com\/wp-content\/uploads\/2018\/03\/icon-piscine.png","type":"","width":"","height":""}],"twitter_card":"summary_large_image","twitter_misc":{"Gesch\u00e4tzte Lesezeit":"2\u00a0Minuten"},"schema":{"@context":"https:\/\/schema.org","@graph":[{"@type":"WebPage","@id":"https:\/\/www.domaine-des-eissartenes.com\/de\/der-pool\/","url":"https:\/\/www.domaine-des-eissartenes.com\/de\/der-pool\/","name":"Der Pool - Domaine des Eissartenes","isPartOf":{"@id":"https:\/\/www.domaine-des-eissartenes.com\/de\/#website"},"primaryImageOfPage":{"@id":"https:\/\/www.domaine-des-eissartenes.com\/de\/der-pool\/#primaryimage"},"image":{"@id":"https:\/\/www.domaine-des-eissartenes.com\/de\/der-pool\/#primaryimage"},"thumbnailUrl":"https:\/\/www.domaine-des-eissartenes.com\/wp-content\/uploads\/2018\/03\/icon-piscine.png","datePublished":"2018-05-15T13:14:22+00:00","dateModified":"2018-05-16T19:25:44+00:00","description":"Der Pool Badevergn\u00fcgen unter der Sonne der Provence! Wer hat davon noch nie getr\u00e4umt? Genie\u00dfen Sie die traumhafte Umgebung rund um den Pool und schwelgen","breadcrumb":{"@id":"https:\/\/www.domaine-des-eissartenes.com\/de\/der-pool\/#breadcrumb"},"inLanguage":"de","potentialAction":[{"@type":"ReadAction","target":["https:\/\/www.domaine-des-eissartenes.com\/de\/der-pool\/"]}]},{"@type":"ImageObject","inLanguage":"de","@id":"https:\/\/www.domaine-des-eissartenes.com\/de\/der-pool\/#primaryimage","url":"https:\/\/www.domaine-des-eissartenes.com\/wp-content\/uploads\/2018\/03\/icon-piscine.png","contentUrl":"https:\/\/www.domaine-des-eissartenes.com\/wp-content\/uploads\/2018\/03\/icon-piscine.png"},{"@type":"BreadcrumbList","@id":"https:\/\/www.domaine-des-eissartenes.com\/de\/der-pool\/#breadcrumb","itemListElement":[{"@type":"ListItem","position":1,"name":"Startseite","item":"https:\/\/www.domaine-des-eissartenes.com\/de\/"},{"@type":"ListItem","position":2,"name":"Der Pool"}]},{"@type":"WebSite","@id":"https:\/\/www.domaine-des-eissartenes.com\/de\/#website","url":"https:\/\/www.domaine-des-eissartenes.com\/de\/","name":"Domaine des Eissartenes","description":"Vermietung von Gites mit Service - Coteaux Varois en Provence","potentialAction":[{"@type":"SearchAction","target":{"@type":"EntryPoint","urlTemplate":"https:\/\/www.domaine-des-eissartenes.com\/de\/?s={search_term_string}"},"query-input":{"@type":"PropertyValueSpecification","valueRequired":true,"valueName":"search_term_string"}}],"inLanguage":"de"}]}},"_links":{"self":[{"href":"https:\/\/www.domaine-des-eissartenes.com\/de\/wp-json\/wp\/v2\/pages\/1076","targetHints":{"allow":["GET"]}}],"collection":[{"href":"https:\/\/www.domaine-des-eissartenes.com\/de\/wp-json\/wp\/v2\/pages"}],"about":[{"href":"https:\/\/www.domaine-des-eissartenes.com\/de\/wp-json\/wp\/v2\/types\/page"}],"author":[{"embeddable":true,"href":"https:\/\/www.domaine-des-eissartenes.com\/de\/wp-json\/wp\/v2\/users\/2"}],"replies":[{"embeddable":true,"href":"https:\/\/www.domaine-des-eissartenes.com\/de\/wp-json\/wp\/v2\/comments?post=1076"}],"version-history":[{"count":0,"href":"https:\/\/www.domaine-des-eissartenes.com\/de\/wp-json\/wp\/v2\/pages\/1076\/revisions"}],"wp:attachment":[{"href":"https:\/\/www.domaine-des-eissartenes.com\/de\/wp-json\/wp\/v2\/media?parent=1076"}],"curies":[{"name":"wp","href":"https:\/\/api.w.org\/{rel}","templated":true}]}}