{"id":1072,"date":"2018-05-15T15:13:34","date_gmt":"2018-05-15T13:13:34","guid":{"rendered":"https:\/\/www.domaine-des-eissartenes.com\/die-ferienwohnung-saturne\/"},"modified":"2025-09-29T12:21:25","modified_gmt":"2025-09-29T10:21:25","slug":"die-ferienwohnung-saturne","status":"publish","type":"page","link":"https:\/\/www.domaine-des-eissartenes.com\/de\/die-ferienwohnung-saturne\/","title":{"rendered":"Die Ferienwohnung Saturne"},"content":{"rendered":"\n<h1>\n\t\t\tDie Ferienwohnung SATURNE\t<\/h1>\n<h2>\n\t\t\tLeistungen f\u00fcr diese Ferienwohnung\t<\/h2>\n\t<p>Fl\u00e4che: <strong>Maisonette 50 m\u00b2<\/strong><\/p>\n\t<p>Personen: <strong>2<\/strong><\/p>\n\tWohnraum &#8211; Essecke &#8211; K\u00fcche<br \/>\nBad &#8211; WC\n\t<p>Garten \/ Terrasse<\/p>\n\t<p>TV<\/p>\n\t<p>WLAN-Verst\u00e4rker<\/p>\n\t\t<h2>\n\t\t\tDie Ferienwohnung Saturne\n\t\t<\/h2>\n\t\t\t<p>Maisonette 50 m\u00b2<\/p>\t\t\nEs handelt sich um eine Ferienwohnung f\u00fcr zwei Personen mit einem ger\u00e4umigen Schlafzimmer im Obergeschoss, einem Wohnzimmer mit K\u00fcche im Erdgeschoss und einer Terrasse mit Liegest\u00fchlen und einem Tisch f\u00fcr Ihre Mahlzeiten. Die Ausstattung der K\u00fcche und des Badezimmers ist in all unseren Ferienwohnungen identisch. Das Zimmer ist mit zwei Einzelbetten ausgestattet. Es ist klimatisiert, da einige N\u00e4chte im Sommer ziemlich hei\u00df sein k\u00f6nnen.<br \/>\nDas Zimmer und das Wohnzimmer \u00f6ffnen entweder auf die Terrasse oder auf den Olivenhain, der von der aufgehenden Sonne gebadet wird.<br \/>\n<img loading=\"lazy\" decoding=\"async\" src=\"http:\/\/www.domaine-des-eissartenes.com\/wp-content\/uploads\/2018\/04\/plan-du-gite-saturne.jpg\" alt=\"Die Ferienwohnung Saturne\" width=\"235\" height=\"143\" \/>Wie in all unsere Ferienwohnungen ist die Dekoration schlicht und die Farben diskret. Sie atmen die Provence und ihre au\u00dfergew\u00f6hnlichen D\u00fcfte.<br \/>\nDie Terrasse blickt auf den gepflegten Garten und den Boulesplatz. Ein kleiner gepflasterter Pfad bringt Sie zum Pool.\n<h2>\n\t\t\tDie Ferienwohnung Saturne in Bildern\t<\/h2>\n                                    <a href=\"https:\/\/www.domaine-des-eissartenes.com\/wp-content\/uploads\/2022\/11\/Saturne-9-1024x768.jpg\" target=\"_self\" data-caption=\"\">\n                    <img decoding=\"async\" src=\"http:\/\/www.domaine-des-eissartenes.com\/wp-content\/uploads\/2022\/11\/Saturne-9-scaled.jpg\" alt=\"\" \/>\n                                    <\/a>\n                            <a href=\"https:\/\/www.domaine-des-eissartenes.com\/wp-content\/uploads\/2018\/04\/coffre-fort-gite-saturne.jpg\" target=\"_self\" data-caption=\"\">\n                    <img decoding=\"async\" src=\"https:\/\/www.domaine-des-eissartenes.com\/wp-content\/uploads\/2018\/04\/coffre-fort-gite-saturne.jpg\" alt=\"\" \/>\n                                    <\/a>\n                            <a href=\"https:\/\/www.domaine-des-eissartenes.com\/wp-content\/uploads\/2018\/04\/gite-saturne.jpg\" target=\"_self\" data-caption=\"\">\n                    <img decoding=\"async\" src=\"https:\/\/www.domaine-des-eissartenes.com\/wp-content\/uploads\/2018\/04\/gite-saturne.jpg\" alt=\"\" \/>\n                                    <\/a>\n                            <a href=\"https:\/\/www.domaine-des-eissartenes.com\/wp-content\/uploads\/2018\/04\/terrasse-gite-saturne.jpg\" target=\"_self\" data-caption=\"\">\n                    <img decoding=\"async\" src=\"https:\/\/www.domaine-des-eissartenes.com\/wp-content\/uploads\/2018\/04\/terrasse-gite-saturne.jpg\" alt=\"\" \/>\n                                    <\/a>\n                            <a href=\"https:\/\/www.domaine-des-eissartenes.com\/wp-content\/uploads\/2018\/04\/etage-gite-saturne-1.jpg\" target=\"_self\" data-caption=\"\">\n                    <img decoding=\"async\" src=\"https:\/\/www.domaine-des-eissartenes.com\/wp-content\/uploads\/2018\/04\/etage-gite-saturne-1.jpg\" alt=\"\" \/>\n                                    <\/a>\n            <nav>\n    \t\t<button>Previous<\/button>\n    \t\t<button>Next<\/button>\n    \t<\/nav>\n\t\t\t\t\t<h2>Preise<\/h2> Preis \/ Woche<ul role=\"list\"><li role=\"listitem\">Vom 6. Juni bis zum 13. Juni <br \/><strong>700,00 \u20ac<\/strong><\/li><li role=\"listitem\">Vom 13. Juni bis zum 4. Juli <br \/><strong>900,00 \u20ac<\/strong><\/li><li role=\"listitem\">Vom 4. Juli bis zum 12. September <br \/><strong>1000,00 \u20ac<\/strong><\/li><\/ul>\n\t\t\t<a href=\"http:\/\/www.domaine-des-eissartenes.com\/reservations\/\" target=\"_self\">\n\t\t\t\t\t\t\tReservieren\n\t\t\t<\/a>\n<h2>\n\t\t\tDie Ferienwohnung Saturne &#8211; f\u00fcr 2 Personen\t<\/h2>\n\t\t<h3>Entspricht diese Ferienwohnung Ihren Erwartungen?<\/h3>\n\t\t<p>Dann z\u00f6gern Sie nicht, sie zu reservieren<\/p>\n\t\t\t<a href=\"http:\/\/www.domaine-des-eissartenes.com\/reservations\/\" target=\"_self\">\n\t\t\t\t\t\t\tReservierung\n\t\t\t<\/a>\n\t<a href=\"http:\/\/www.domaine-des-eissartenes.com\/les-gites\/\" target=\"_self\" role=\"button\" aria-label=\"Die anderen Ferienwohnungen ansehen\">\n\t\t\t\t\t\tDie anderen Ferienwohnungen ansehen\n\t\t\t<\/a>\n\n","protected":false},"excerpt":{"rendered":"<p>Die Ferienwohnung SATURNE Leistungen f\u00fcr diese Ferienwohnung Fl\u00e4che: Maisonette 50 m\u00b2 Personen: 2 Wohnraum &#8211; Essecke &#8211; K\u00fcche Bad &#8211; WC Garten \/ Terrasse TV WLAN-Verst\u00e4rker Die Ferienwohnung Saturne Maisonette 50 m\u00b2 Es handelt sich um eine Ferienwohnung f\u00fcr zwei Personen mit einem ger\u00e4umigen Schlafzimmer im Obergeschoss, einem Wohnzimmer mit K\u00fcche im Erdgeschoss und einer&hellip;<\/p>\n","protected":false},"author":2,"featured_media":1203,"parent":0,"menu_order":0,"comment_status":"closed","ping_status":"closed","template":"","meta":{"_acf_changed":false,"footnotes":""},"class_list":["post-1072","page","type-page","status-publish","has-post-thumbnail","hentry"],"acf":[],"yoast_head":"<!-- This site is optimized with the Yoast SEO plugin v27.4 - https:\/\/yoast.com\/product\/yoast-seo-wordpress\/ -->\n<title>Die Ferienwohnung Saturne - Domaine des Eissartenes<\/title>\n<meta name=\"description\" content=\"Die Ferienwohnung SATURNE Leistungen f\u00fcr diese Ferienwohnung Fl\u00e4che: Maisonette 50 m\u00b2 Personen: 2 Wohnraum - Essecke - K\u00fcche Bad - WC Garten \/ Terrasse TV\" \/>\n<meta name=\"robots\" content=\"index, follow, max-snippet:-1, max-image-preview:large, max-video-preview:-1\" \/>\n<link rel=\"canonical\" href=\"https:\/\/www.domaine-des-eissartenes.com\/de\/die-ferienwohnung-saturne\/\" \/>\n<meta property=\"og:locale\" content=\"de_DE\" \/>\n<meta property=\"og:type\" content=\"article\" \/>\n<meta property=\"og:title\" content=\"Die Ferienwohnung Saturne - Domaine des Eissartenes\" \/>\n<meta property=\"og:description\" content=\"Die Ferienwohnung SATURNE Leistungen f\u00fcr diese Ferienwohnung Fl\u00e4che: Maisonette 50 m\u00b2 Personen: 2 Wohnraum - Essecke - K\u00fcche Bad - WC Garten \/ Terrasse TV\" \/>\n<meta property=\"og:url\" content=\"https:\/\/www.domaine-des-eissartenes.com\/de\/die-ferienwohnung-saturne\/\" \/>\n<meta property=\"og:site_name\" content=\"Domaine des Eissartenes\" \/>\n<meta property=\"article:modified_time\" content=\"2025-09-29T10:21:25+00:00\" \/>\n<meta property=\"og:image\" content=\"https:\/\/www.domaine-des-eissartenes.com\/wp-content\/uploads\/2018\/03\/gite-saturne.jpg\" \/>\n\t<meta property=\"og:image:width\" content=\"280\" \/>\n\t<meta property=\"og:image:height\" content=\"210\" \/>\n\t<meta property=\"og:image:type\" content=\"image\/jpeg\" \/>\n<meta name=\"twitter:card\" content=\"summary_large_image\" \/>\n<meta name=\"twitter:label1\" content=\"Gesch\u00e4tzte Lesezeit\" \/>\n\t<meta name=\"twitter:data1\" content=\"1\u00a0Minute\" \/>\n<script type=\"application\/ld+json\" class=\"yoast-schema-graph\">{\"@context\":\"https:\\\/\\\/schema.org\",\"@graph\":[{\"@type\":\"WebPage\",\"@id\":\"https:\\\/\\\/www.domaine-des-eissartenes.com\\\/de\\\/die-ferienwohnung-saturne\\\/\",\"url\":\"https:\\\/\\\/www.domaine-des-eissartenes.com\\\/de\\\/die-ferienwohnung-saturne\\\/\",\"name\":\"Die Ferienwohnung Saturne - Domaine des Eissartenes\",\"isPartOf\":{\"@id\":\"https:\\\/\\\/www.domaine-des-eissartenes.com\\\/de\\\/#website\"},\"primaryImageOfPage\":{\"@id\":\"https:\\\/\\\/www.domaine-des-eissartenes.com\\\/de\\\/die-ferienwohnung-saturne\\\/#primaryimage\"},\"image\":{\"@id\":\"https:\\\/\\\/www.domaine-des-eissartenes.com\\\/de\\\/die-ferienwohnung-saturne\\\/#primaryimage\"},\"thumbnailUrl\":\"https:\\\/\\\/www.domaine-des-eissartenes.com\\\/wp-content\\\/uploads\\\/2018\\\/03\\\/gite-saturne.jpg\",\"datePublished\":\"2018-05-15T13:13:34+00:00\",\"dateModified\":\"2025-09-29T10:21:25+00:00\",\"description\":\"Die Ferienwohnung SATURNE Leistungen f\u00fcr diese Ferienwohnung Fl\u00e4che: Maisonette 50 m\u00b2 Personen: 2 Wohnraum - Essecke - K\u00fcche Bad - WC Garten \\\/ Terrasse TV\",\"breadcrumb\":{\"@id\":\"https:\\\/\\\/www.domaine-des-eissartenes.com\\\/de\\\/die-ferienwohnung-saturne\\\/#breadcrumb\"},\"inLanguage\":\"de\",\"potentialAction\":[{\"@type\":\"ReadAction\",\"target\":[\"https:\\\/\\\/www.domaine-des-eissartenes.com\\\/de\\\/die-ferienwohnung-saturne\\\/\"]}]},{\"@type\":\"ImageObject\",\"inLanguage\":\"de\",\"@id\":\"https:\\\/\\\/www.domaine-des-eissartenes.com\\\/de\\\/die-ferienwohnung-saturne\\\/#primaryimage\",\"url\":\"https:\\\/\\\/www.domaine-des-eissartenes.com\\\/wp-content\\\/uploads\\\/2018\\\/03\\\/gite-saturne.jpg\",\"contentUrl\":\"https:\\\/\\\/www.domaine-des-eissartenes.com\\\/wp-content\\\/uploads\\\/2018\\\/03\\\/gite-saturne.jpg\",\"width\":280,\"height\":210,\"caption\":\"gite saturne\"},{\"@type\":\"BreadcrumbList\",\"@id\":\"https:\\\/\\\/www.domaine-des-eissartenes.com\\\/de\\\/die-ferienwohnung-saturne\\\/#breadcrumb\",\"itemListElement\":[{\"@type\":\"ListItem\",\"position\":1,\"name\":\"Startseite\",\"item\":\"https:\\\/\\\/www.domaine-des-eissartenes.com\\\/de\\\/\"},{\"@type\":\"ListItem\",\"position\":2,\"name\":\"Die Ferienwohnung Saturne\"}]},{\"@type\":\"WebSite\",\"@id\":\"https:\\\/\\\/www.domaine-des-eissartenes.com\\\/de\\\/#website\",\"url\":\"https:\\\/\\\/www.domaine-des-eissartenes.com\\\/de\\\/\",\"name\":\"Domaine des Eissartenes\",\"description\":\"Vermietung von Gites mit Service - Coteaux Varois en Provence\",\"potentialAction\":[{\"@type\":\"SearchAction\",\"target\":{\"@type\":\"EntryPoint\",\"urlTemplate\":\"https:\\\/\\\/www.domaine-des-eissartenes.com\\\/de\\\/?s={search_term_string}\"},\"query-input\":{\"@type\":\"PropertyValueSpecification\",\"valueRequired\":true,\"valueName\":\"search_term_string\"}}],\"inLanguage\":\"de\"}]}<\/script>\n<!-- \/ Yoast SEO plugin. -->","yoast_head_json":{"title":"Die Ferienwohnung Saturne - Domaine des Eissartenes","description":"Die Ferienwohnung SATURNE Leistungen f\u00fcr diese Ferienwohnung Fl\u00e4che: Maisonette 50 m\u00b2 Personen: 2 Wohnraum - Essecke - K\u00fcche Bad - WC Garten \/ Terrasse TV","robots":{"index":"index","follow":"follow","max-snippet":"max-snippet:-1","max-image-preview":"max-image-preview:large","max-video-preview":"max-video-preview:-1"},"canonical":"https:\/\/www.domaine-des-eissartenes.com\/de\/die-ferienwohnung-saturne\/","og_locale":"de_DE","og_type":"article","og_title":"Die Ferienwohnung Saturne - Domaine des Eissartenes","og_description":"Die Ferienwohnung SATURNE Leistungen f\u00fcr diese Ferienwohnung Fl\u00e4che: Maisonette 50 m\u00b2 Personen: 2 Wohnraum - Essecke - K\u00fcche Bad - WC Garten \/ Terrasse TV","og_url":"https:\/\/www.domaine-des-eissartenes.com\/de\/die-ferienwohnung-saturne\/","og_site_name":"Domaine des Eissartenes","article_modified_time":"2025-09-29T10:21:25+00:00","og_image":[{"width":280,"height":210,"url":"https:\/\/www.domaine-des-eissartenes.com\/wp-content\/uploads\/2018\/03\/gite-saturne.jpg","type":"image\/jpeg"}],"twitter_card":"summary_large_image","twitter_misc":{"Gesch\u00e4tzte Lesezeit":"1\u00a0Minute"},"schema":{"@context":"https:\/\/schema.org","@graph":[{"@type":"WebPage","@id":"https:\/\/www.domaine-des-eissartenes.com\/de\/die-ferienwohnung-saturne\/","url":"https:\/\/www.domaine-des-eissartenes.com\/de\/die-ferienwohnung-saturne\/","name":"Die Ferienwohnung Saturne - Domaine des Eissartenes","isPartOf":{"@id":"https:\/\/www.domaine-des-eissartenes.com\/de\/#website"},"primaryImageOfPage":{"@id":"https:\/\/www.domaine-des-eissartenes.com\/de\/die-ferienwohnung-saturne\/#primaryimage"},"image":{"@id":"https:\/\/www.domaine-des-eissartenes.com\/de\/die-ferienwohnung-saturne\/#primaryimage"},"thumbnailUrl":"https:\/\/www.domaine-des-eissartenes.com\/wp-content\/uploads\/2018\/03\/gite-saturne.jpg","datePublished":"2018-05-15T13:13:34+00:00","dateModified":"2025-09-29T10:21:25+00:00","description":"Die Ferienwohnung SATURNE Leistungen f\u00fcr diese Ferienwohnung Fl\u00e4che: Maisonette 50 m\u00b2 Personen: 2 Wohnraum - Essecke - K\u00fcche Bad - WC Garten \/ Terrasse TV","breadcrumb":{"@id":"https:\/\/www.domaine-des-eissartenes.com\/de\/die-ferienwohnung-saturne\/#breadcrumb"},"inLanguage":"de","potentialAction":[{"@type":"ReadAction","target":["https:\/\/www.domaine-des-eissartenes.com\/de\/die-ferienwohnung-saturne\/"]}]},{"@type":"ImageObject","inLanguage":"de","@id":"https:\/\/www.domaine-des-eissartenes.com\/de\/die-ferienwohnung-saturne\/#primaryimage","url":"https:\/\/www.domaine-des-eissartenes.com\/wp-content\/uploads\/2018\/03\/gite-saturne.jpg","contentUrl":"https:\/\/www.domaine-des-eissartenes.com\/wp-content\/uploads\/2018\/03\/gite-saturne.jpg","width":280,"height":210,"caption":"gite saturne"},{"@type":"BreadcrumbList","@id":"https:\/\/www.domaine-des-eissartenes.com\/de\/die-ferienwohnung-saturne\/#breadcrumb","itemListElement":[{"@type":"ListItem","position":1,"name":"Startseite","item":"https:\/\/www.domaine-des-eissartenes.com\/de\/"},{"@type":"ListItem","position":2,"name":"Die Ferienwohnung Saturne"}]},{"@type":"WebSite","@id":"https:\/\/www.domaine-des-eissartenes.com\/de\/#website","url":"https:\/\/www.domaine-des-eissartenes.com\/de\/","name":"Domaine des Eissartenes","description":"Vermietung von Gites mit Service - Coteaux Varois en Provence","potentialAction":[{"@type":"SearchAction","target":{"@type":"EntryPoint","urlTemplate":"https:\/\/www.domaine-des-eissartenes.com\/de\/?s={search_term_string}"},"query-input":{"@type":"PropertyValueSpecification","valueRequired":true,"valueName":"search_term_string"}}],"inLanguage":"de"}]}},"_links":{"self":[{"href":"https:\/\/www.domaine-des-eissartenes.com\/de\/wp-json\/wp\/v2\/pages\/1072","targetHints":{"allow":["GET"]}}],"collection":[{"href":"https:\/\/www.domaine-des-eissartenes.com\/de\/wp-json\/wp\/v2\/pages"}],"about":[{"href":"https:\/\/www.domaine-des-eissartenes.com\/de\/wp-json\/wp\/v2\/types\/page"}],"author":[{"embeddable":true,"href":"https:\/\/www.domaine-des-eissartenes.com\/de\/wp-json\/wp\/v2\/users\/2"}],"replies":[{"embeddable":true,"href":"https:\/\/www.domaine-des-eissartenes.com\/de\/wp-json\/wp\/v2\/comments?post=1072"}],"version-history":[{"count":0,"href":"https:\/\/www.domaine-des-eissartenes.com\/de\/wp-json\/wp\/v2\/pages\/1072\/revisions"}],"wp:featuredmedia":[{"embeddable":true,"href":"https:\/\/www.domaine-des-eissartenes.com\/de\/wp-json\/wp\/v2\/media\/1203"}],"wp:attachment":[{"href":"https:\/\/www.domaine-des-eissartenes.com\/de\/wp-json\/wp\/v2\/media?parent=1072"}],"curies":[{"name":"wp","href":"https:\/\/api.w.org\/{rel}","templated":true}]}}