{"id":1070,"date":"2018-05-15T15:13:11","date_gmt":"2018-05-15T13:13:11","guid":{"rendered":"https:\/\/www.domaine-des-eissartenes.com\/die-ferienwohnungen\/"},"modified":"2023-11-15T09:05:44","modified_gmt":"2023-11-15T08:05:44","slug":"die-ferienwohnungen","status":"publish","type":"page","link":"https:\/\/www.domaine-des-eissartenes.com\/de\/die-ferienwohnungen\/","title":{"rendered":"Die Ferienwohnungen"},"content":{"rendered":"\n\n\t<h1>\n\t\t\t\t\tUnsere 4 Ferienwohnungen\n\t\t\t\tPreview text\t\t\t\n\t\t\t<\/h1>\n\t\t\t\t\t\t\t\t\t\t\t\t<h3> Die Ferienwohnung SOLEIL<br \/>&nbsp;<br \/>&nbsp; <\/h3>\n\t\t\t\t\t\t<p>Fl\u00e4che : <strong>57 m\u00b2<\/strong><br \/>Personen : <strong>2 \/ 3<\/strong><br \/>Wohnraum &#8211; Essecke &#8211; K\u00fcche<br \/>Bad &#8211; getrenntes WC<br \/>Garten \/ Terrasse<br \/>TV<br \/>WLAN-Verst\u00e4rker<img loading=\"lazy\" decoding=\"async\" src=\"https:\/\/www.domaine-des-eissartenes.com\/wp-content\/uploads\/2018\/03\/gite-soleil.jpg\" alt=\"Gite soleil\" width=\"250\" height=\"188\" \/><\/p>\t\t\t\t\t\n\t\t\t\t\t\t\t\t\t\t\t\t<h3>Die Ferienwohnung Soleil<\/h3>\n\t\t\t\t\t\t<h2><img loading=\"lazy\" decoding=\"async\" src=\"https:\/\/www.domaine-des-eissartenes.com\/wp-content\/uploads\/2018\/03\/gite-soleil-2.jpg\" alt=\"gite soleil -domaine des Eissartenes\" width=\"250\" height=\"188\" \/><\/h2><p>Am Morgen fr\u00fchst\u00fccken Sie dort. Am Abend k\u00f6nnen Sie den Sonnenuntergang \u00fcber den H\u00fcgeln rund um das Anwesen bewundern.<\/p>\t\t\t\t\t\n\t\t\t\t\t\t\t\t\t\t\t<a href=\"\/de\/die-ferienwohnung-soleil\/\" target=\"_self\" rel=\"noopener\">Weitere Infos<\/a>\n\t<a href=\"\/de\/die-ferienwohnung-soleil\/\" target=\"_self\" role=\"button\" aria-label=\"Entdecken\" rel=\"noopener\">\n\t\t\t\t\t\tEntdecken\n\t\t\t<\/a>\n\t\t\t\t\t\t\t\t\t\t\t\t<h3> Die Ferienwohnung LUNE oder Die Ferienwohnung LUNE + TERRE <\/h3>\n\t\t\t\t\t\t<p>Fl\u00e4che : <strong>47m\u00b2 <\/strong>oder <strong>72m\u00b2<\/strong><strong><br \/><\/strong>Personen :\u00a0 <strong>2 <\/strong>oder<strong>\u00a03-5<br \/><\/strong>Wohnraum &#8211; Essecke &#8211; K\u00fcche<br \/>Bad &#8211; WC &#8211; Garten \/ Terrasse -TV<br \/>WLAN-Verst\u00e4rker<img loading=\"lazy\" decoding=\"async\" src=\"https:\/\/www.domaine-des-eissartenes.com\/wp-content\/uploads\/2022\/11\/Lune-2-300x225.jpg\" alt=\"Gite Lune\" width=\"300\" height=\"225\" \/><\/p>\t\t\t\t\t\n\t\t\t\t\t\t\t\t\t\t\t\t<h3>Die Ferienwohnung Lune<\/h3>\n\t\t\t\t\t\t<p><img loading=\"lazy\" decoding=\"async\" src=\"https:\/\/www.domaine-des-eissartenes.com\/wp-content\/uploads\/2022\/11\/Lune-1-1-300x225.jpg\" alt=\"\" width=\"300\" height=\"225\" \/><br \/>Ein ger\u00e4umiges Wohnzimmer geht auf die Terrasse mit Liegest\u00fchlen. Dort genie\u00dfen Sie den Blick auf die Berge, die an das Anwesen grenzen &#8230;<\/p>\t\t\t\t\t\n\t\t\t\t\t\t\t\t\t\t\t<a href=\"\/de\/die-ferienwohnung-lune\/\" target=\"_self\" rel=\"noopener\">Weitere Infos<\/a>\n\t<a href=\"\/de\/die-ferienwohnung-lune\/\" target=\"_self\" role=\"button\" aria-label=\"Entdecken\" rel=\"noopener\">\n\t\t\t\t\t\tEntdecken\n\t\t\t<\/a>\n\t\t\t\t\t\t\t\t\t\t\t\t<h3> Die Ferienwohnung SATURNE<br \/>&nbsp; <\/h3>\n\t\t\t\t\t\t<p>Fl\u00e4che : <strong>Maisonette 50 m\u00b2<\/strong><br \/>Personen : <strong>2<\/strong><br \/>Wohnraum &#8211; Essecke &#8211; K\u00fcche<br \/>Bad &#8211; WC<br \/>Garten \/ Terrasse<br \/>TV<br \/>WLAN-Verst\u00e4rker<img loading=\"lazy\" decoding=\"async\" src=\"https:\/\/www.domaine-des-eissartenes.com\/wp-content\/uploads\/2022\/11\/Saturne-9-300x225.jpg\" alt=\"\" width=\"300\" height=\"225\" \/><\/p>\t\t\t\t\t\n\t\t\t\t\t\t\t\t\t\t\t\t<h3>Die Ferienwohnung Saturne<\/h3>\n\t\t\t\t\t\t<p><img loading=\"lazy\" decoding=\"async\" src=\"https:\/\/www.domaine-des-eissartenes.com\/wp-content\/uploads\/2018\/03\/gite-saturne-2.jpg\" alt=\"Die Ferienwohnung Saturne\" width=\"280\" height=\"210\" \/><br \/><br \/>Es handelt sich um eine Ferienwohnung f\u00fcr zwei Personen mit einem ger\u00e4umigen Schlafzimmer im Obergeschoss, einem Wohnzimmer mit K\u00fcche im Erdgeschoss und einer Terrasse mit Liegest\u00fchlen und einem Tisch f\u00fcr Ihre Mahlzeiten.<\/p>\t\t\t\t\t\n\t\t\t\t\t\t\t\t\t\t\t<a href=\"\/de\/die-ferienwohnung-saturne\/\" target=\"_self\" rel=\"noopener\">Weitere Infos<\/a>\n\t<a href=\"\/de\/die-ferienwohnung-saturne\/\" target=\"_self\" role=\"button\" aria-label=\"Entdecken\" rel=\"noopener\">\n\t\t\t\t\t\tEntdecken\n\t\t\t<\/a>\n\t\t\t\t\t\t\t\t\t\t\t\t<h3> Die Ferienwohnung VENUS<br \/>&nbsp; <\/h3>\n\t\t\t\t\t\t<p>Fl\u00e4che : <strong>45 m\u00b2<\/strong><br \/>Personen :<strong> 2 \/ 4<\/strong><br \/>Wohnraum &#8211; Essecke &#8211; K\u00fcche<br \/>2 Doppelzimmer<br \/>Bad &#8211; getrenntes WC<br \/>Garten &#8211; Terrasse &#8211; TV<br \/>WLAN-Verst\u00e4rker<img loading=\"lazy\" decoding=\"async\" src=\"https:\/\/www.domaine-des-eissartenes.com\/wp-content\/uploads\/2022\/11\/Venus-3-300x225.jpg\" alt=\"\" width=\"300\" height=\"225\" \/><\/p>\t\t\t\t\t\n\t\t\t\t\t\t\t\t\t\t\t\t<h3>Die Ferienwohnung Venus<\/h3>\n\t\t\t\t\t\t<p><img loading=\"lazy\" decoding=\"async\" src=\"https:\/\/www.domaine-des-eissartenes.com\/wp-content\/uploads\/2018\/03\/gite-venus.jpg\" alt=\"Die Ferienwohnung Venus\" width=\"280\" height=\"210\" \/><br \/><br \/>Eine sch\u00f6ne Terrasse mit einem Tisch und vier St\u00fchlen, die von Maulbeer-, Oleander- und Olivenb\u00e4umen umgeben ist, l\u00e4dt Sie zu entspannten Mahlzeiten ein.<\/p>\t\t\t\t\t\n\t\t\t\t\t\t\t\t\t\t\t<a href=\"\/de\/die-ferienwohnung-venus\/\" target=\"_self\" rel=\"noopener\">Weitere Infos<\/a>\n\t<a href=\"\/de\/die-ferienwohnung-venus\/\" target=\"_self\" role=\"button\" aria-label=\"Entdecken\" rel=\"noopener\">\n\t\t\t\t\t\tEntdecken\n\t\t\t<\/a>\n\t<h3>WLAN<\/h3>\t\t\n\t\t\t<p>Ein WLAN-Verst\u00e4rker steht in allen Ferienwohnungen zur Verf\u00fcgung<\/p>\n\t<h3>Safe<\/h3>\t\t\n\t\t\t<p>Die Ferienwohnung ist mit einem Safe f\u00fcr Ihre Wertsachen ausgestattet.<\/p>\n\t<h3>Ein Fernseher<\/h3>\t\t\n\t\t\t<p>Sie haben Zugriff auf franz\u00f6sische aber auch zahlreiche ausl\u00e4ndische Sender.<\/p>\n\t\t\t\t<img decoding=\"async\" src=\"https:\/\/www.domaine-des-eissartenes.com\/wp-content\/uploads\/2018\/04\/linge.png\" alt=\"linge\" itemprop=\"image\" title=\"linge\" onerror=\"this.style.display='none'\"  \/>\n<h3>W\u00e4sche<\/h3>\t\t\n\t\t\t<p>Sie sind alle mit der notwendigen W\u00e4sche f\u00fcr die Betten, das Bad, die K\u00fcche und den Pool ausgestattet. Wir schlagen Ihnen vor, die Handt\u00fccher mittwochs zu wechseln. Jeden Samstag wechseln wir die Bettw\u00e4sche und Handt\u00fccher (Handt\u00fccher, Geschirrt\u00fccher etc.). F\u00fcr Ihre pers\u00f6nliche W\u00e4sche stehen Ihnen die Waschmaschine und der Trockner zur Verf\u00fcgung (5 \u20ac pro Maschine).<\/p>\n\t<h3>Ausstattung<\/h3>\t\t\n\t\t\t<p>Die K\u00fcche ist mit einem K\u00fchlschrank, einem Ofen mit Abzugshaube, einem Geschirrsp\u00fcler und allen notwendigen Ger\u00e4ten ausgestattet, um Ihren Aufenthalt so angenehm wie m\u00f6glich zu gestalten.<\/p>\n\t<h3>M\u00f6bel<\/h3>\t\t\n\t\t\t<p>Jede Ferienwohnung ist mit Sonnenliegen, einem Terrassentisch und St\u00fchlen ausgestattet. Wenn Sie m\u00f6chten, k\u00f6nnen Sie auch innen zu Mittag oder zu Abend essen. Ein Tisch und St\u00fchle sind f\u00fcr diesen Zweck vorgesehen.<\/p>\n\t\t\t<a href=\"\/de\/preise\/\" target=\"_self\" rel=\"noopener\">\n\t\t\t\t\t\t\tSiehe Preisliste aller Ferienwohnungen\n\t\t\t<\/a>\n\n","protected":false},"excerpt":{"rendered":"<p>Unsere 4 Ferienwohnungen Preview text Die Ferienwohnung SOLEIL&nbsp;&nbsp; Fl\u00e4che : 57 m\u00b2Personen : 2 \/ 3Wohnraum &#8211; Essecke &#8211; K\u00fccheBad &#8211; getrenntes WCGarten \/ TerrasseTVWLAN-Verst\u00e4rker Die Ferienwohnung Soleil Am Morgen fr\u00fchst\u00fccken Sie dort. Am Abend k\u00f6nnen Sie den Sonnenuntergang \u00fcber den H\u00fcgeln rund um das Anwesen bewundern. Weitere Infos Entdecken Die Ferienwohnung LUNE oder Die&hellip;<\/p>\n","protected":false},"author":2,"featured_media":0,"parent":0,"menu_order":0,"comment_status":"closed","ping_status":"closed","template":"","meta":{"_acf_changed":false,"footnotes":""},"class_list":["post-1070","page","type-page","status-publish","hentry"],"acf":[],"yoast_head":"<!-- This site is optimized with the Yoast SEO plugin v27.4 - https:\/\/yoast.com\/product\/yoast-seo-wordpress\/ -->\n<title>Die Ferienwohnungen - Domaine des Eissartenes<\/title>\n<meta name=\"description\" content=\"Unsere 4 Ferienwohnungen Preview text Die Ferienwohnung SOLEIL&nbsp;&nbsp; Fl\u00e4che : 57 m\u00b2Personen : 2 \/ 3Wohnraum - Essecke - K\u00fccheBad - getrenntes\" \/>\n<meta name=\"robots\" content=\"index, follow, max-snippet:-1, max-image-preview:large, max-video-preview:-1\" \/>\n<link rel=\"canonical\" href=\"https:\/\/www.domaine-des-eissartenes.com\/de\/die-ferienwohnungen\/\" \/>\n<meta property=\"og:locale\" content=\"de_DE\" \/>\n<meta property=\"og:type\" content=\"article\" \/>\n<meta property=\"og:title\" content=\"Die Ferienwohnungen - Domaine des Eissartenes\" \/>\n<meta property=\"og:description\" content=\"Unsere 4 Ferienwohnungen Preview text Die Ferienwohnung SOLEIL&nbsp;&nbsp; Fl\u00e4che : 57 m\u00b2Personen : 2 \/ 3Wohnraum - Essecke - K\u00fccheBad - getrenntes\" \/>\n<meta property=\"og:url\" content=\"https:\/\/www.domaine-des-eissartenes.com\/de\/die-ferienwohnungen\/\" \/>\n<meta property=\"og:site_name\" content=\"Domaine des Eissartenes\" \/>\n<meta property=\"article:modified_time\" content=\"2023-11-15T08:05:44+00:00\" \/>\n<meta property=\"og:image\" content=\"https:\/\/www.domaine-des-eissartenes.com\/wp-content\/uploads\/2018\/03\/gite-soleil.jpg\" \/>\n<meta name=\"twitter:card\" content=\"summary_large_image\" \/>\n<meta name=\"twitter:label1\" content=\"Gesch\u00e4tzte Lesezeit\" \/>\n\t<meta name=\"twitter:data1\" content=\"2\u00a0Minuten\" \/>\n<script type=\"application\/ld+json\" class=\"yoast-schema-graph\">{\"@context\":\"https:\\\/\\\/schema.org\",\"@graph\":[{\"@type\":\"WebPage\",\"@id\":\"https:\\\/\\\/www.domaine-des-eissartenes.com\\\/de\\\/die-ferienwohnungen\\\/\",\"url\":\"https:\\\/\\\/www.domaine-des-eissartenes.com\\\/de\\\/die-ferienwohnungen\\\/\",\"name\":\"Die Ferienwohnungen - Domaine des Eissartenes\",\"isPartOf\":{\"@id\":\"https:\\\/\\\/www.domaine-des-eissartenes.com\\\/de\\\/#website\"},\"primaryImageOfPage\":{\"@id\":\"https:\\\/\\\/www.domaine-des-eissartenes.com\\\/de\\\/die-ferienwohnungen\\\/#primaryimage\"},\"image\":{\"@id\":\"https:\\\/\\\/www.domaine-des-eissartenes.com\\\/de\\\/die-ferienwohnungen\\\/#primaryimage\"},\"thumbnailUrl\":\"https:\\\/\\\/www.domaine-des-eissartenes.com\\\/wp-content\\\/uploads\\\/2018\\\/03\\\/gite-soleil.jpg\",\"datePublished\":\"2018-05-15T13:13:11+00:00\",\"dateModified\":\"2023-11-15T08:05:44+00:00\",\"description\":\"Unsere 4 Ferienwohnungen Preview text Die Ferienwohnung SOLEIL&nbsp;&nbsp; Fl\u00e4che : 57 m\u00b2Personen : 2 \\\/ 3Wohnraum - Essecke - K\u00fccheBad - getrenntes\",\"breadcrumb\":{\"@id\":\"https:\\\/\\\/www.domaine-des-eissartenes.com\\\/de\\\/die-ferienwohnungen\\\/#breadcrumb\"},\"inLanguage\":\"de\",\"potentialAction\":[{\"@type\":\"ReadAction\",\"target\":[\"https:\\\/\\\/www.domaine-des-eissartenes.com\\\/de\\\/die-ferienwohnungen\\\/\"]}]},{\"@type\":\"ImageObject\",\"inLanguage\":\"de\",\"@id\":\"https:\\\/\\\/www.domaine-des-eissartenes.com\\\/de\\\/die-ferienwohnungen\\\/#primaryimage\",\"url\":\"https:\\\/\\\/www.domaine-des-eissartenes.com\\\/wp-content\\\/uploads\\\/2018\\\/03\\\/gite-soleil.jpg\",\"contentUrl\":\"https:\\\/\\\/www.domaine-des-eissartenes.com\\\/wp-content\\\/uploads\\\/2018\\\/03\\\/gite-soleil.jpg\"},{\"@type\":\"BreadcrumbList\",\"@id\":\"https:\\\/\\\/www.domaine-des-eissartenes.com\\\/de\\\/die-ferienwohnungen\\\/#breadcrumb\",\"itemListElement\":[{\"@type\":\"ListItem\",\"position\":1,\"name\":\"Startseite\",\"item\":\"https:\\\/\\\/www.domaine-des-eissartenes.com\\\/de\\\/\"},{\"@type\":\"ListItem\",\"position\":2,\"name\":\"Die Ferienwohnungen\"}]},{\"@type\":\"WebSite\",\"@id\":\"https:\\\/\\\/www.domaine-des-eissartenes.com\\\/de\\\/#website\",\"url\":\"https:\\\/\\\/www.domaine-des-eissartenes.com\\\/de\\\/\",\"name\":\"Domaine des Eissartenes\",\"description\":\"Vermietung von Gites mit Service - Coteaux Varois en Provence\",\"potentialAction\":[{\"@type\":\"SearchAction\",\"target\":{\"@type\":\"EntryPoint\",\"urlTemplate\":\"https:\\\/\\\/www.domaine-des-eissartenes.com\\\/de\\\/?s={search_term_string}\"},\"query-input\":{\"@type\":\"PropertyValueSpecification\",\"valueRequired\":true,\"valueName\":\"search_term_string\"}}],\"inLanguage\":\"de\"}]}<\/script>\n<!-- \/ Yoast SEO plugin. -->","yoast_head_json":{"title":"Die Ferienwohnungen - Domaine des Eissartenes","description":"Unsere 4 Ferienwohnungen Preview text Die Ferienwohnung SOLEIL&nbsp;&nbsp; Fl\u00e4che : 57 m\u00b2Personen : 2 \/ 3Wohnraum - Essecke - K\u00fccheBad - getrenntes","robots":{"index":"index","follow":"follow","max-snippet":"max-snippet:-1","max-image-preview":"max-image-preview:large","max-video-preview":"max-video-preview:-1"},"canonical":"https:\/\/www.domaine-des-eissartenes.com\/de\/die-ferienwohnungen\/","og_locale":"de_DE","og_type":"article","og_title":"Die Ferienwohnungen - Domaine des Eissartenes","og_description":"Unsere 4 Ferienwohnungen Preview text Die Ferienwohnung SOLEIL&nbsp;&nbsp; Fl\u00e4che : 57 m\u00b2Personen : 2 \/ 3Wohnraum - Essecke - K\u00fccheBad - getrenntes","og_url":"https:\/\/www.domaine-des-eissartenes.com\/de\/die-ferienwohnungen\/","og_site_name":"Domaine des Eissartenes","article_modified_time":"2023-11-15T08:05:44+00:00","og_image":[{"url":"https:\/\/www.domaine-des-eissartenes.com\/wp-content\/uploads\/2018\/03\/gite-soleil.jpg","type":"","width":"","height":""}],"twitter_card":"summary_large_image","twitter_misc":{"Gesch\u00e4tzte Lesezeit":"2\u00a0Minuten"},"schema":{"@context":"https:\/\/schema.org","@graph":[{"@type":"WebPage","@id":"https:\/\/www.domaine-des-eissartenes.com\/de\/die-ferienwohnungen\/","url":"https:\/\/www.domaine-des-eissartenes.com\/de\/die-ferienwohnungen\/","name":"Die Ferienwohnungen - Domaine des Eissartenes","isPartOf":{"@id":"https:\/\/www.domaine-des-eissartenes.com\/de\/#website"},"primaryImageOfPage":{"@id":"https:\/\/www.domaine-des-eissartenes.com\/de\/die-ferienwohnungen\/#primaryimage"},"image":{"@id":"https:\/\/www.domaine-des-eissartenes.com\/de\/die-ferienwohnungen\/#primaryimage"},"thumbnailUrl":"https:\/\/www.domaine-des-eissartenes.com\/wp-content\/uploads\/2018\/03\/gite-soleil.jpg","datePublished":"2018-05-15T13:13:11+00:00","dateModified":"2023-11-15T08:05:44+00:00","description":"Unsere 4 Ferienwohnungen Preview text Die Ferienwohnung SOLEIL&nbsp;&nbsp; Fl\u00e4che : 57 m\u00b2Personen : 2 \/ 3Wohnraum - Essecke - K\u00fccheBad - getrenntes","breadcrumb":{"@id":"https:\/\/www.domaine-des-eissartenes.com\/de\/die-ferienwohnungen\/#breadcrumb"},"inLanguage":"de","potentialAction":[{"@type":"ReadAction","target":["https:\/\/www.domaine-des-eissartenes.com\/de\/die-ferienwohnungen\/"]}]},{"@type":"ImageObject","inLanguage":"de","@id":"https:\/\/www.domaine-des-eissartenes.com\/de\/die-ferienwohnungen\/#primaryimage","url":"https:\/\/www.domaine-des-eissartenes.com\/wp-content\/uploads\/2018\/03\/gite-soleil.jpg","contentUrl":"https:\/\/www.domaine-des-eissartenes.com\/wp-content\/uploads\/2018\/03\/gite-soleil.jpg"},{"@type":"BreadcrumbList","@id":"https:\/\/www.domaine-des-eissartenes.com\/de\/die-ferienwohnungen\/#breadcrumb","itemListElement":[{"@type":"ListItem","position":1,"name":"Startseite","item":"https:\/\/www.domaine-des-eissartenes.com\/de\/"},{"@type":"ListItem","position":2,"name":"Die Ferienwohnungen"}]},{"@type":"WebSite","@id":"https:\/\/www.domaine-des-eissartenes.com\/de\/#website","url":"https:\/\/www.domaine-des-eissartenes.com\/de\/","name":"Domaine des Eissartenes","description":"Vermietung von Gites mit Service - Coteaux Varois en Provence","potentialAction":[{"@type":"SearchAction","target":{"@type":"EntryPoint","urlTemplate":"https:\/\/www.domaine-des-eissartenes.com\/de\/?s={search_term_string}"},"query-input":{"@type":"PropertyValueSpecification","valueRequired":true,"valueName":"search_term_string"}}],"inLanguage":"de"}]}},"_links":{"self":[{"href":"https:\/\/www.domaine-des-eissartenes.com\/de\/wp-json\/wp\/v2\/pages\/1070","targetHints":{"allow":["GET"]}}],"collection":[{"href":"https:\/\/www.domaine-des-eissartenes.com\/de\/wp-json\/wp\/v2\/pages"}],"about":[{"href":"https:\/\/www.domaine-des-eissartenes.com\/de\/wp-json\/wp\/v2\/types\/page"}],"author":[{"embeddable":true,"href":"https:\/\/www.domaine-des-eissartenes.com\/de\/wp-json\/wp\/v2\/users\/2"}],"replies":[{"embeddable":true,"href":"https:\/\/www.domaine-des-eissartenes.com\/de\/wp-json\/wp\/v2\/comments?post=1070"}],"version-history":[{"count":0,"href":"https:\/\/www.domaine-des-eissartenes.com\/de\/wp-json\/wp\/v2\/pages\/1070\/revisions"}],"wp:attachment":[{"href":"https:\/\/www.domaine-des-eissartenes.com\/de\/wp-json\/wp\/v2\/media?parent=1070"}],"curies":[{"name":"wp","href":"https:\/\/api.w.org\/{rel}","templated":true}]}}