{"id":1069,"date":"2018-05-15T15:13:00","date_gmt":"2018-05-15T13:13:00","guid":{"rendered":"https:\/\/www.domaine-des-eissartenes.com\/die-ferienwohnung-soleil\/"},"modified":"2025-09-29T12:18:21","modified_gmt":"2025-09-29T10:18:21","slug":"die-ferienwohnung-soleil","status":"publish","type":"page","link":"https:\/\/www.domaine-des-eissartenes.com\/de\/die-ferienwohnung-soleil\/","title":{"rendered":"Die Ferienwohnung Soleil"},"content":{"rendered":"\n<h1>\n\t\t\tDie Ferienwohnung SOLEIL\t<\/h1>\n<h2>\n\t\t\tLeistungen f\u00fcr diese Ferienwohnung\t<\/h2>\n\t<p>Fl\u00e4che: <strong>57 m\u00b2<\/strong><\/p>\n\t<p>Personen: <strong>2 &#8211; 3<\/strong><\/p>\n\tWohnraum &#8211; Essecke &#8211; K\u00fcche<br \/>\nBad &#8211; getrenntes WC\n\t<p>Garten \/ Terrasse<\/p>\n\t<p>TV<\/p>\n\t<p>WLAN-Verst\u00e4rker<\/p>\n\t\t<h2>\n\t\t\tDie Ferienwohnung Soleil\n\t\t<\/h2>\n\t\t\tIhre Terrasse geht auf den Garten und den Zugang zum Pool\t\t\n<p>Am Morgen fr\u00fchst\u00fccken Sie dort. Am Abend k\u00f6nnen Sie den Sonnenuntergang \u00fcber den H\u00fcgeln rund um das Anwesen bewundern. Es gibt ein erstes unabh\u00e4ngiges Schlafzimmer mit zwei bequemen Betten. Das Badezimmer ist mit einer Dusche und einem Haartrockner ausgestattet. Seife steht in Form einer Creme zur Verf\u00fcgung. Die Toiletten sind unabh\u00e4ngig. Ein sch\u00f6ner Eichentisch f\u00fcr vier Personen steht im Wohnzimmer.<\/p>\n<p><img loading=\"lazy\" decoding=\"async\" src=\"http:\/\/www.domaine-des-eissartenes.com\/wp-content\/uploads\/2018\/03\/plan-soleil.jpg\" alt=\"\" width=\"242\" height=\"143\" \/><\/p>\n<p>Ein zweites Zimmer mit einem Einzelbett wurde in einem kleinen Alkoven mit Verdunkelungsvorhang eingerichtet. Wir k\u00f6nnen, wenn Sie es bei der Buchung angeben, ein zweites Bett dazustellen. Es ist ein Ferienhaus f\u00fcr drei oder vier Personen.<\/p>\n<h2>\n\t\t\tDie Ferienwohnung Soleil in Bildern\t<\/h2>\n                    <img decoding=\"async\" src=\"http:\/\/www.domaine-des-eissartenes.com\/wp-content\/uploads\/2022\/11\/Soleil-3-1.jpg\" alt=\"\" \/>\n                    <img decoding=\"async\" src=\"https:\/\/www.domaine-des-eissartenes.com\/wp-content\/uploads\/2018\/04\/terrasse-gite-soleil-domaine-des-eissartenes.jpg\" alt=\"g\u00eete soleil\" \/>\n                    <img decoding=\"async\" src=\"http:\/\/www.domaine-des-eissartenes.com\/wp-content\/uploads\/2022\/11\/Soleil-1.jpg\" alt=\"\" \/>\n                    <img decoding=\"async\" src=\"https:\/\/www.domaine-des-eissartenes.com\/wp-content\/uploads\/2018\/04\/cuisine-gite-soleil.jpg\" alt=\"cuisine - g\u00eete soleil\" \/>\n                    <img decoding=\"async\" src=\"https:\/\/www.domaine-des-eissartenes.com\/wp-content\/uploads\/2018\/04\/terrasse-du-gite-soleil.jpg\" alt=\"terrasse - g\u00eete soleil\" \/>\n                    <img decoding=\"async\" src=\"https:\/\/www.domaine-des-eissartenes.com\/wp-content\/uploads\/2018\/04\/terrasse-gite-soleil.jpg\" alt=\"terrasse - g\u00eete soleil\" \/>\n                    <img decoding=\"async\" src=\"https:\/\/www.domaine-des-eissartenes.com\/wp-content\/uploads\/2018\/04\/coffre-fort-gite-soleil.jpg\" alt=\"coffre fort - g\u00eete soleil\" \/>\n                    <img decoding=\"async\" src=\"http:\/\/www.domaine-des-eissartenes.com\/wp-content\/uploads\/2022\/11\/Soleil-6-1.jpg\" alt=\"\" \/>\n            <nav>\n    \t\t<button>Previous<\/button>\n    \t\t<button>Next<\/button>\n    \t<\/nav>\n\t\t\t\t\t<h2>Preise<\/h2> Preis \/ Woche<ul role=\"list\"><li role=\"listitem\">Vom 6. Juni bis zum 13. Juni <br \/><strong>920,00 \u20ac<\/strong><\/li><li role=\"listitem\">Vom 13. Juni bis zum 4. Juli <br \/><strong>1120,00 \u20ac<\/strong><\/li><li role=\"listitem\">Vom 4. Juli bis zum 12. September <br \/><strong>1280,00 \u20ac<\/strong><\/li><\/ul>\n\t\t\t<a href=\"http:\/\/www.domaine-des-eissartenes.com\/reservations\/\" target=\"_self\">\n\t\t\t\t\t\t\tReservieren\n\t\t\t<\/a>\n<h2>\n\t\t\tDie Ferienwohnung Soleil f\u00fcr 3\/4 Personen mit sonniger Terrasse\t<\/h2>\n\t\t<h3>Entspricht diese Ferienwohnung Ihren Erwartungen?<\/h3>\n\t\t<p>Dann z\u00f6gern Sie nicht, sie zu reservieren<\/p>\n\t\t\t<a href=\"http:\/\/www.domaine-des-eissartenes.com\/reservations\/\" target=\"_self\">\n\t\t\t\t\t\t\tReservierung\n\t\t\t<\/a>\n\t<a href=\"http:\/\/www.domaine-des-eissartenes.com\/les-gites\/\" target=\"_self\" role=\"button\" aria-label=\"Die anderen Ferienwohnungen ansehen\">\n\t\t\t\t\t\tDie anderen Ferienwohnungen ansehen\n\t\t\t<\/a>\n\n","protected":false},"excerpt":{"rendered":"<p>Die Ferienwohnung SOLEIL Leistungen f\u00fcr diese Ferienwohnung Fl\u00e4che: 57 m\u00b2 Personen: 2 &#8211; 3 Wohnraum &#8211; Essecke &#8211; K\u00fcche Bad &#8211; getrenntes WC Garten \/ Terrasse TV WLAN-Verst\u00e4rker Die Ferienwohnung Soleil Ihre Terrasse geht auf den Garten und den Zugang zum Pool Am Morgen fr\u00fchst\u00fccken Sie dort. Am Abend k\u00f6nnen Sie den Sonnenuntergang \u00fcber den&hellip;<\/p>\n","protected":false},"author":2,"featured_media":1207,"parent":0,"menu_order":0,"comment_status":"closed","ping_status":"closed","template":"","meta":{"_acf_changed":false,"footnotes":""},"class_list":["post-1069","page","type-page","status-publish","has-post-thumbnail","hentry"],"acf":[],"yoast_head":"<!-- This site is optimized with the Yoast SEO plugin v27.4 - https:\/\/yoast.com\/product\/yoast-seo-wordpress\/ -->\n<title>Die Ferienwohnung Soleil - Domaine des Eissartenes<\/title>\n<meta name=\"description\" content=\"Die Ferienwohnung SOLEIL Leistungen f\u00fcr diese Ferienwohnung Fl\u00e4che: 57 m\u00b2 Personen: 2 - 3 Wohnraum - Essecke - K\u00fcche Bad - getrenntes WC Garten \/ Terrasse\" \/>\n<meta name=\"robots\" content=\"index, follow, max-snippet:-1, max-image-preview:large, max-video-preview:-1\" \/>\n<link rel=\"canonical\" href=\"https:\/\/www.domaine-des-eissartenes.com\/de\/die-ferienwohnung-soleil\/\" \/>\n<meta property=\"og:locale\" content=\"de_DE\" \/>\n<meta property=\"og:type\" content=\"article\" \/>\n<meta property=\"og:title\" content=\"Die Ferienwohnung Soleil - Domaine des Eissartenes\" \/>\n<meta property=\"og:description\" content=\"Die Ferienwohnung SOLEIL Leistungen f\u00fcr diese Ferienwohnung Fl\u00e4che: 57 m\u00b2 Personen: 2 - 3 Wohnraum - Essecke - K\u00fcche Bad - getrenntes WC Garten \/ Terrasse\" \/>\n<meta property=\"og:url\" content=\"https:\/\/www.domaine-des-eissartenes.com\/de\/die-ferienwohnung-soleil\/\" \/>\n<meta property=\"og:site_name\" content=\"Domaine des Eissartenes\" \/>\n<meta property=\"article:modified_time\" content=\"2025-09-29T10:18:21+00:00\" \/>\n<meta property=\"og:image\" content=\"https:\/\/www.domaine-des-eissartenes.com\/wp-content\/uploads\/2018\/03\/la-terrasse-gite-soleil.jpg\" \/>\n\t<meta property=\"og:image:width\" content=\"800\" \/>\n\t<meta property=\"og:image:height\" content=\"600\" \/>\n\t<meta property=\"og:image:type\" content=\"image\/jpeg\" \/>\n<meta name=\"twitter:card\" content=\"summary_large_image\" \/>\n<meta name=\"twitter:label1\" content=\"Gesch\u00e4tzte Lesezeit\" \/>\n\t<meta name=\"twitter:data1\" content=\"1\u00a0Minute\" \/>\n<script type=\"application\/ld+json\" class=\"yoast-schema-graph\">{\"@context\":\"https:\\\/\\\/schema.org\",\"@graph\":[{\"@type\":\"WebPage\",\"@id\":\"https:\\\/\\\/www.domaine-des-eissartenes.com\\\/de\\\/die-ferienwohnung-soleil\\\/\",\"url\":\"https:\\\/\\\/www.domaine-des-eissartenes.com\\\/de\\\/die-ferienwohnung-soleil\\\/\",\"name\":\"Die Ferienwohnung Soleil - Domaine des Eissartenes\",\"isPartOf\":{\"@id\":\"https:\\\/\\\/www.domaine-des-eissartenes.com\\\/de\\\/#website\"},\"primaryImageOfPage\":{\"@id\":\"https:\\\/\\\/www.domaine-des-eissartenes.com\\\/de\\\/die-ferienwohnung-soleil\\\/#primaryimage\"},\"image\":{\"@id\":\"https:\\\/\\\/www.domaine-des-eissartenes.com\\\/de\\\/die-ferienwohnung-soleil\\\/#primaryimage\"},\"thumbnailUrl\":\"https:\\\/\\\/www.domaine-des-eissartenes.com\\\/wp-content\\\/uploads\\\/2018\\\/03\\\/la-terrasse-gite-soleil.jpg\",\"datePublished\":\"2018-05-15T13:13:00+00:00\",\"dateModified\":\"2025-09-29T10:18:21+00:00\",\"description\":\"Die Ferienwohnung SOLEIL Leistungen f\u00fcr diese Ferienwohnung Fl\u00e4che: 57 m\u00b2 Personen: 2 - 3 Wohnraum - Essecke - K\u00fcche Bad - getrenntes WC Garten \\\/ Terrasse\",\"breadcrumb\":{\"@id\":\"https:\\\/\\\/www.domaine-des-eissartenes.com\\\/de\\\/die-ferienwohnung-soleil\\\/#breadcrumb\"},\"inLanguage\":\"de\",\"potentialAction\":[{\"@type\":\"ReadAction\",\"target\":[\"https:\\\/\\\/www.domaine-des-eissartenes.com\\\/de\\\/die-ferienwohnung-soleil\\\/\"]}]},{\"@type\":\"ImageObject\",\"inLanguage\":\"de\",\"@id\":\"https:\\\/\\\/www.domaine-des-eissartenes.com\\\/de\\\/die-ferienwohnung-soleil\\\/#primaryimage\",\"url\":\"https:\\\/\\\/www.domaine-des-eissartenes.com\\\/wp-content\\\/uploads\\\/2018\\\/03\\\/la-terrasse-gite-soleil.jpg\",\"contentUrl\":\"https:\\\/\\\/www.domaine-des-eissartenes.com\\\/wp-content\\\/uploads\\\/2018\\\/03\\\/la-terrasse-gite-soleil.jpg\",\"width\":800,\"height\":600,\"caption\":\"La terrasse du g\u00eete Soleil\"},{\"@type\":\"BreadcrumbList\",\"@id\":\"https:\\\/\\\/www.domaine-des-eissartenes.com\\\/de\\\/die-ferienwohnung-soleil\\\/#breadcrumb\",\"itemListElement\":[{\"@type\":\"ListItem\",\"position\":1,\"name\":\"Startseite\",\"item\":\"https:\\\/\\\/www.domaine-des-eissartenes.com\\\/de\\\/\"},{\"@type\":\"ListItem\",\"position\":2,\"name\":\"Die Ferienwohnung Soleil\"}]},{\"@type\":\"WebSite\",\"@id\":\"https:\\\/\\\/www.domaine-des-eissartenes.com\\\/de\\\/#website\",\"url\":\"https:\\\/\\\/www.domaine-des-eissartenes.com\\\/de\\\/\",\"name\":\"Domaine des Eissartenes\",\"description\":\"Vermietung von Gites mit Service - Coteaux Varois en Provence\",\"potentialAction\":[{\"@type\":\"SearchAction\",\"target\":{\"@type\":\"EntryPoint\",\"urlTemplate\":\"https:\\\/\\\/www.domaine-des-eissartenes.com\\\/de\\\/?s={search_term_string}\"},\"query-input\":{\"@type\":\"PropertyValueSpecification\",\"valueRequired\":true,\"valueName\":\"search_term_string\"}}],\"inLanguage\":\"de\"}]}<\/script>\n<!-- \/ Yoast SEO plugin. -->","yoast_head_json":{"title":"Die Ferienwohnung Soleil - Domaine des Eissartenes","description":"Die Ferienwohnung SOLEIL Leistungen f\u00fcr diese Ferienwohnung Fl\u00e4che: 57 m\u00b2 Personen: 2 - 3 Wohnraum - Essecke - K\u00fcche Bad - getrenntes WC Garten \/ Terrasse","robots":{"index":"index","follow":"follow","max-snippet":"max-snippet:-1","max-image-preview":"max-image-preview:large","max-video-preview":"max-video-preview:-1"},"canonical":"https:\/\/www.domaine-des-eissartenes.com\/de\/die-ferienwohnung-soleil\/","og_locale":"de_DE","og_type":"article","og_title":"Die Ferienwohnung Soleil - Domaine des Eissartenes","og_description":"Die Ferienwohnung SOLEIL Leistungen f\u00fcr diese Ferienwohnung Fl\u00e4che: 57 m\u00b2 Personen: 2 - 3 Wohnraum - Essecke - K\u00fcche Bad - getrenntes WC Garten \/ Terrasse","og_url":"https:\/\/www.domaine-des-eissartenes.com\/de\/die-ferienwohnung-soleil\/","og_site_name":"Domaine des Eissartenes","article_modified_time":"2025-09-29T10:18:21+00:00","og_image":[{"width":800,"height":600,"url":"https:\/\/www.domaine-des-eissartenes.com\/wp-content\/uploads\/2018\/03\/la-terrasse-gite-soleil.jpg","type":"image\/jpeg"}],"twitter_card":"summary_large_image","twitter_misc":{"Gesch\u00e4tzte Lesezeit":"1\u00a0Minute"},"schema":{"@context":"https:\/\/schema.org","@graph":[{"@type":"WebPage","@id":"https:\/\/www.domaine-des-eissartenes.com\/de\/die-ferienwohnung-soleil\/","url":"https:\/\/www.domaine-des-eissartenes.com\/de\/die-ferienwohnung-soleil\/","name":"Die Ferienwohnung Soleil - Domaine des Eissartenes","isPartOf":{"@id":"https:\/\/www.domaine-des-eissartenes.com\/de\/#website"},"primaryImageOfPage":{"@id":"https:\/\/www.domaine-des-eissartenes.com\/de\/die-ferienwohnung-soleil\/#primaryimage"},"image":{"@id":"https:\/\/www.domaine-des-eissartenes.com\/de\/die-ferienwohnung-soleil\/#primaryimage"},"thumbnailUrl":"https:\/\/www.domaine-des-eissartenes.com\/wp-content\/uploads\/2018\/03\/la-terrasse-gite-soleil.jpg","datePublished":"2018-05-15T13:13:00+00:00","dateModified":"2025-09-29T10:18:21+00:00","description":"Die Ferienwohnung SOLEIL Leistungen f\u00fcr diese Ferienwohnung Fl\u00e4che: 57 m\u00b2 Personen: 2 - 3 Wohnraum - Essecke - K\u00fcche Bad - getrenntes WC Garten \/ Terrasse","breadcrumb":{"@id":"https:\/\/www.domaine-des-eissartenes.com\/de\/die-ferienwohnung-soleil\/#breadcrumb"},"inLanguage":"de","potentialAction":[{"@type":"ReadAction","target":["https:\/\/www.domaine-des-eissartenes.com\/de\/die-ferienwohnung-soleil\/"]}]},{"@type":"ImageObject","inLanguage":"de","@id":"https:\/\/www.domaine-des-eissartenes.com\/de\/die-ferienwohnung-soleil\/#primaryimage","url":"https:\/\/www.domaine-des-eissartenes.com\/wp-content\/uploads\/2018\/03\/la-terrasse-gite-soleil.jpg","contentUrl":"https:\/\/www.domaine-des-eissartenes.com\/wp-content\/uploads\/2018\/03\/la-terrasse-gite-soleil.jpg","width":800,"height":600,"caption":"La terrasse du g\u00eete Soleil"},{"@type":"BreadcrumbList","@id":"https:\/\/www.domaine-des-eissartenes.com\/de\/die-ferienwohnung-soleil\/#breadcrumb","itemListElement":[{"@type":"ListItem","position":1,"name":"Startseite","item":"https:\/\/www.domaine-des-eissartenes.com\/de\/"},{"@type":"ListItem","position":2,"name":"Die Ferienwohnung Soleil"}]},{"@type":"WebSite","@id":"https:\/\/www.domaine-des-eissartenes.com\/de\/#website","url":"https:\/\/www.domaine-des-eissartenes.com\/de\/","name":"Domaine des Eissartenes","description":"Vermietung von Gites mit Service - Coteaux Varois en Provence","potentialAction":[{"@type":"SearchAction","target":{"@type":"EntryPoint","urlTemplate":"https:\/\/www.domaine-des-eissartenes.com\/de\/?s={search_term_string}"},"query-input":{"@type":"PropertyValueSpecification","valueRequired":true,"valueName":"search_term_string"}}],"inLanguage":"de"}]}},"_links":{"self":[{"href":"https:\/\/www.domaine-des-eissartenes.com\/de\/wp-json\/wp\/v2\/pages\/1069","targetHints":{"allow":["GET"]}}],"collection":[{"href":"https:\/\/www.domaine-des-eissartenes.com\/de\/wp-json\/wp\/v2\/pages"}],"about":[{"href":"https:\/\/www.domaine-des-eissartenes.com\/de\/wp-json\/wp\/v2\/types\/page"}],"author":[{"embeddable":true,"href":"https:\/\/www.domaine-des-eissartenes.com\/de\/wp-json\/wp\/v2\/users\/2"}],"replies":[{"embeddable":true,"href":"https:\/\/www.domaine-des-eissartenes.com\/de\/wp-json\/wp\/v2\/comments?post=1069"}],"version-history":[{"count":0,"href":"https:\/\/www.domaine-des-eissartenes.com\/de\/wp-json\/wp\/v2\/pages\/1069\/revisions"}],"wp:featuredmedia":[{"embeddable":true,"href":"https:\/\/www.domaine-des-eissartenes.com\/de\/wp-json\/wp\/v2\/media\/1207"}],"wp:attachment":[{"href":"https:\/\/www.domaine-des-eissartenes.com\/de\/wp-json\/wp\/v2\/media?parent=1069"}],"curies":[{"name":"wp","href":"https:\/\/api.w.org\/{rel}","templated":true}]}}