{"id":902,"date":"2018-04-11T11:43:05","date_gmt":"2018-04-11T09:43:05","guid":{"rendered":"http:\/\/www.domaine-des-eissartenes.com\/?page_id=902"},"modified":"2022-11-22T12:14:02","modified_gmt":"2022-11-22T11:14:02","slug":"startseite-2","status":"publish","type":"page","link":"http:\/\/www.domaine-des-eissartenes.com\/de\/","title":{"rendered":"Startseite"},"content":{"rendered":"\n\n\t\t<h1>\n\t\t\tDomaine des Eissartenes &#8211; Le Val (83)\n\t\t<\/h1>\n\t\t\t<p>Mildes Klima &#8211; Ruhe &#8211; Entspannung<\/p>\t\t\n\t<h2 data-mce-style=\"text-align: center;\">Willkommen in Ihrem Zuhause<\/h2>\nWir sind gl\u00fccklich und besonders geehrt, Ihnen unser \u201ekleines Paradies&#8220; im Herzen dieser wundersch\u00f6nen Region vorzustellen, die wir die gr\u00fcne Provence nennen. .\nNach einem Leben, das den Reben, dem Wein und dem Wohlbefinden der Menschen im Muscadet-Weinbaugebiet gewidmet war, haben wir beschlossen, uns hier in der Provence niederzulassen.\nDieses wundersch\u00f6ne, in einem reinen provenzalischen Stil elegant renovierte Landhaus aus dem 17.&nbsp;Jahrhundert inmitten von Weinbergen, Olivenb\u00e4umen, Lavendel und Zikaden hat uns seinen Bann gezogen.\n\t<a href=\"http:\/\/www.domaine-des-eissartenes.com\/le-domaine\/\" target=\"_self\" role=\"button\" aria-label=\"Mehr erfahren\" rel=\"noopener\">\n\t\t\t\t\t\tMehr erfahren\n\t\t\t<\/a>\n\t\t\t\t<img loading=\"lazy\" decoding=\"async\" src=\"https:\/\/www.domaine-des-eissartenes.com\/wp-content\/uploads\/2018\/03\/la-terrasse-du-gite-soleil.jpg\" alt=\"La terrasse du g\u00eete du soleil\" itemprop=\"image\" height=\"1212\" width=\"1920\" title=\"la-terrasse-du-gite-soleil\" onerror=\"this.style.display='none'\"  \/>\n\t\t<h2>\n\t\t\t4 Ferienwohnungen in der gr\u00fcnen Provence\n\t\t<\/h2>\n\t\t\t<p>Umgeben von Olivenb\u00e4umen, Lavendel und Reben<\/p>\t\t\n\t\t\t\t\t\t\t\t\t\t\t\t<h3> Die Ferienwohnung Soleil <\/h3>\n\t\t\t\t\t\t<p><img loading=\"lazy\" decoding=\"async\" src=\"https:\/\/www.domaine-des-eissartenes.com\/wp-content\/uploads\/2018\/03\/gite-soleil.jpg\" alt=\"Gite soleil\" width=\"250\" height=\"188\" \/><\/p>\t\t\t\t\t\n\t\t\t\t\t\t\t\t\t\t\t\t<h3>Die Ferienwohnung Soleil<\/h3>\n\t\t\t\t\t\t<p><img loading=\"lazy\" decoding=\"async\" src=\"https:\/\/www.domaine-des-eissartenes.com\/wp-content\/uploads\/2018\/03\/gite-soleil-2.jpg\" alt=\"gite soleil -domaine des Eissartenes\" width=\"250\" height=\"188\" \/><br \/>App. <strong>57 m\u00b2<br \/><\/strong>Personen: <strong>2<\/strong><\/p>\t\t\t\t\t\n\t\t\t\t\t\t\t\t\t\t\t<a href=\"http:\/\/www.domaine-des-eissartenes.com\/soleil\/\" target=\"_self\" rel=\"noopener\">Weitere Infos<\/a>\n\t<a href=\"http:\/\/www.domaine-des-eissartenes.com\/soleil\/\" target=\"_self\" role=\"button\" aria-label=\"Entdecken\" rel=\"noopener\">\n\t\t\t\t\t\tEntdecken\n\t\t\t<\/a>\n\t\t\t\t\t\t\t\t\t\t\t\t<h3> Die Ferienwohnung Lune (+Terre) <\/h3>\n\t\t\t\t\t\t<p><img loading=\"lazy\" decoding=\"async\" src=\"https:\/\/www.domaine-des-eissartenes.com\/wp-content\/uploads\/2022\/11\/Lune-2-300x225.jpg\" alt=\"Gite Lune\" width=\"300\" height=\"225\" \/><\/p>\t\t\t\t\t\n\t\t\t\t\t\t\t\t\t\t\t\t<h3>Die Ferienwohnung Lune<\/h3>\n\t\t\t\t\t\t<p><img loading=\"lazy\" decoding=\"async\" src=\"https:\/\/www.domaine-des-eissartenes.com\/wp-content\/uploads\/2018\/03\/gite-lune-2.jpg\" alt=\"g\u00eete lune - Domaine des Eissartenes\" width=\"250\" height=\"188\" \/><br \/>App. <strong>47 m\u00b2 Maisonette<br \/><\/strong>Personen: <strong>2<br \/><\/strong>oder<br \/>App. <strong>72 m\u00b2 Maisonette<br \/><\/strong>Personen: <strong>3-5<\/strong><\/p>\t\t\t\t\t\n\t\t\t\t\t\t\t\t\t\t\t<a href=\"http:\/\/www.domaine-des-eissartenes.com\/lune\/\" target=\"_self\" rel=\"noopener\">Weitere Infos<\/a>\n\t<a href=\"http:\/\/www.domaine-des-eissartenes.com\/lune\/\" target=\"_self\" role=\"button\" aria-label=\"Entdecken\" rel=\"noopener\">\n\t\t\t\t\t\tEntdecken\n\t\t\t<\/a>\n\t\t\t\t\t\t\t\t\t\t\t\t<h3> Die Ferienwohnung Saturne <\/h3>\n\t\t\t\t\t\t<p><img loading=\"lazy\" decoding=\"async\" src=\"https:\/\/www.domaine-des-eissartenes.com\/wp-content\/uploads\/2022\/11\/Saturne-10-300x225.jpg\" alt=\"\" width=\"300\" height=\"225\" \/><\/p>\t\t\t\t\t\n\t\t\t\t\t\t\t\t\t\t\t\t<h3>Die Ferienwohnung Saturne<\/h3>\n\t\t\t\t\t\t<p><img loading=\"lazy\" decoding=\"async\" src=\"https:\/\/www.domaine-des-eissartenes.com\/wp-content\/uploads\/2018\/03\/gite-saturne-2.jpg\" alt=\"g\u00eete Saturne - Domaine des Eissartenes\" width=\"280\" height=\"210\" \/><br \/>App. <strong>50 m\u00b2 Maisonette<br \/><\/strong>Personen: <strong>2<\/strong><\/p>\t\t\t\t\t\n\t\t\t\t\t\t\t\t\t\t\t<a href=\"http:\/\/www.domaine-des-eissartenes.com\/saturne\/\" target=\"_self\" rel=\"noopener\">Weitere Infos<\/a>\n\t<a href=\"http:\/\/www.domaine-des-eissartenes.com\/saturne\/\" target=\"_self\" role=\"button\" aria-label=\"Entdecken\" rel=\"noopener\">\n\t\t\t\t\t\tEntdecken\n\t\t\t<\/a>\n\t\t\t\t\t\t\t\t\t\t\t\t<h3> Die Ferienwohnung Venus <\/h3>\n\t\t\t\t\t\t<p><img loading=\"lazy\" decoding=\"async\" src=\"https:\/\/www.domaine-des-eissartenes.com\/wp-content\/uploads\/2022\/11\/Venus-3-300x225.jpg\" alt=\"\" width=\"300\" height=\"225\" \/><\/p>\t\t\t\t\t\n\t\t\t\t\t\t\t\t\t\t\t\t<h3>Die Ferienwohnung Venus<\/h3>\n\t\t\t\t\t\t<p><img loading=\"lazy\" decoding=\"async\" src=\"https:\/\/www.domaine-des-eissartenes.com\/wp-content\/uploads\/2018\/03\/gite-venus.jpg\" alt=\"g\u00eete Venus\" width=\"280\" height=\"210\" \/><br \/>App. <strong>45 m\u00b2<br \/><\/strong>Personen: <strong>2 &#8211; 4<\/strong><\/p>\t\t\t\t\t\n\t\t\t\t\t\t\t\t\t\t\t<a href=\"http:\/\/www.domaine-des-eissartenes.com\/gite-venus\/\" target=\"_self\" rel=\"noopener\">Weitere Infos<\/a>\n\t<a href=\"http:\/\/www.domaine-des-eissartenes.com\/gite-venus\/\" target=\"_self\" role=\"button\" aria-label=\"Entdecken\" rel=\"noopener\">\n\t\t\t\t\t\tEntdecken\n\t\t\t<\/a>\n<h2>\n\t\tDer beheizte Pool der Domaine steht den G\u00e4sten zur Verf\u00fcgung\n\t<\/h2>\n<h3>\n\t\t\u201eAlles steht bereit, damit dieser Moment der Entspannung ein au\u00dfergew\u00f6hnlicher Moment wird&#8220;\n\t<\/h3>\n\t\t\t<a href=\"http:\/\/www.domaine-des-eissartenes.com\/la-piscine\/\" target=\"_self\" role=\"button\" rel=\"noopener\">\n\t\t\t\t\t\t\tAbk\u00fchlen im Pool\n\t\t\t<\/a>\n\t<h2 data-mce-style=\"text-align: center;\">In der N\u00e4he<br \/><\/h2>\nIn der N\u00e4he der Domaine k\u00f6nnen Sie unter zahlreichen Aktivit\u00e4ten w\u00e4hlen<br \/>\n\t<h2 data-mce-style=\"text-align: center;\">Ruhe und Entspannung<br \/><\/h2>\nErleben Sie einen wirklich au\u00dfergew\u00f6hnlichen Moment, begleitet vom Zirpen der Zikaden &#8230;<br \/>\n\t<h2 data-mce-style=\"text-align: center;\">Dienstleistungen<br \/><\/h2>\nWir bieten eine breite Palette von Dienstleistungen, die Ihnen das Leben leichter machen<br \/>\n\t\t<h2>Bereit f\u00fcr einen entspannten Urlaub in der Provence?<\/h2>\n\t\t\t<a href=\"http:\/\/www.domaine-des-eissartenes.com\/reservations\/\" target=\"_self\" role=\"button\" rel=\"noopener\">\n\t\t\t\t\t\tIch reserviere meine Ferienwohnung\n\t\t\t\t\t<\/a>\n<h2>\n\t\tLaden Sie in der gr\u00fcnen Provence Ihre Batterien wieder auf\n\t<\/h2>\n\t<a href=\"http:\/\/www.domaine-des-eissartenes.com\/les-gites\/\" target=\"_self\" role=\"button\" aria-label=\"Ich w\u00e4hle meine Ferienwohnung\" rel=\"noopener\">\n\t\t\t\t\t\tIch w\u00e4hle meine Ferienwohnung\n\t\t\t<\/a>\n<h2>\n\t\tAlleine, zu zweit, mit der Familie &#8230;\n\t<\/h2>\n\tDas Mittelmeer und seine Traumstr\u00e4nde, die Buchten von Cassis, die Insel Porquerolles, Saint Tropez und sein lebendiges Treiben, aber auch die sch\u00f6ne Stadt Aix-en-Provence, Marseille und sein alter Hafen, das F\u00fcrstentum Monaco, die Gorges du Verdon, der Mercantour-Park, die Abtei von Thoronet und viele andere Wunder, zu denen auch Sainte Baume, Sainte Victoire, das kleine Dorf Cotignac, der Lac Carces, das Bio-Dorf von Correns geh\u00f6ren &#8230; sind weniger als 1.30 Std. mit dem Auto von der Domaine entfernt, so dass dieser Urlaub in der Provence der sch\u00f6nste und gelungenste aller Ihrer Aufenthalte werden wird.&nbsp;\n\t\t\t<a href=\"http:\/\/www.domaine-des-eissartenes.com\/le-domaine\/\" target=\"_self\" role=\"button\" rel=\"noopener\">\n\t\t\t\t\t\t\tDie Domaine des Eissartenes entdecken\n\t\t\t<\/a>\n\n","protected":false},"excerpt":{"rendered":"<p>Domaine des Eissartenes &#8211; Le Val (83) Mildes Klima &#8211; Ruhe &#8211; Entspannung Willkommen in Ihrem Zuhause Wir sind gl\u00fccklich und besonders geehrt, Ihnen unser \u201ekleines Paradies&#8220; im Herzen dieser wundersch\u00f6nen Region vorzustellen, die wir die gr\u00fcne Provence nennen. . Nach einem Leben, das den Reben, dem Wein und dem Wohlbefinden der Menschen im Muscadet-Weinbaugebiet&hellip;<\/p>\n","protected":false},"author":2,"featured_media":0,"parent":0,"menu_order":0,"comment_status":"closed","ping_status":"closed","template":"","meta":{"_acf_changed":false,"footnotes":""},"class_list":["post-902","page","type-page","status-publish","hentry"],"acf":[],"yoast_head":"<!-- This site is optimized with the Yoast SEO plugin v27.5 - https:\/\/yoast.com\/product\/yoast-seo-wordpress\/ -->\n<title>Ferienwohnungen Domaine des Eissartenes - Le Val (83)<\/title>\n<meta name=\"description\" content=\"Domaine des Eissartenes - Le Val (83) Mildes Klima - Ruhe - Entspannung Willkommen in Ihrem Zuhause Wir sind gl\u00fccklich und besonders geehrt, Ihnen unser\" \/>\n<meta name=\"robots\" content=\"index, follow, max-snippet:-1, max-image-preview:large, max-video-preview:-1\" \/>\n<link rel=\"canonical\" href=\"http:\/\/www.domaine-des-eissartenes.com\/de\/\" \/>\n<meta property=\"og:locale\" content=\"de_DE\" \/>\n<meta property=\"og:type\" content=\"article\" \/>\n<meta property=\"og:title\" content=\"Ferienwohnungen Domaine des Eissartenes - Le Val (83)\" \/>\n<meta property=\"og:description\" content=\"Domaine des Eissartenes - Le Val (83) Mildes Klima - Ruhe - Entspannung Willkommen in Ihrem Zuhause Wir sind gl\u00fccklich und besonders geehrt, Ihnen unser\" \/>\n<meta property=\"og:url\" content=\"http:\/\/www.domaine-des-eissartenes.com\/de\/\" \/>\n<meta property=\"og:site_name\" content=\"Domaine des Eissartenes\" \/>\n<meta property=\"article:modified_time\" content=\"2022-11-22T11:14:02+00:00\" \/>\n<meta property=\"og:image\" content=\"https:\/\/www.domaine-des-eissartenes.com\/wp-content\/uploads\/2018\/03\/la-terrasse-du-gite-soleil.jpg\" \/>\n<meta name=\"twitter:card\" content=\"summary_large_image\" \/>\n<meta name=\"twitter:label1\" content=\"Gesch\u00e4tzte Lesezeit\" \/>\n\t<meta name=\"twitter:data1\" content=\"2\u00a0Minuten\" \/>\n<script type=\"application\/ld+json\" class=\"yoast-schema-graph\">{\"@context\":\"https:\\\/\\\/schema.org\",\"@graph\":[{\"@type\":\"WebPage\",\"@id\":\"http:\\\/\\\/www.domaine-des-eissartenes.com\\\/de\\\/\",\"url\":\"http:\\\/\\\/www.domaine-des-eissartenes.com\\\/de\\\/\",\"name\":\"Ferienwohnungen Domaine des Eissartenes - Le Val (83)\",\"isPartOf\":{\"@id\":\"https:\\\/\\\/www.domaine-des-eissartenes.com\\\/de\\\/#website\"},\"primaryImageOfPage\":{\"@id\":\"http:\\\/\\\/www.domaine-des-eissartenes.com\\\/de\\\/#primaryimage\"},\"image\":{\"@id\":\"http:\\\/\\\/www.domaine-des-eissartenes.com\\\/de\\\/#primaryimage\"},\"thumbnailUrl\":\"https:\\\/\\\/www.domaine-des-eissartenes.com\\\/wp-content\\\/uploads\\\/2018\\\/03\\\/la-terrasse-du-gite-soleil.jpg\",\"datePublished\":\"2018-04-11T09:43:05+00:00\",\"dateModified\":\"2022-11-22T11:14:02+00:00\",\"description\":\"Domaine des Eissartenes - Le Val (83) Mildes Klima - Ruhe - Entspannung Willkommen in Ihrem Zuhause Wir sind gl\u00fccklich und besonders geehrt, Ihnen unser\",\"breadcrumb\":{\"@id\":\"http:\\\/\\\/www.domaine-des-eissartenes.com\\\/de\\\/#breadcrumb\"},\"inLanguage\":\"de\",\"potentialAction\":[{\"@type\":\"ReadAction\",\"target\":[\"http:\\\/\\\/www.domaine-des-eissartenes.com\\\/de\\\/\"]}]},{\"@type\":\"ImageObject\",\"inLanguage\":\"de\",\"@id\":\"http:\\\/\\\/www.domaine-des-eissartenes.com\\\/de\\\/#primaryimage\",\"url\":\"https:\\\/\\\/www.domaine-des-eissartenes.com\\\/wp-content\\\/uploads\\\/2018\\\/03\\\/la-terrasse-du-gite-soleil.jpg\",\"contentUrl\":\"https:\\\/\\\/www.domaine-des-eissartenes.com\\\/wp-content\\\/uploads\\\/2018\\\/03\\\/la-terrasse-du-gite-soleil.jpg\"},{\"@type\":\"BreadcrumbList\",\"@id\":\"http:\\\/\\\/www.domaine-des-eissartenes.com\\\/de\\\/#breadcrumb\",\"itemListElement\":[{\"@type\":\"ListItem\",\"position\":1,\"name\":\"Startseite\",\"item\":\"https:\\\/\\\/www.domaine-des-eissartenes.com\\\/de\\\/\"},{\"@type\":\"ListItem\",\"position\":2,\"name\":\"Startseite\"}]},{\"@type\":\"WebSite\",\"@id\":\"https:\\\/\\\/www.domaine-des-eissartenes.com\\\/de\\\/#website\",\"url\":\"https:\\\/\\\/www.domaine-des-eissartenes.com\\\/de\\\/\",\"name\":\"Domaine des Eissartenes\",\"description\":\"Vermietung von Gites mit Service - Coteaux Varois en Provence\",\"potentialAction\":[{\"@type\":\"SearchAction\",\"target\":{\"@type\":\"EntryPoint\",\"urlTemplate\":\"https:\\\/\\\/www.domaine-des-eissartenes.com\\\/de\\\/?s={search_term_string}\"},\"query-input\":{\"@type\":\"PropertyValueSpecification\",\"valueRequired\":true,\"valueName\":\"search_term_string\"}}],\"inLanguage\":\"de\"}]}<\/script>\n<!-- \/ Yoast SEO plugin. -->","yoast_head_json":{"title":"Ferienwohnungen Domaine des Eissartenes - Le Val (83)","description":"Domaine des Eissartenes - Le Val (83) Mildes Klima - Ruhe - Entspannung Willkommen in Ihrem Zuhause Wir sind gl\u00fccklich und besonders geehrt, Ihnen unser","robots":{"index":"index","follow":"follow","max-snippet":"max-snippet:-1","max-image-preview":"max-image-preview:large","max-video-preview":"max-video-preview:-1"},"canonical":"http:\/\/www.domaine-des-eissartenes.com\/de\/","og_locale":"de_DE","og_type":"article","og_title":"Ferienwohnungen Domaine des Eissartenes - Le Val (83)","og_description":"Domaine des Eissartenes - Le Val (83) Mildes Klima - Ruhe - Entspannung Willkommen in Ihrem Zuhause Wir sind gl\u00fccklich und besonders geehrt, Ihnen unser","og_url":"http:\/\/www.domaine-des-eissartenes.com\/de\/","og_site_name":"Domaine des Eissartenes","article_modified_time":"2022-11-22T11:14:02+00:00","og_image":[{"url":"https:\/\/www.domaine-des-eissartenes.com\/wp-content\/uploads\/2018\/03\/la-terrasse-du-gite-soleil.jpg","type":"","width":"","height":""}],"twitter_card":"summary_large_image","twitter_misc":{"Gesch\u00e4tzte Lesezeit":"2\u00a0Minuten"},"schema":{"@context":"https:\/\/schema.org","@graph":[{"@type":"WebPage","@id":"http:\/\/www.domaine-des-eissartenes.com\/de\/","url":"http:\/\/www.domaine-des-eissartenes.com\/de\/","name":"Ferienwohnungen Domaine des Eissartenes - Le Val (83)","isPartOf":{"@id":"https:\/\/www.domaine-des-eissartenes.com\/de\/#website"},"primaryImageOfPage":{"@id":"http:\/\/www.domaine-des-eissartenes.com\/de\/#primaryimage"},"image":{"@id":"http:\/\/www.domaine-des-eissartenes.com\/de\/#primaryimage"},"thumbnailUrl":"https:\/\/www.domaine-des-eissartenes.com\/wp-content\/uploads\/2018\/03\/la-terrasse-du-gite-soleil.jpg","datePublished":"2018-04-11T09:43:05+00:00","dateModified":"2022-11-22T11:14:02+00:00","description":"Domaine des Eissartenes - Le Val (83) Mildes Klima - Ruhe - Entspannung Willkommen in Ihrem Zuhause Wir sind gl\u00fccklich und besonders geehrt, Ihnen unser","breadcrumb":{"@id":"http:\/\/www.domaine-des-eissartenes.com\/de\/#breadcrumb"},"inLanguage":"de","potentialAction":[{"@type":"ReadAction","target":["http:\/\/www.domaine-des-eissartenes.com\/de\/"]}]},{"@type":"ImageObject","inLanguage":"de","@id":"http:\/\/www.domaine-des-eissartenes.com\/de\/#primaryimage","url":"https:\/\/www.domaine-des-eissartenes.com\/wp-content\/uploads\/2018\/03\/la-terrasse-du-gite-soleil.jpg","contentUrl":"https:\/\/www.domaine-des-eissartenes.com\/wp-content\/uploads\/2018\/03\/la-terrasse-du-gite-soleil.jpg"},{"@type":"BreadcrumbList","@id":"http:\/\/www.domaine-des-eissartenes.com\/de\/#breadcrumb","itemListElement":[{"@type":"ListItem","position":1,"name":"Startseite","item":"https:\/\/www.domaine-des-eissartenes.com\/de\/"},{"@type":"ListItem","position":2,"name":"Startseite"}]},{"@type":"WebSite","@id":"https:\/\/www.domaine-des-eissartenes.com\/de\/#website","url":"https:\/\/www.domaine-des-eissartenes.com\/de\/","name":"Domaine des Eissartenes","description":"Vermietung von Gites mit Service - Coteaux Varois en Provence","potentialAction":[{"@type":"SearchAction","target":{"@type":"EntryPoint","urlTemplate":"https:\/\/www.domaine-des-eissartenes.com\/de\/?s={search_term_string}"},"query-input":{"@type":"PropertyValueSpecification","valueRequired":true,"valueName":"search_term_string"}}],"inLanguage":"de"}]}},"_links":{"self":[{"href":"http:\/\/www.domaine-des-eissartenes.com\/de\/wp-json\/wp\/v2\/pages\/902","targetHints":{"allow":["GET"]}}],"collection":[{"href":"http:\/\/www.domaine-des-eissartenes.com\/de\/wp-json\/wp\/v2\/pages"}],"about":[{"href":"http:\/\/www.domaine-des-eissartenes.com\/de\/wp-json\/wp\/v2\/types\/page"}],"author":[{"embeddable":true,"href":"http:\/\/www.domaine-des-eissartenes.com\/de\/wp-json\/wp\/v2\/users\/2"}],"replies":[{"embeddable":true,"href":"http:\/\/www.domaine-des-eissartenes.com\/de\/wp-json\/wp\/v2\/comments?post=902"}],"version-history":[{"count":0,"href":"http:\/\/www.domaine-des-eissartenes.com\/de\/wp-json\/wp\/v2\/pages\/902\/revisions"}],"wp:attachment":[{"href":"http:\/\/www.domaine-des-eissartenes.com\/de\/wp-json\/wp\/v2\/media?parent=902"}],"curies":[{"name":"wp","href":"https:\/\/api.w.org\/{rel}","templated":true}]}}