{"id":1079,"date":"2018-05-15T15:14:54","date_gmt":"2018-05-15T13:14:54","guid":{"rendered":"https:\/\/www.domaine-des-eissartenes.com\/willkommen\/"},"modified":"2019-01-21T14:48:57","modified_gmt":"2019-01-21T13:48:57","slug":"willkommen","status":"publish","type":"page","link":"http:\/\/www.domaine-des-eissartenes.com\/de\/willkommen\/","title":{"rendered":"Willkommen"},"content":{"rendered":"<h1>\n\t\t\tWillkommen<br \/>\n\t\t\t\t\t\t\tin der Domaine des Eissartenes<br \/>\n\t\t<\/h1>\n<p>\t\tEin Paradies in der Provence\t<\/p>\n<h2>Wir sind gl\u00fccklich und besonders geehrt, Ihnen unser \u201ekleines Paradies\u201c im Herzen dieser wundersch\u00f6nen Region vorzustellen, die wir die gr\u00fcne Provence nennen.<\/h2>\n<p><strong>Nach einem Leben, das den Reben, dem Wein und dem Wohlbefinden der Menschen im Muscadet-Weinbaugebiet gewidmet war, haben wir beschlossen, uns hier in der Provence niederzulassen.<\/strong><\/p>\n<p>Dieses wundersch\u00f6ne, in einem reinen provenzalischen Stil elegant renovierte Landhaus aus dem 17.\u00a0Jahrhundert inmitten von Weinbergen, Olivenb\u00e4umen, Lavendel und Zikaden hat uns in seinen Bann gezogen.<\/p>\n<p>Wir laden Sie ein, uns auf dieser Suche nach Stille, Ruhe und D\u00fcften unter dem Himmel der Provence zu begleiten. Wir hei\u00dfen Sie in der Domaine des Eissartenes in der Gemeinde LE VAL willkommen, nur wenige Kilometer von Brignoles und seiner Zufahrt zur Autobahn A8 entfernt.<\/p>\n<p>\t\t\t\t<a href=\"https:\/\/www.domaine-des-eissartenes.com\/wp-content\/uploads\/2018\/03\/le-jardin-du-domaine-des-eissartenes.jpg\" target=\"_self\" itemprop=\"url\"><br \/>\n\t\t\t\t<img decoding=\"async\" src=\"\" alt=\"le-jardin-du-domaine-des-eissartenes\" itemprop=\"image\" title=\"le-jardin-du-domaine-des-eissartenes\"  \/><br \/>\n\t\t\t\t<\/a><\/p>\n<h2>\n\t\tDurch die Landschaften, die wir Ihnen auf dieser Website zeigen, wollen wir Ihnen Lust machen, uns zu besuchen.<br \/>\n\t<\/h2>\n<p><strong>Inmitten einer typisch provenzalischen Natur, die wir zu z\u00e4hmen versuchen, damit Sie sie erleben k\u00f6nnen, begr\u00fc\u00dfen wir Sie \u201ebei uns\u201c, um unsere Leidenschaften mit Ihnen zu teilen:<\/strong> Natur, Weinberge, Weine, D\u00fcfte, Oliven und ihr \u00d6l, dessen Wohltaten allgemein bekannt sind &#8230; aber auch das Teilen und das Wohlf\u00fchlen im Herzen einer intakten Natur.<\/p>\n<p>An den Ausl\u00e4ufern des Mont Eissartenes gelegen, der arch\u00e4ologische Sch\u00e4tze bereith\u00e4lt, erstreckt sich die Domaine \u00fcber 17 Hektar zwischen Weinbergen und Olivenb\u00e4umen. Ein ausgeschilderter und von uns gepflegter Wald erm\u00f6glicht Ihnen sch\u00f6ne Spazierg\u00e4nge. Ein paar Kilometer von vielen au\u00dfergew\u00f6hnlichen Sehensw\u00fcrdigkeiten entfernt, k\u00f6nnen Sie Ihren Aufenthalt in der gr\u00fcnen Provence genie\u00dfen.<\/p>\n<p>\t\t\t\t<img decoding=\"async\" src=\"https:\/\/www.domaine-des-eissartenes.com\/wp-content\/uploads\/2018\/03\/les-vignes-du-domaine.jpg\" alt=\"les-vignes-du-domaine\" itemprop=\"image\" title=\"les-vignes-du-domaine\"  \/><\/p>\n<h2>\n\t\tAlles weniger als 1.30 Stunden von der Domaine entfernt<br \/>\n\t<\/h2>\n<p>Das Mittelmeer und seine Traumstr\u00e4nde, die Buchten von Cassis, die Insel Porquerolles, Saint Tropez und sein lebendiges Treiben, aber auch die sch\u00f6ne Stadt Aix-en-Provence, Marseille und sein alter Hafen, das F\u00fcrstentum Monaco, die Gorges du Verdon, der Mercantour-Park, die Abtei von Thoronet und viele andere Wunder, zu denen auch Sainte Baume, Sainte Victoire, das kleine Dorf Cotignac, der Lac Carces, das Bio-Dorf von Correns geh\u00f6ren &#8230; sind weniger als 1.30 Std. mit dem Auto von der Domaine entfernt, so dass dieser Urlaub in der Provence der sch\u00f6nste und gelungenste aller Ihrer Aufenthalte werden wird.<\/p>\n<p>\t<a href=\"\/de\/die-domaine\/\" target=\"_self\" role=\"button\"><br \/>\n\t\t\t\tDie Domaine entdecken<br \/>\n\t\t\t<\/a><\/p>\n<h3>DAS T\u00dcRKIS DER CALANQUES<\/h3>\n<h3>RIECHEN SIE DIE PROVENCE<\/h3>\n<h3>BATTERIEN AUFLADEN<\/h3>\n<h3>DAS LICHT DES S\u00dcDENS<\/h3>\n<h3>IM HERZEN DER GR\u00dcNEN PROVENCE<\/h3>\n<h3>Nach einem anstrengenden Tag werden Sie die Domaine und die hier herrschende Ruhe genie\u00dfen, die f\u00fcr Meditation und Besinnung so f\u00f6rderlich ist. Die komfortablen und schlicht eingerichteten Ferienwohnungen bieten Ihnen die gew\u00fcnschte Erholung.<\/h3>\n<p>\t\t\t\t<img decoding=\"async\" src=\"\" alt=\"La piscine de 16 m\u00e8tres\" itemprop=\"image\" title=\"le-bassin-au-petit-matin\"  \/><\/p>\n<h2>\n\t\t\tSie k\u00f6nnen am wundersch\u00f6nen<br \/>\n\t\t\t\t\t\t\tPool entspannen<br \/>\n\t\t<\/h2>\n<p><strong>&#8230; und genie\u00dfen Sie den Pool von 15 x 5 Metern<\/strong> mit seiner schonenden Salzfilterung. Das Wasser wird von der Sonne der Provence nat\u00fcrlich aufgeheizt. F\u00fcr den Beginn und das Ende der Saison ist eine zus\u00e4tzliche Heizung vorgesehen. Komfortable Liegest\u00fchle aus Teakholz unter sch\u00f6nen Sonnenschirmen erm\u00f6glichen es Ihnen, die gro\u00dfen Terrassen rund um diesen Pool zu genie\u00dfen.<\/p>\n<p>Eine Au\u00dfendusche und ein Poolhaus mit Dusche, WC, einer Maschine, die an hei\u00dfen Tagen Eisw\u00fcrfel f\u00fcr sie bereitstellt, aber auch einer Sauna f\u00fcr die Nebensaison, komplettieren die hochwertige Ausstattung dieser Orte.<\/p>\n<p><strong>Ein Boulesplatz, der am Abend beleuchtet ist,<\/strong> die Reben und der Wald f\u00fcr Ihre Spazierg\u00e4nge machen Ihren Aufenthalt in der Domaine des Eisartses zu einem besonderen Erlebnis.<\/p>\n<p>\t<a href=\"https:\/\/www.domaine-des-eissartenes.com\/de\/der-pool\/\" target=\"_self\" role=\"button\"><br \/>\n\t\t\t\tPool ansehen<br \/>\n\t\t\t<\/a><\/p>\n<h3>Wir k\u00f6nnen Ihnen unser gutes Bio-Oliven\u00f6l von der Domaine anbieten.<\/h3>\n<p>Es ist ein mildes \u00d6l, angenehm, ohne Bitterstoffe und dessen Duft an die bl\u00fchenden Kr\u00e4uter dieser sch\u00f6nen Region erinnert.<\/p>\n<p>\t\t\t\t<img decoding=\"async\" src=\"https:\/\/www.domaine-des-eissartenes.com\/wp-content\/uploads\/2018\/04\/lhuile-dolive-du-domaine.jpg\" alt=\"L'huile d'Olive du Domaine\" itemprop=\"image\" title=\"l'huile-d'olive-du-domaine\"  \/><\/p>\n<h3>Wir bereiten unsere erste Lese mit dem Etikett der Domaine<\/h3>\n<p>vor und haben au\u00dferdem unseren sch\u00f6nen Ros\u00e9 der Coteaux Varois im Angebot. Dar\u00fcber hinaus bieten wir f\u00fcr Ihre Abende eine Auswahl an Weinen aus der Region, die auf der Domaine erh\u00e4ltlich sind.<\/p>\n<p>\t\t\t\t<img decoding=\"async\" src=\"https:\/\/www.domaine-des-eissartenes.com\/wp-content\/uploads\/2018\/04\/les-raisins-du-domaine.jpg\" alt=\"Les raisins du Domaine\" itemprop=\"image\" title=\"les-raisins-du-domaine\"  \/><br \/>\n\t\t\t\t<img decoding=\"async\" src=\"\" alt=\"logo-domaine-deseissartenes\" itemprop=\"image\" title=\"logo-domaine-deseissartenes\"  \/><\/p>\n<p>Wie wir bereits sagten, haben wir uns gerade in diese Region verliebt. Wir werden unsere Dienstleistungen bald ausweiten, um Ihnen zus\u00e4tzliche Aktivit\u00e4ten anzubieten. Neben den zahlreichen oben genannten Sehensw\u00fcrdigkeiten, k\u00f6nnen Sie lange Radtouren unternehmen, die Landschaft zu Pferd erkunden, denn alles ist in der N\u00e4he der Domaine vorhanden.<\/p>\n<p>Bei einem k\u00f6stlichen Glas Ros\u00e9 erz\u00e4hlen wir Ihnen von unseren Leidenschaften und teilen Sie beim Gesang der Zikaden mit Ihnen.<\/p>\n<h3>Bis bald in der Domaine des Eissartenes, dem Paradies in der Provence.<\/h3>\n<p>\t<a href=\"\/de\/die-ferienwohnungen\/\" target=\"_self\" role=\"button\"><br \/>\n\t\t\t\tDie 4 Ferienwohnungen der Domaine ansehen<br \/>\n\t\t\t<\/a><\/p>\n","protected":false},"excerpt":{"rendered":"<p>Willkommen in der Domaine des Eissartenes Ein Paradies in der Provence Wir sind gl\u00fccklich und besonders geehrt, Ihnen unser \u201ekleines Paradies\u201c im Herzen dieser wundersch\u00f6nen Region vorzustellen, die wir die gr\u00fcne Provence nennen. Nach einem Leben, das den Reben, dem Wein und dem Wohlbefinden der Menschen im Muscadet-Weinbaugebiet gewidmet war, haben wir beschlossen, uns hier&hellip;<\/p>\n","protected":false},"author":2,"featured_media":0,"parent":0,"menu_order":0,"comment_status":"closed","ping_status":"closed","template":"","meta":{"_acf_changed":false,"footnotes":""},"class_list":["post-1079","page","type-page","status-publish","hentry"],"acf":[],"yoast_head":"<!-- This site is optimized with the Yoast SEO plugin v27.4 - https:\/\/yoast.com\/product\/yoast-seo-wordpress\/ -->\n<title>Willkommen - Domaine des Eissartenes<\/title>\n<meta name=\"description\" content=\"Willkommen in der Domaine des Eissartenes Ein Paradies in der Provence Wir sind gl\u00fccklich und besonders geehrt, Ihnen unser \u201ekleines Paradies\u201c im Herzen\" \/>\n<meta name=\"robots\" content=\"index, follow, max-snippet:-1, max-image-preview:large, max-video-preview:-1\" \/>\n<link rel=\"canonical\" href=\"http:\/\/www.domaine-des-eissartenes.com\/de\/willkommen\/\" \/>\n<meta property=\"og:locale\" content=\"de_DE\" \/>\n<meta property=\"og:type\" content=\"article\" \/>\n<meta property=\"og:title\" content=\"Willkommen - Domaine des Eissartenes\" \/>\n<meta property=\"og:description\" content=\"Willkommen in der Domaine des Eissartenes Ein Paradies in der Provence Wir sind gl\u00fccklich und besonders geehrt, Ihnen unser \u201ekleines Paradies\u201c im Herzen\" \/>\n<meta property=\"og:url\" content=\"http:\/\/www.domaine-des-eissartenes.com\/de\/willkommen\/\" \/>\n<meta property=\"og:site_name\" content=\"Domaine des Eissartenes\" \/>\n<meta property=\"article:modified_time\" content=\"2019-01-21T13:48:57+00:00\" \/>\n<meta property=\"og:image\" content=\"https:\/\/www.domaine-des-eissartenes.com\/wp-content\/uploads\/2018\/03\/les-vignes-du-domaine.jpg\" \/>\n<meta name=\"twitter:card\" content=\"summary_large_image\" \/>\n<meta name=\"twitter:label1\" content=\"Gesch\u00e4tzte Lesezeit\" \/>\n\t<meta name=\"twitter:data1\" content=\"4\u00a0Minuten\" \/>\n<script type=\"application\/ld+json\" class=\"yoast-schema-graph\">{\"@context\":\"https:\\\/\\\/schema.org\",\"@graph\":[{\"@type\":\"WebPage\",\"@id\":\"http:\\\/\\\/www.domaine-des-eissartenes.com\\\/de\\\/willkommen\\\/\",\"url\":\"http:\\\/\\\/www.domaine-des-eissartenes.com\\\/de\\\/willkommen\\\/\",\"name\":\"Willkommen - Domaine des Eissartenes\",\"isPartOf\":{\"@id\":\"https:\\\/\\\/www.domaine-des-eissartenes.com\\\/de\\\/#website\"},\"primaryImageOfPage\":{\"@id\":\"http:\\\/\\\/www.domaine-des-eissartenes.com\\\/de\\\/willkommen\\\/#primaryimage\"},\"image\":{\"@id\":\"http:\\\/\\\/www.domaine-des-eissartenes.com\\\/de\\\/willkommen\\\/#primaryimage\"},\"thumbnailUrl\":\"https:\\\/\\\/www.domaine-des-eissartenes.com\\\/wp-content\\\/uploads\\\/2018\\\/03\\\/les-vignes-du-domaine.jpg\",\"datePublished\":\"2018-05-15T13:14:54+00:00\",\"dateModified\":\"2019-01-21T13:48:57+00:00\",\"description\":\"Willkommen in der Domaine des Eissartenes Ein Paradies in der Provence Wir sind gl\u00fccklich und besonders geehrt, Ihnen unser \u201ekleines Paradies\u201c im Herzen\",\"breadcrumb\":{\"@id\":\"http:\\\/\\\/www.domaine-des-eissartenes.com\\\/de\\\/willkommen\\\/#breadcrumb\"},\"inLanguage\":\"de\",\"potentialAction\":[{\"@type\":\"ReadAction\",\"target\":[\"http:\\\/\\\/www.domaine-des-eissartenes.com\\\/de\\\/willkommen\\\/\"]}]},{\"@type\":\"ImageObject\",\"inLanguage\":\"de\",\"@id\":\"http:\\\/\\\/www.domaine-des-eissartenes.com\\\/de\\\/willkommen\\\/#primaryimage\",\"url\":\"https:\\\/\\\/www.domaine-des-eissartenes.com\\\/wp-content\\\/uploads\\\/2018\\\/03\\\/les-vignes-du-domaine.jpg\",\"contentUrl\":\"https:\\\/\\\/www.domaine-des-eissartenes.com\\\/wp-content\\\/uploads\\\/2018\\\/03\\\/les-vignes-du-domaine.jpg\"},{\"@type\":\"BreadcrumbList\",\"@id\":\"http:\\\/\\\/www.domaine-des-eissartenes.com\\\/de\\\/willkommen\\\/#breadcrumb\",\"itemListElement\":[{\"@type\":\"ListItem\",\"position\":1,\"name\":\"Startseite\",\"item\":\"https:\\\/\\\/www.domaine-des-eissartenes.com\\\/de\\\/\"},{\"@type\":\"ListItem\",\"position\":2,\"name\":\"Willkommen\"}]},{\"@type\":\"WebSite\",\"@id\":\"https:\\\/\\\/www.domaine-des-eissartenes.com\\\/de\\\/#website\",\"url\":\"https:\\\/\\\/www.domaine-des-eissartenes.com\\\/de\\\/\",\"name\":\"Domaine des Eissartenes\",\"description\":\"Vermietung von Gites mit Service - Coteaux Varois en Provence\",\"potentialAction\":[{\"@type\":\"SearchAction\",\"target\":{\"@type\":\"EntryPoint\",\"urlTemplate\":\"https:\\\/\\\/www.domaine-des-eissartenes.com\\\/de\\\/?s={search_term_string}\"},\"query-input\":{\"@type\":\"PropertyValueSpecification\",\"valueRequired\":true,\"valueName\":\"search_term_string\"}}],\"inLanguage\":\"de\"}]}<\/script>\n<!-- \/ Yoast SEO plugin. -->","yoast_head_json":{"title":"Willkommen - Domaine des Eissartenes","description":"Willkommen in der Domaine des Eissartenes Ein Paradies in der Provence Wir sind gl\u00fccklich und besonders geehrt, Ihnen unser \u201ekleines Paradies\u201c im Herzen","robots":{"index":"index","follow":"follow","max-snippet":"max-snippet:-1","max-image-preview":"max-image-preview:large","max-video-preview":"max-video-preview:-1"},"canonical":"http:\/\/www.domaine-des-eissartenes.com\/de\/willkommen\/","og_locale":"de_DE","og_type":"article","og_title":"Willkommen - Domaine des Eissartenes","og_description":"Willkommen in der Domaine des Eissartenes Ein Paradies in der Provence Wir sind gl\u00fccklich und besonders geehrt, Ihnen unser \u201ekleines Paradies\u201c im Herzen","og_url":"http:\/\/www.domaine-des-eissartenes.com\/de\/willkommen\/","og_site_name":"Domaine des Eissartenes","article_modified_time":"2019-01-21T13:48:57+00:00","og_image":[{"url":"https:\/\/www.domaine-des-eissartenes.com\/wp-content\/uploads\/2018\/03\/les-vignes-du-domaine.jpg","type":"","width":"","height":""}],"twitter_card":"summary_large_image","twitter_misc":{"Gesch\u00e4tzte Lesezeit":"4\u00a0Minuten"},"schema":{"@context":"https:\/\/schema.org","@graph":[{"@type":"WebPage","@id":"http:\/\/www.domaine-des-eissartenes.com\/de\/willkommen\/","url":"http:\/\/www.domaine-des-eissartenes.com\/de\/willkommen\/","name":"Willkommen - Domaine des Eissartenes","isPartOf":{"@id":"https:\/\/www.domaine-des-eissartenes.com\/de\/#website"},"primaryImageOfPage":{"@id":"http:\/\/www.domaine-des-eissartenes.com\/de\/willkommen\/#primaryimage"},"image":{"@id":"http:\/\/www.domaine-des-eissartenes.com\/de\/willkommen\/#primaryimage"},"thumbnailUrl":"https:\/\/www.domaine-des-eissartenes.com\/wp-content\/uploads\/2018\/03\/les-vignes-du-domaine.jpg","datePublished":"2018-05-15T13:14:54+00:00","dateModified":"2019-01-21T13:48:57+00:00","description":"Willkommen in der Domaine des Eissartenes Ein Paradies in der Provence Wir sind gl\u00fccklich und besonders geehrt, Ihnen unser \u201ekleines Paradies\u201c im Herzen","breadcrumb":{"@id":"http:\/\/www.domaine-des-eissartenes.com\/de\/willkommen\/#breadcrumb"},"inLanguage":"de","potentialAction":[{"@type":"ReadAction","target":["http:\/\/www.domaine-des-eissartenes.com\/de\/willkommen\/"]}]},{"@type":"ImageObject","inLanguage":"de","@id":"http:\/\/www.domaine-des-eissartenes.com\/de\/willkommen\/#primaryimage","url":"https:\/\/www.domaine-des-eissartenes.com\/wp-content\/uploads\/2018\/03\/les-vignes-du-domaine.jpg","contentUrl":"https:\/\/www.domaine-des-eissartenes.com\/wp-content\/uploads\/2018\/03\/les-vignes-du-domaine.jpg"},{"@type":"BreadcrumbList","@id":"http:\/\/www.domaine-des-eissartenes.com\/de\/willkommen\/#breadcrumb","itemListElement":[{"@type":"ListItem","position":1,"name":"Startseite","item":"https:\/\/www.domaine-des-eissartenes.com\/de\/"},{"@type":"ListItem","position":2,"name":"Willkommen"}]},{"@type":"WebSite","@id":"https:\/\/www.domaine-des-eissartenes.com\/de\/#website","url":"https:\/\/www.domaine-des-eissartenes.com\/de\/","name":"Domaine des Eissartenes","description":"Vermietung von Gites mit Service - Coteaux Varois en Provence","potentialAction":[{"@type":"SearchAction","target":{"@type":"EntryPoint","urlTemplate":"https:\/\/www.domaine-des-eissartenes.com\/de\/?s={search_term_string}"},"query-input":{"@type":"PropertyValueSpecification","valueRequired":true,"valueName":"search_term_string"}}],"inLanguage":"de"}]}},"_links":{"self":[{"href":"http:\/\/www.domaine-des-eissartenes.com\/de\/wp-json\/wp\/v2\/pages\/1079","targetHints":{"allow":["GET"]}}],"collection":[{"href":"http:\/\/www.domaine-des-eissartenes.com\/de\/wp-json\/wp\/v2\/pages"}],"about":[{"href":"http:\/\/www.domaine-des-eissartenes.com\/de\/wp-json\/wp\/v2\/types\/page"}],"author":[{"embeddable":true,"href":"http:\/\/www.domaine-des-eissartenes.com\/de\/wp-json\/wp\/v2\/users\/2"}],"replies":[{"embeddable":true,"href":"http:\/\/www.domaine-des-eissartenes.com\/de\/wp-json\/wp\/v2\/comments?post=1079"}],"version-history":[{"count":0,"href":"http:\/\/www.domaine-des-eissartenes.com\/de\/wp-json\/wp\/v2\/pages\/1079\/revisions"}],"wp:attachment":[{"href":"http:\/\/www.domaine-des-eissartenes.com\/de\/wp-json\/wp\/v2\/media?parent=1079"}],"curies":[{"name":"wp","href":"https:\/\/api.w.org\/{rel}","templated":true}]}}