{"id":1075,"date":"2018-05-15T15:14:10","date_gmt":"2018-05-15T13:14:10","guid":{"rendered":"https:\/\/www.domaine-des-eissartenes.com\/reservierungen\/"},"modified":"2025-09-29T12:24:37","modified_gmt":"2025-09-29T10:24:37","slug":"reservierungen","status":"publish","type":"page","link":"http:\/\/www.domaine-des-eissartenes.com\/de\/reservierungen\/","title":{"rendered":"RESERVIERUNGEN"},"content":{"rendered":"\n<h1>\n\t\t\tReservierungen &#8211; Saison vom 6. Juni bis zum 13. September\t<\/h1>\n\t\t<h3>&#8211; Nebensaison und Sonderaufenthalte auf Anfrage &#8211; <\/h3>\n\t\t<p>Kontaktieren Sie uns, wir antworten schnellstm\u00f6glich auf Ihre Anfrage<\/p>\n\t\t\t<a href=\"\/de\/kontakt\/\" target=\"_self\">\n\t\t\t\t\t\tKontaktieren Sie uns\n\t\t\t\t\t<\/a>\n\t<strong>Um eine Reservierung vorzunehmen, f\u00fcllen Sie bitte das folgende Formular aus.<\/strong><br \/>\nWenn Sie Probleme mit Ihrem Browser haben, senden Sie uns eine direkte E-Mail an folgende Adresse:\n<p><a href=\"mailto:contact@domaine-des-eissartenes.com\" target=\"_blank\" rel=\"noopener\">contact@domaine-des-eissartenes.com<\/a><\/p>\n\t\t<h3>\n\t\t\tInfos\n\t\t<\/h3>\n\t<strong>DOMAINE DES EISSARTENES<\/strong><br \/>\nS.A.R.L mit einem Kapital von 1.700.000 Euro<br \/>\n4606 &#8211; Route de Bras<br \/>\n83143 &#8211; Le Val (Frankreich)<br \/>\nHandelsregister DRAGUIGNAN 828 415 627<br \/>\nUSt.-Nr.: FR 20 828 412 627\nCatherine und Jean-Philippe DROUET<br \/>\n<b>Domaine des Eissartenes<\/b><br \/>\n4606 Route de Bras<br \/>\n83143 Le Val &#8211; FRANCE<br \/>\nTel.\u00a0:\u00a0+33\u00a0(0)4\u00a094\u00a080\u00a012\u00a090<br \/>\nMOB: +33 (0)6 72 00 21 91\n\t\t<h3>\n\t\t\tReservierungsformular\n\t\t<\/h3>\n \n<form action=\"\/de\/?page_id=1075&#038;fl_builder#wpcf7-f1519-o1\" method=\"post\" aria-label=\"Formulaire de contact\" novalidate=\"novalidate\" data-status=\"init\">\n<fieldset><input type=\"hidden\" name=\"_wpcf7\" value=\"1519\" \/><input type=\"hidden\" name=\"_wpcf7_version\" value=\"6.1.1\" \/><input type=\"hidden\" name=\"_wpcf7_locale\" value=\"fr_FR\" \/><input type=\"hidden\" name=\"_wpcf7_unit_tag\" value=\"wpcf7-f1519-o1\" \/><input type=\"hidden\" name=\"_wpcf7_container_post\" value=\"0\" \/><input type=\"hidden\" name=\"_wpcf7_posted_data_hash\" value=\"\" \/><input type=\"hidden\" name=\"_wpcf7_recaptcha_response\" value=\"\" \/>\n<\/fieldset>\n<label>Dein Name *<\/label><br \/>\n<input size=\"40\" maxlength=\"400\" aria-required=\"true\" aria-invalid=\"false\" placeholder=\"nom\" value=\"\" type=\"text\" name=\"nom\" \/>\n\n<label>Deine Adresse *<\/label><br \/>\n<textarea cols=\"40\" rows=\"10\" maxlength=\"2000\" aria-required=\"true\" aria-invalid=\"false\" name=\"adresse\"><\/textarea>\n\n<label>Deine Telefonnummer *<\/label><br \/>\n<input size=\"40\" maxlength=\"400\" aria-required=\"true\" aria-invalid=\"false\" value=\"\" type=\"text\" name=\"telephone\" \/>\n\n<label>Deine E-Mail * <\/label><br \/>\n<input size=\"40\" maxlength=\"400\" aria-required=\"true\" aria-invalid=\"false\" value=\"\" type=\"email\" name=\"your_email\" \/>\n\n<label>Ich w\u00e4hlte meine Ferienwohnungen *<\/label><br \/>\n<select aria-required=\"true\" aria-invalid=\"false\" name=\"je_choisi_mon_gite\"><option value=\"\">&#8212;Veuillez choisir une option&#8212;<\/option><option value=\"Soleil\">Soleil<\/option><option value=\"Lune\">Lune<\/option><option value=\"Saturne\">Saturne<\/option><option value=\"Venus\">Venus<\/option><\/select>\n\n<label>Anzahl der Personen *<\/label><br \/>\n<label>1<input type=\"checkbox\" name=\"checkbox-45\" value=\"1\" \/><\/label><label>2<input type=\"checkbox\" name=\"checkbox-45\" value=\"2\" \/><\/label><label>3<input type=\"checkbox\" name=\"checkbox-45\" value=\"3\" \/><\/label><label>4<input type=\"checkbox\" name=\"checkbox-45\" value=\"4\" \/><\/label><label>5<input type=\"checkbox\" name=\"checkbox-45\" value=\"5\" \/><\/label><label>6<input type=\"checkbox\" name=\"checkbox-45\" value=\"6\" \/><\/label><label>7<input type=\"checkbox\" name=\"checkbox-45\" value=\"7\" \/><\/label><label>8<input type=\"checkbox\" name=\"checkbox-45\" value=\"8\" \/><\/label>\n\n<label>Ankunftsdatum *<\/label><br \/>\n<input aria-required=\"true\" aria-invalid=\"false\" value=\"\" type=\"date\" name=\"date_arrivee\" \/>\n\n<label>Ende des Aufenthaltsdatums *<\/label><br \/>\n<input aria-required=\"true\" aria-invalid=\"false\" value=\"\" type=\"date\" name=\"date_depart\" \/>\n\nDiese E-Mail wurde \u00fcber das Kontaktformular von Domaine des Eissartenes, Ferienwohnungen versandt\n\n<label>Mitteilung<\/label><br \/>\n<textarea cols=\"40\" rows=\"10\" maxlength=\"2000\" aria-invalid=\"false\" name=\"votremessage\"><\/textarea>\n\n<input type=\"submit\" value=\"Senden\" \/>\n\n<\/form>\n\t<h3>SAISON<\/h3><strong>Vom 6. Juni bis zum 12. September 2026<\/strong><br \/>\nNebensaison und Sonderaufenthalte auf Anfrage\n\t<h3>BELEGUNG<\/h3><strong>Minimum 1 Woche<\/strong> (7 N\u00e4chte)<br \/>\nAnkunft am Samstag: nicht vor <strong>16.00 Uhr<\/strong><br \/>\nAbreise am Samstag sp\u00e4testens um <strong>9:00 Uhr.<\/strong>\n\t<h3>ZAHLUNGSBEDINGUNGEN<\/h3><p><strong>Zahlung von 30 % bei der Buchung<\/strong> per best\u00e4tigte \u00dcberweisung. Der Restbetrag muss 2 Wochen vor dem Anreisedatum \u00fcberwiesen werden.<\/p>\n<h3>\n\t\t\tWIR W\u00dcNSCHEN IHNEN EINEN WUNDERBAREN AUFENTHALT AUF DER DOMAINE DES EISSARTENES IN DER PROVENCE\t<\/h3>\n\t\t\t<a href=\"\/de\/die-ferienwohnungen\/\" target=\"_self\">\n\t\t\t\t\t\t\tAlle Ferienwohnungen ansehen\n\t\t\t<\/a>\n\n","protected":false},"excerpt":{"rendered":"<p>Reservierungen &#8211; Saison vom 6. Juni bis zum 13. September &#8211; Nebensaison und Sonderaufenthalte auf Anfrage &#8211; Kontaktieren Sie uns, wir antworten schnellstm\u00f6glich auf Ihre Anfrage Kontaktieren Sie uns Um eine Reservierung vorzunehmen, f\u00fcllen Sie bitte das folgende Formular aus. Wenn Sie Probleme mit Ihrem Browser haben, senden Sie uns eine direkte E-Mail an folgende&hellip;<\/p>\n","protected":false},"author":2,"featured_media":0,"parent":0,"menu_order":0,"comment_status":"closed","ping_status":"closed","template":"","meta":{"_acf_changed":false,"footnotes":""},"class_list":["post-1075","page","type-page","status-publish","hentry"],"acf":[],"yoast_head":"<!-- This site is optimized with the Yoast SEO plugin v27.4 - https:\/\/yoast.com\/product\/yoast-seo-wordpress\/ -->\n<title>RESERVIERUNGEN - Domaine des Eissartenes<\/title>\n<meta name=\"description\" content=\"Reservierungen - Saison vom 6. Juni bis zum 13. September - Nebensaison und Sonderaufenthalte auf Anfrage - Kontaktieren Sie uns, wir antworten\" \/>\n<meta name=\"robots\" content=\"index, follow, max-snippet:-1, max-image-preview:large, max-video-preview:-1\" \/>\n<link rel=\"canonical\" href=\"http:\/\/www.domaine-des-eissartenes.com\/de\/reservierungen\/\" \/>\n<meta property=\"og:locale\" content=\"de_DE\" \/>\n<meta property=\"og:type\" content=\"article\" \/>\n<meta property=\"og:title\" content=\"RESERVIERUNGEN - Domaine des Eissartenes\" \/>\n<meta property=\"og:description\" content=\"Reservierungen - Saison vom 6. Juni bis zum 13. September - Nebensaison und Sonderaufenthalte auf Anfrage - Kontaktieren Sie uns, wir antworten\" \/>\n<meta property=\"og:url\" content=\"http:\/\/www.domaine-des-eissartenes.com\/de\/reservierungen\/\" \/>\n<meta property=\"og:site_name\" content=\"Domaine des Eissartenes\" \/>\n<meta property=\"article:modified_time\" content=\"2025-09-29T10:24:37+00:00\" \/>\n<meta name=\"twitter:card\" content=\"summary_large_image\" \/>\n<meta name=\"twitter:label1\" content=\"Gesch\u00e4tzte Lesezeit\" \/>\n\t<meta name=\"twitter:data1\" content=\"1\u00a0Minute\" \/>\n<script type=\"application\/ld+json\" class=\"yoast-schema-graph\">{\"@context\":\"https:\\\/\\\/schema.org\",\"@graph\":[{\"@type\":\"WebPage\",\"@id\":\"http:\\\/\\\/www.domaine-des-eissartenes.com\\\/de\\\/reservierungen\\\/\",\"url\":\"http:\\\/\\\/www.domaine-des-eissartenes.com\\\/de\\\/reservierungen\\\/\",\"name\":\"RESERVIERUNGEN - Domaine des Eissartenes\",\"isPartOf\":{\"@id\":\"https:\\\/\\\/www.domaine-des-eissartenes.com\\\/de\\\/#website\"},\"datePublished\":\"2018-05-15T13:14:10+00:00\",\"dateModified\":\"2025-09-29T10:24:37+00:00\",\"description\":\"Reservierungen - Saison vom 6. Juni bis zum 13. September - Nebensaison und Sonderaufenthalte auf Anfrage - Kontaktieren Sie uns, wir antworten\",\"breadcrumb\":{\"@id\":\"http:\\\/\\\/www.domaine-des-eissartenes.com\\\/de\\\/reservierungen\\\/#breadcrumb\"},\"inLanguage\":\"de\",\"potentialAction\":[{\"@type\":\"ReadAction\",\"target\":[\"http:\\\/\\\/www.domaine-des-eissartenes.com\\\/de\\\/reservierungen\\\/\"]}]},{\"@type\":\"BreadcrumbList\",\"@id\":\"http:\\\/\\\/www.domaine-des-eissartenes.com\\\/de\\\/reservierungen\\\/#breadcrumb\",\"itemListElement\":[{\"@type\":\"ListItem\",\"position\":1,\"name\":\"Startseite\",\"item\":\"https:\\\/\\\/www.domaine-des-eissartenes.com\\\/de\\\/\"},{\"@type\":\"ListItem\",\"position\":2,\"name\":\"RESERVIERUNGEN\"}]},{\"@type\":\"WebSite\",\"@id\":\"https:\\\/\\\/www.domaine-des-eissartenes.com\\\/de\\\/#website\",\"url\":\"https:\\\/\\\/www.domaine-des-eissartenes.com\\\/de\\\/\",\"name\":\"Domaine des Eissartenes\",\"description\":\"Vermietung von Gites mit Service - Coteaux Varois en Provence\",\"potentialAction\":[{\"@type\":\"SearchAction\",\"target\":{\"@type\":\"EntryPoint\",\"urlTemplate\":\"https:\\\/\\\/www.domaine-des-eissartenes.com\\\/de\\\/?s={search_term_string}\"},\"query-input\":{\"@type\":\"PropertyValueSpecification\",\"valueRequired\":true,\"valueName\":\"search_term_string\"}}],\"inLanguage\":\"de\"}]}<\/script>\n<!-- \/ Yoast SEO plugin. -->","yoast_head_json":{"title":"RESERVIERUNGEN - Domaine des Eissartenes","description":"Reservierungen - Saison vom 6. Juni bis zum 13. September - Nebensaison und Sonderaufenthalte auf Anfrage - Kontaktieren Sie uns, wir antworten","robots":{"index":"index","follow":"follow","max-snippet":"max-snippet:-1","max-image-preview":"max-image-preview:large","max-video-preview":"max-video-preview:-1"},"canonical":"http:\/\/www.domaine-des-eissartenes.com\/de\/reservierungen\/","og_locale":"de_DE","og_type":"article","og_title":"RESERVIERUNGEN - Domaine des Eissartenes","og_description":"Reservierungen - Saison vom 6. Juni bis zum 13. September - Nebensaison und Sonderaufenthalte auf Anfrage - Kontaktieren Sie uns, wir antworten","og_url":"http:\/\/www.domaine-des-eissartenes.com\/de\/reservierungen\/","og_site_name":"Domaine des Eissartenes","article_modified_time":"2025-09-29T10:24:37+00:00","twitter_card":"summary_large_image","twitter_misc":{"Gesch\u00e4tzte Lesezeit":"1\u00a0Minute"},"schema":{"@context":"https:\/\/schema.org","@graph":[{"@type":"WebPage","@id":"http:\/\/www.domaine-des-eissartenes.com\/de\/reservierungen\/","url":"http:\/\/www.domaine-des-eissartenes.com\/de\/reservierungen\/","name":"RESERVIERUNGEN - Domaine des Eissartenes","isPartOf":{"@id":"https:\/\/www.domaine-des-eissartenes.com\/de\/#website"},"datePublished":"2018-05-15T13:14:10+00:00","dateModified":"2025-09-29T10:24:37+00:00","description":"Reservierungen - Saison vom 6. Juni bis zum 13. September - Nebensaison und Sonderaufenthalte auf Anfrage - Kontaktieren Sie uns, wir antworten","breadcrumb":{"@id":"http:\/\/www.domaine-des-eissartenes.com\/de\/reservierungen\/#breadcrumb"},"inLanguage":"de","potentialAction":[{"@type":"ReadAction","target":["http:\/\/www.domaine-des-eissartenes.com\/de\/reservierungen\/"]}]},{"@type":"BreadcrumbList","@id":"http:\/\/www.domaine-des-eissartenes.com\/de\/reservierungen\/#breadcrumb","itemListElement":[{"@type":"ListItem","position":1,"name":"Startseite","item":"https:\/\/www.domaine-des-eissartenes.com\/de\/"},{"@type":"ListItem","position":2,"name":"RESERVIERUNGEN"}]},{"@type":"WebSite","@id":"https:\/\/www.domaine-des-eissartenes.com\/de\/#website","url":"https:\/\/www.domaine-des-eissartenes.com\/de\/","name":"Domaine des Eissartenes","description":"Vermietung von Gites mit Service - Coteaux Varois en Provence","potentialAction":[{"@type":"SearchAction","target":{"@type":"EntryPoint","urlTemplate":"https:\/\/www.domaine-des-eissartenes.com\/de\/?s={search_term_string}"},"query-input":{"@type":"PropertyValueSpecification","valueRequired":true,"valueName":"search_term_string"}}],"inLanguage":"de"}]}},"_links":{"self":[{"href":"http:\/\/www.domaine-des-eissartenes.com\/de\/wp-json\/wp\/v2\/pages\/1075","targetHints":{"allow":["GET"]}}],"collection":[{"href":"http:\/\/www.domaine-des-eissartenes.com\/de\/wp-json\/wp\/v2\/pages"}],"about":[{"href":"http:\/\/www.domaine-des-eissartenes.com\/de\/wp-json\/wp\/v2\/types\/page"}],"author":[{"embeddable":true,"href":"http:\/\/www.domaine-des-eissartenes.com\/de\/wp-json\/wp\/v2\/users\/2"}],"replies":[{"embeddable":true,"href":"http:\/\/www.domaine-des-eissartenes.com\/de\/wp-json\/wp\/v2\/comments?post=1075"}],"version-history":[{"count":0,"href":"http:\/\/www.domaine-des-eissartenes.com\/de\/wp-json\/wp\/v2\/pages\/1075\/revisions"}],"wp:attachment":[{"href":"http:\/\/www.domaine-des-eissartenes.com\/de\/wp-json\/wp\/v2\/media?parent=1075"}],"curies":[{"name":"wp","href":"https:\/\/api.w.org\/{rel}","templated":true}]}}