{"id":1074,"date":"2018-05-15T15:13:57","date_gmt":"2018-05-15T13:13:57","guid":{"rendered":"https:\/\/www.domaine-des-eissartenes.com\/preise\/"},"modified":"2025-09-29T12:27:39","modified_gmt":"2025-09-29T10:27:39","slug":"preise","status":"publish","type":"page","link":"http:\/\/www.domaine-des-eissartenes.com\/de\/preise\/","title":{"rendered":"Preise"},"content":{"rendered":"\n\n\t\t<h1>\n\t\t\tPreise\n\t\t<\/h1>\n\t\t\t<p>\u00d6ffnung vom 6. juni bis zum 12. September 2026<\/p>\t\t\n\t<p>Unsere Preise verstehen sich inkl. MwSt. pro Wohnung pro Woche inklusive Nebenkosten, inklusive Wechsel der Bettw\u00e4sche, Handt\u00fccher sowie Reinigung der Ferienwohnungen. ABFAHRT <strong>9.00<\/strong> am samstag.<\/p>\n\t\t\t\t\t<h2>Die Ferienwohnung Soleil<\/h2> Preise \/ Woche<ul role=\"list\"><li role=\"listitem\">Vom 6. Juni bis zum 13. Juni<strong> 920\u20ac<\/strong><\/li><li role=\"listitem\">Vom 13. Juni bis zum 4. Juli<strong> 1120\u20ac<\/strong><\/li><li role=\"listitem\">Vom 4. Juli bis zum 12. Sept<strong> 1280\u20ac<\/strong><\/li><\/ul>\n\t\t\t<a href=\"http:\/\/www.domaine-des-eissartenes.com\/reservations\/\" target=\"_self\">\n\t\t\t\t\t\t\tReservieren\n\t\t\t<\/a>\n\t\t\t\t\t<h2>Die Ferienwohnung Lune<\/h2> Preise \/ Woche<ul role=\"list\"><li role=\"listitem\">Vom 6. Juni bis zum 13. Juni <strong>880\u20ac<\/strong><\/li><li role=\"listitem\">Vom 13. Juni bis zum 4. Juli <strong>1060\u20ac<\/strong><\/li><li role=\"listitem\">Vom 4. Juli bis zum 12. Sept <strong>1200\u20ac<\/strong><\/li><\/ul>\n\t\t\t<a href=\"http:\/\/www.domaine-des-eissartenes.com\/reservations\/\" target=\"_self\">\n\t\t\t\t\t\t\tReservieren\n\t\t\t<\/a>\n\t\t\t\t\t<h2>Die Ferienwohnung Lune + Terre<\/h2> Preise \/ Woche<ul role=\"list\"><li role=\"listitem\">Vom 6. Juni bis zum 13. Juni <strong>920\u20ac<\/strong><\/li><li role=\"listitem\">Vom 13. Juni bis zum 4. Juli <strong>1120\u20ac<\/strong><\/li><li role=\"listitem\">Vom 4. Juli bis zum 12. Sept <strong>1280\u20ac<\/strong><\/li><\/ul>\n\t\t\t<a href=\"http:\/\/www.domaine-des-eissartenes.com\/reservations\/\" target=\"_self\">\n\t\t\t\t\t\t\tReservieren\n\t\t\t<\/a>\n\t\t\t\t\t<h2>Die Ferienwohnung Saturne<\/h2> Preise \/ Woche<ul role=\"list\"><li role=\"listitem\">Vom 6. Juni bis zum 13. Juni <strong>800\u20ac<\/strong><\/li><li role=\"listitem\">Vom 13. Juni bis zum 4. Juli <strong>900\u20ac<\/strong><\/li><li role=\"listitem\">Vom 4. Juli bis zum 12. Sept <strong>1000\u20ac<\/strong><\/li><\/ul>\n\t\t\t<a href=\"http:\/\/www.domaine-des-eissartenes.com\/reservations\/\" target=\"_self\">\n\t\t\t\t\t\t\tReservieren\n\t\t\t<\/a>\n\t\t\t\t\t<h2>Die Ferienwohnung Venus<\/h2> Preise \/ Woche<ul role=\"list\"><li role=\"listitem\">Vom 6. Juni bis zum 13. Juni<strong> 920\u20ac<\/strong><\/li><li role=\"listitem\">Vom 13. Juni bis zum 4. Juli <strong> 1120\u20ac<\/strong><\/li><li role=\"listitem\">Vom 6. Juli bis zum 7. Sept <strong> 1280\u20ac<\/strong><\/li><\/ul>\n\t\t\t<a href=\"http:\/\/www.domaine-des-eissartenes.com\/reservations\/\" target=\"_self\">\n\t\t\t\t\t\t\tReservieren\n\t\t\t<\/a>\n\t<h3>SAISON<\/h3>Vom <strong>6. Juni bis zum 12. September 2026<\/strong><br \/>\nNebensaison und Sonderaufenthalte <strong>auf Anfrage<\/strong>\n\t<h3>BELEGUNG<\/h3><strong>Minimum 1 Woche<\/strong> (7 N\u00e4chte)<br \/>\nAnkunft am Samstag: nicht vor <strong>16.00 Uhr<\/strong><br \/>\nAbreise am Samstag sp\u00e4testens um<strong> 9:00 Uhr.<br \/>\n<\/strong>\n\t<h3>ZAHLUNGSBEDINGUNGEN<\/h3><p><strong>Zahlung von 30 % bei der Buchung<\/strong> per best\u00e4tigte \u00dcberweisung. Der Restbetrag muss 15 Tage vor dem Anreisedatum \u00fcberwiesen werden.<\/p>\n\t<strong>Eine Kaution in H\u00f6he von 250 Euro<\/strong> in bar oder als Scheck auf eine franz\u00f6sische Bank muss bei Ihrer Ankunft hinterlegt werden. Diese Kaution wird bei der Abreise nach der Kontrolle der Wohnung zur\u00fcckerstattet.\n\t<p>Waschmaschine und Trockner stehen zu Ihrer Verf\u00fcgung<strong> (5 \u20ac pro Maschine)<\/strong>.<\/p>\n\t<b>Bank<\/b>:<br \/>\nCREDIT MUTUEL VALLET, 18 Rue Fran\u00e7ois Luneau 44330 Vallet<br \/>\nSARL Domaine des Eissartenes.<br \/>\nKonto Nr.: \u00a010278 36170 00011737001 33<br \/>\nIBAN: FR76 1027 8361 7000 0117 3700 133<br \/>\nBIC: CMCIFR2A\n\t\t\t<a href=\"http:\/\/www.domaine-des-eissartenes.com\/wp-content\/uploads\/2018\/03\/RIB-Domaines-des-eissartenes.pdf\" target=\"_blank\" rel=\"noopener\">\n\t\t\t\t\t\tBankdaten herunterladen\n\t\t\t\t\t<\/a>\n<p>Im Falle einer festen Reservierung empfehlen wir Ihnen, eine Versicherung abzuschlie\u00dfen, die Sie im Falle einer Stornierung Ihr Geld zur\u00fcckerstattet.<\/p>\n<p>Kreditkarten <strong>werden nicht akzeptiert.<\/strong><\/p>\n\n","protected":false},"excerpt":{"rendered":"<p>Preise \u00d6ffnung vom 6. juni bis zum 12. September 2026 Unsere Preise verstehen sich inkl. MwSt. pro Wohnung pro Woche inklusive Nebenkosten, inklusive Wechsel der Bettw\u00e4sche, Handt\u00fccher sowie Reinigung der Ferienwohnungen. ABFAHRT 9.00 am samstag. Die Ferienwohnung Soleil Preise \/ Woche Vom 6. Juni bis zum 13. Juni 920\u20ac Vom 13. Juni bis zum 4.&hellip;<\/p>\n","protected":false},"author":2,"featured_media":0,"parent":0,"menu_order":0,"comment_status":"closed","ping_status":"closed","template":"","meta":{"_acf_changed":false,"footnotes":""},"class_list":["post-1074","page","type-page","status-publish","hentry"],"acf":[],"yoast_head":"<!-- This site is optimized with the Yoast SEO plugin v27.4 - https:\/\/yoast.com\/product\/yoast-seo-wordpress\/ -->\n<title>Preise - Domaine des Eissartenes<\/title>\n<meta name=\"description\" content=\"Preise \u00d6ffnung vom 6. juni bis zum 12. September 2026 Unsere Preise verstehen sich inkl. MwSt. pro Wohnung pro Woche inklusive Nebenkosten, inklusive\" \/>\n<meta name=\"robots\" content=\"index, follow, max-snippet:-1, max-image-preview:large, max-video-preview:-1\" \/>\n<link rel=\"canonical\" href=\"http:\/\/www.domaine-des-eissartenes.com\/de\/preise\/\" \/>\n<meta property=\"og:locale\" content=\"de_DE\" \/>\n<meta property=\"og:type\" content=\"article\" \/>\n<meta property=\"og:title\" content=\"Preise - Domaine des Eissartenes\" \/>\n<meta property=\"og:description\" content=\"Preise \u00d6ffnung vom 6. juni bis zum 12. September 2026 Unsere Preise verstehen sich inkl. MwSt. pro Wohnung pro Woche inklusive Nebenkosten, inklusive\" \/>\n<meta property=\"og:url\" content=\"http:\/\/www.domaine-des-eissartenes.com\/de\/preise\/\" \/>\n<meta property=\"og:site_name\" content=\"Domaine des Eissartenes\" \/>\n<meta property=\"article:modified_time\" content=\"2025-09-29T10:27:39+00:00\" \/>\n<meta name=\"twitter:card\" content=\"summary_large_image\" \/>\n<meta name=\"twitter:label1\" content=\"Gesch\u00e4tzte Lesezeit\" \/>\n\t<meta name=\"twitter:data1\" content=\"1\u00a0Minute\" \/>\n<script type=\"application\/ld+json\" class=\"yoast-schema-graph\">{\"@context\":\"https:\\\/\\\/schema.org\",\"@graph\":[{\"@type\":\"WebPage\",\"@id\":\"http:\\\/\\\/www.domaine-des-eissartenes.com\\\/de\\\/preise\\\/\",\"url\":\"http:\\\/\\\/www.domaine-des-eissartenes.com\\\/de\\\/preise\\\/\",\"name\":\"Preise - Domaine des Eissartenes\",\"isPartOf\":{\"@id\":\"https:\\\/\\\/www.domaine-des-eissartenes.com\\\/de\\\/#website\"},\"datePublished\":\"2018-05-15T13:13:57+00:00\",\"dateModified\":\"2025-09-29T10:27:39+00:00\",\"description\":\"Preise \u00d6ffnung vom 6. juni bis zum 12. September 2026 Unsere Preise verstehen sich inkl. MwSt. pro Wohnung pro Woche inklusive Nebenkosten, inklusive\",\"breadcrumb\":{\"@id\":\"http:\\\/\\\/www.domaine-des-eissartenes.com\\\/de\\\/preise\\\/#breadcrumb\"},\"inLanguage\":\"de\",\"potentialAction\":[{\"@type\":\"ReadAction\",\"target\":[\"http:\\\/\\\/www.domaine-des-eissartenes.com\\\/de\\\/preise\\\/\"]}]},{\"@type\":\"BreadcrumbList\",\"@id\":\"http:\\\/\\\/www.domaine-des-eissartenes.com\\\/de\\\/preise\\\/#breadcrumb\",\"itemListElement\":[{\"@type\":\"ListItem\",\"position\":1,\"name\":\"Startseite\",\"item\":\"https:\\\/\\\/www.domaine-des-eissartenes.com\\\/de\\\/\"},{\"@type\":\"ListItem\",\"position\":2,\"name\":\"Preise\"}]},{\"@type\":\"WebSite\",\"@id\":\"https:\\\/\\\/www.domaine-des-eissartenes.com\\\/de\\\/#website\",\"url\":\"https:\\\/\\\/www.domaine-des-eissartenes.com\\\/de\\\/\",\"name\":\"Domaine des Eissartenes\",\"description\":\"Vermietung von Gites mit Service - Coteaux Varois en Provence\",\"potentialAction\":[{\"@type\":\"SearchAction\",\"target\":{\"@type\":\"EntryPoint\",\"urlTemplate\":\"https:\\\/\\\/www.domaine-des-eissartenes.com\\\/de\\\/?s={search_term_string}\"},\"query-input\":{\"@type\":\"PropertyValueSpecification\",\"valueRequired\":true,\"valueName\":\"search_term_string\"}}],\"inLanguage\":\"de\"}]}<\/script>\n<!-- \/ Yoast SEO plugin. -->","yoast_head_json":{"title":"Preise - Domaine des Eissartenes","description":"Preise \u00d6ffnung vom 6. juni bis zum 12. September 2026 Unsere Preise verstehen sich inkl. MwSt. pro Wohnung pro Woche inklusive Nebenkosten, inklusive","robots":{"index":"index","follow":"follow","max-snippet":"max-snippet:-1","max-image-preview":"max-image-preview:large","max-video-preview":"max-video-preview:-1"},"canonical":"http:\/\/www.domaine-des-eissartenes.com\/de\/preise\/","og_locale":"de_DE","og_type":"article","og_title":"Preise - Domaine des Eissartenes","og_description":"Preise \u00d6ffnung vom 6. juni bis zum 12. September 2026 Unsere Preise verstehen sich inkl. MwSt. pro Wohnung pro Woche inklusive Nebenkosten, inklusive","og_url":"http:\/\/www.domaine-des-eissartenes.com\/de\/preise\/","og_site_name":"Domaine des Eissartenes","article_modified_time":"2025-09-29T10:27:39+00:00","twitter_card":"summary_large_image","twitter_misc":{"Gesch\u00e4tzte Lesezeit":"1\u00a0Minute"},"schema":{"@context":"https:\/\/schema.org","@graph":[{"@type":"WebPage","@id":"http:\/\/www.domaine-des-eissartenes.com\/de\/preise\/","url":"http:\/\/www.domaine-des-eissartenes.com\/de\/preise\/","name":"Preise - Domaine des Eissartenes","isPartOf":{"@id":"https:\/\/www.domaine-des-eissartenes.com\/de\/#website"},"datePublished":"2018-05-15T13:13:57+00:00","dateModified":"2025-09-29T10:27:39+00:00","description":"Preise \u00d6ffnung vom 6. juni bis zum 12. September 2026 Unsere Preise verstehen sich inkl. MwSt. pro Wohnung pro Woche inklusive Nebenkosten, inklusive","breadcrumb":{"@id":"http:\/\/www.domaine-des-eissartenes.com\/de\/preise\/#breadcrumb"},"inLanguage":"de","potentialAction":[{"@type":"ReadAction","target":["http:\/\/www.domaine-des-eissartenes.com\/de\/preise\/"]}]},{"@type":"BreadcrumbList","@id":"http:\/\/www.domaine-des-eissartenes.com\/de\/preise\/#breadcrumb","itemListElement":[{"@type":"ListItem","position":1,"name":"Startseite","item":"https:\/\/www.domaine-des-eissartenes.com\/de\/"},{"@type":"ListItem","position":2,"name":"Preise"}]},{"@type":"WebSite","@id":"https:\/\/www.domaine-des-eissartenes.com\/de\/#website","url":"https:\/\/www.domaine-des-eissartenes.com\/de\/","name":"Domaine des Eissartenes","description":"Vermietung von Gites mit Service - Coteaux Varois en Provence","potentialAction":[{"@type":"SearchAction","target":{"@type":"EntryPoint","urlTemplate":"https:\/\/www.domaine-des-eissartenes.com\/de\/?s={search_term_string}"},"query-input":{"@type":"PropertyValueSpecification","valueRequired":true,"valueName":"search_term_string"}}],"inLanguage":"de"}]}},"_links":{"self":[{"href":"http:\/\/www.domaine-des-eissartenes.com\/de\/wp-json\/wp\/v2\/pages\/1074","targetHints":{"allow":["GET"]}}],"collection":[{"href":"http:\/\/www.domaine-des-eissartenes.com\/de\/wp-json\/wp\/v2\/pages"}],"about":[{"href":"http:\/\/www.domaine-des-eissartenes.com\/de\/wp-json\/wp\/v2\/types\/page"}],"author":[{"embeddable":true,"href":"http:\/\/www.domaine-des-eissartenes.com\/de\/wp-json\/wp\/v2\/users\/2"}],"replies":[{"embeddable":true,"href":"http:\/\/www.domaine-des-eissartenes.com\/de\/wp-json\/wp\/v2\/comments?post=1074"}],"version-history":[{"count":0,"href":"http:\/\/www.domaine-des-eissartenes.com\/de\/wp-json\/wp\/v2\/pages\/1074\/revisions"}],"wp:attachment":[{"href":"http:\/\/www.domaine-des-eissartenes.com\/de\/wp-json\/wp\/v2\/media?parent=1074"}],"curies":[{"name":"wp","href":"https:\/\/api.w.org\/{rel}","templated":true}]}}