{"id":1073,"date":"2018-05-15T15:13:46","date_gmt":"2018-05-15T13:13:46","guid":{"rendered":"https:\/\/www.domaine-des-eissartenes.com\/die-ferienwohnung-venus\/"},"modified":"2025-09-29T12:23:05","modified_gmt":"2025-09-29T10:23:05","slug":"die-ferienwohnung-venus","status":"publish","type":"page","link":"http:\/\/www.domaine-des-eissartenes.com\/de\/die-ferienwohnung-venus\/","title":{"rendered":"Die Ferienwohnung Venus"},"content":{"rendered":"\n<h1>\n\t\t\tDie Ferienwohnung VENUS\t<\/h1>\n<h2>\n\t\t\tLeistungen f\u00fcr diese Ferienwohnung\t<\/h2>\n\t<p>Fl\u00e4che: <strong>45 m\u00b2<\/strong><\/p>\n\t<p>Personen: <strong>2 &#8211; 4<\/strong><\/p>\n\tWohnraum &#8211; Essecke &#8211; K\u00fcche<br \/>\n2 Doppelzimmer<br \/>\nBad &#8211; getrenntes WC\n\t<p>Garten \/ Terrasse<\/p>\n\t<p>TV<\/p>\n\t<p>WLAN-Verst\u00e4rker<\/p>\n\t\t<h2>\n\t\t\tDie Ferienwohnung Venus\n\t\t<\/h2>\n\t\t\t<p>Ihre Terrasse geht auf den Garten und den Zugang zum Pool<\/p>\t\t\n<p>Es handelt sich um eine Ferienwohnung f\u00fcr vier Personen. Sie ist mit zwei Zimmern mit jeweils zwei Einzelbetten ausgestattet. Es gibt eine Ecke mit Toilette und Waschbecken, dazu eine unabh\u00e4ngige Dusche.<\/p>\n<p>Eine sch\u00f6ne Terrasse mit einem Tisch und vier St\u00fchlen, die von Maulbeer-, Oleander- und Olivenb\u00e4umen umgeben ist, l\u00e4dt Sie zu entspannten Mahlzeiten ein. Der Lavendel in der N\u00e4he wird Sie mit seinem s\u00fc\u00dfen Duft berauschen.<\/p>\n<p><img loading=\"lazy\" decoding=\"async\" src=\"http:\/\/www.domaine-des-eissartenes.com\/wp-content\/uploads\/2018\/04\/plan-du-gite-VENUS.jpg\" alt=\"Die Ferienwohnung Venus\" width=\"243\" height=\"143\" \/>Die m\u00f6glichst komplette Ausstattung sorgt f\u00fcr einen angenehmen Aufenthalt. Mit der herrlichen Aussicht auf die umliegenden Berge, den Weinberg und den gepflegten Garten k\u00f6nnen Sie das Leben unter der Sonne der Provence genie\u00dfen.<\/p>\n<h2>\n\t\t\tDie Ferienwohnung Venus in Bildern\t<\/h2>\n                                    <a href=\"http:\/\/www.domaine-des-eissartenes.com\/wp-content\/uploads\/2022\/11\/Venus-3.jpg\" target=\"_self\" data-caption=\"\">\n                    <img decoding=\"async\" src=\"http:\/\/www.domaine-des-eissartenes.com\/wp-content\/uploads\/2022\/11\/Venus-3.jpg\" alt=\"\" \/>\n                                    <\/a>\n                            <a href=\"https:\/\/www.domaine-des-eissartenes.com\/wp-content\/uploads\/2018\/04\/la-terrasse-gite-venus.jpg\" target=\"_self\" data-caption=\"\">\n                    <img decoding=\"async\" src=\"https:\/\/www.domaine-des-eissartenes.com\/wp-content\/uploads\/2018\/04\/la-terrasse-gite-venus.jpg\" alt=\"\" \/>\n                                    <\/a>\n                            <a href=\"https:\/\/www.domaine-des-eissartenes.com\/wp-content\/uploads\/2018\/04\/le-gite-venus.jpg\" target=\"_self\" data-caption=\"\">\n                    <img decoding=\"async\" src=\"https:\/\/www.domaine-des-eissartenes.com\/wp-content\/uploads\/2018\/04\/le-gite-venus.jpg\" alt=\"\" \/>\n                                    <\/a>\n                            <a href=\"http:\/\/www.domaine-des-eissartenes.com\/wp-content\/uploads\/2022\/11\/Venus-2-2.jpg\" target=\"_self\" data-caption=\"\">\n                    <img decoding=\"async\" src=\"http:\/\/www.domaine-des-eissartenes.com\/wp-content\/uploads\/2022\/11\/Venus-2-2.jpg\" alt=\"\" \/>\n                                    <\/a>\n                            <a href=\"https:\/\/www.domaine-des-eissartenes.com\/wp-content\/uploads\/2018\/04\/la-terrasse-gite-venus-2.jpg\" target=\"_self\" data-caption=\"\">\n                    <img decoding=\"async\" src=\"https:\/\/www.domaine-des-eissartenes.com\/wp-content\/uploads\/2018\/04\/la-terrasse-gite-venus-2.jpg\" alt=\"\" \/>\n                                    <\/a>\n                            <a href=\"https:\/\/www.domaine-des-eissartenes.com\/wp-content\/uploads\/2018\/04\/le-gite-venus-3.jpg\" target=\"_self\" data-caption=\"\">\n                    <img decoding=\"async\" src=\"https:\/\/www.domaine-des-eissartenes.com\/wp-content\/uploads\/2018\/04\/le-gite-venus-3.jpg\" alt=\"\" \/>\n                                    <\/a>\n                            <a href=\"https:\/\/www.domaine-des-eissartenes.com\/wp-content\/uploads\/2018\/04\/coffre-fort-gite-Venus.jpg\" target=\"_self\" data-caption=\"\">\n                    <img decoding=\"async\" src=\"https:\/\/www.domaine-des-eissartenes.com\/wp-content\/uploads\/2018\/04\/coffre-fort-gite-Venus.jpg\" alt=\"\" \/>\n                                    <\/a>\n                            <a href=\"https:\/\/www.domaine-des-eissartenes.com\/wp-content\/uploads\/2018\/04\/le-gite-venus-domaine-des-eissartenes.jpg\" target=\"_self\" data-caption=\"\">\n                    <img decoding=\"async\" src=\"https:\/\/www.domaine-des-eissartenes.com\/wp-content\/uploads\/2018\/04\/le-gite-venus-domaine-des-eissartenes.jpg\" alt=\"\" \/>\n                                    <\/a>\n            <nav>\n    \t\t<button>Previous<\/button>\n    \t\t<button>Next<\/button>\n    \t<\/nav>\n\t\t\t\t\t<h2>Preise<\/h2> Preis \/ Woche<ul role=\"list\"><li role=\"listitem\">Vom 6. Juni bis zum 13. Juni<br \/><strong>920,00 \u20ac<\/strong><\/li><li role=\"listitem\">Vom 13. Juni bis zum 4. Juli <br \/><strong>1120,00 \u20ac<\/strong><\/li><li role=\"listitem\">Vom 4. Juli bis zum 12. September <br \/><strong>1280,00 \u20ac<\/strong><\/li><\/ul>\n\t\t\t<a href=\"http:\/\/www.domaine-des-eissartenes.com\/reservations\/\" target=\"_self\">\n\t\t\t\t\t\t\tReservieren\n\t\t\t<\/a>\n\t\t<h3>Entspricht diese Ferienwohnung Ihren Erwartungen?<\/h3>\n\t\t<p>Dann z\u00f6gern Sie nicht, sie zu reservieren<\/p>\n\t\t\t<a href=\"http:\/\/www.domaine-des-eissartenes.com\/reservations\/\" target=\"_self\">\n\t\t\t\t\t\t\tReservierung\n\t\t\t<\/a>\n\t<a href=\"http:\/\/www.domaine-des-eissartenes.com\/les-gites\/\" target=\"_self\" role=\"button\" aria-label=\"Die anderen Ferienwohnungen ansehen\">\n\t\t\t\t\t\tDie anderen Ferienwohnungen ansehen\n\t\t\t<\/a>\n\n","protected":false},"excerpt":{"rendered":"<p>Die Ferienwohnung VENUS Leistungen f\u00fcr diese Ferienwohnung Fl\u00e4che: 45 m\u00b2 Personen: 2 &#8211; 4 Wohnraum &#8211; Essecke &#8211; K\u00fcche 2 Doppelzimmer Bad &#8211; getrenntes WC Garten \/ Terrasse TV WLAN-Verst\u00e4rker Die Ferienwohnung Venus Ihre Terrasse geht auf den Garten und den Zugang zum Pool Es handelt sich um eine Ferienwohnung f\u00fcr vier Personen. Sie ist&hellip;<\/p>\n","protected":false},"author":2,"featured_media":1205,"parent":0,"menu_order":0,"comment_status":"closed","ping_status":"closed","template":"","meta":{"_acf_changed":false,"footnotes":""},"class_list":["post-1073","page","type-page","status-publish","has-post-thumbnail","hentry"],"acf":[],"yoast_head":"<!-- This site is optimized with the Yoast SEO plugin v27.5 - https:\/\/yoast.com\/product\/yoast-seo-wordpress\/ -->\n<title>Die Ferienwohnung Venus - Domaine des Eissartenes<\/title>\n<meta name=\"description\" content=\"Die Ferienwohnung VENUS Leistungen f\u00fcr diese Ferienwohnung Fl\u00e4che: 45 m\u00b2 Personen: 2 - 4 Wohnraum - Essecke - K\u00fcche 2 Doppelzimmer Bad - getrenntes WC\" \/>\n<meta name=\"robots\" content=\"index, follow, max-snippet:-1, max-image-preview:large, max-video-preview:-1\" \/>\n<link rel=\"canonical\" href=\"http:\/\/www.domaine-des-eissartenes.com\/de\/die-ferienwohnung-venus\/\" \/>\n<meta property=\"og:locale\" content=\"de_DE\" \/>\n<meta property=\"og:type\" content=\"article\" \/>\n<meta property=\"og:title\" content=\"Die Ferienwohnung Venus - Domaine des Eissartenes\" \/>\n<meta property=\"og:description\" content=\"Die Ferienwohnung VENUS Leistungen f\u00fcr diese Ferienwohnung Fl\u00e4che: 45 m\u00b2 Personen: 2 - 4 Wohnraum - Essecke - K\u00fcche 2 Doppelzimmer Bad - getrenntes WC\" \/>\n<meta property=\"og:url\" content=\"http:\/\/www.domaine-des-eissartenes.com\/de\/die-ferienwohnung-venus\/\" \/>\n<meta property=\"og:site_name\" content=\"Domaine des Eissartenes\" \/>\n<meta property=\"article:modified_time\" content=\"2025-09-29T10:23:05+00:00\" \/>\n<meta property=\"og:image\" content=\"https:\/\/www.domaine-des-eissartenes.com\/wp-content\/uploads\/2018\/03\/gite-venus.jpg\" \/>\n\t<meta property=\"og:image:width\" content=\"280\" \/>\n\t<meta property=\"og:image:height\" content=\"210\" \/>\n\t<meta property=\"og:image:type\" content=\"image\/jpeg\" \/>\n<meta name=\"twitter:card\" content=\"summary_large_image\" \/>\n<meta name=\"twitter:label1\" content=\"Gesch\u00e4tzte Lesezeit\" \/>\n\t<meta name=\"twitter:data1\" content=\"1\u00a0Minute\" \/>\n<script type=\"application\/ld+json\" class=\"yoast-schema-graph\">{\"@context\":\"https:\\\/\\\/schema.org\",\"@graph\":[{\"@type\":\"WebPage\",\"@id\":\"http:\\\/\\\/www.domaine-des-eissartenes.com\\\/de\\\/die-ferienwohnung-venus\\\/\",\"url\":\"http:\\\/\\\/www.domaine-des-eissartenes.com\\\/de\\\/die-ferienwohnung-venus\\\/\",\"name\":\"Die Ferienwohnung Venus - Domaine des Eissartenes\",\"isPartOf\":{\"@id\":\"https:\\\/\\\/www.domaine-des-eissartenes.com\\\/de\\\/#website\"},\"primaryImageOfPage\":{\"@id\":\"http:\\\/\\\/www.domaine-des-eissartenes.com\\\/de\\\/die-ferienwohnung-venus\\\/#primaryimage\"},\"image\":{\"@id\":\"http:\\\/\\\/www.domaine-des-eissartenes.com\\\/de\\\/die-ferienwohnung-venus\\\/#primaryimage\"},\"thumbnailUrl\":\"http:\\\/\\\/www.domaine-des-eissartenes.com\\\/wp-content\\\/uploads\\\/2018\\\/03\\\/gite-venus.jpg\",\"datePublished\":\"2018-05-15T13:13:46+00:00\",\"dateModified\":\"2025-09-29T10:23:05+00:00\",\"description\":\"Die Ferienwohnung VENUS Leistungen f\u00fcr diese Ferienwohnung Fl\u00e4che: 45 m\u00b2 Personen: 2 - 4 Wohnraum - Essecke - K\u00fcche 2 Doppelzimmer Bad - getrenntes WC\",\"breadcrumb\":{\"@id\":\"http:\\\/\\\/www.domaine-des-eissartenes.com\\\/de\\\/die-ferienwohnung-venus\\\/#breadcrumb\"},\"inLanguage\":\"de\",\"potentialAction\":[{\"@type\":\"ReadAction\",\"target\":[\"http:\\\/\\\/www.domaine-des-eissartenes.com\\\/de\\\/die-ferienwohnung-venus\\\/\"]}]},{\"@type\":\"ImageObject\",\"inLanguage\":\"de\",\"@id\":\"http:\\\/\\\/www.domaine-des-eissartenes.com\\\/de\\\/die-ferienwohnung-venus\\\/#primaryimage\",\"url\":\"http:\\\/\\\/www.domaine-des-eissartenes.com\\\/wp-content\\\/uploads\\\/2018\\\/03\\\/gite-venus.jpg\",\"contentUrl\":\"http:\\\/\\\/www.domaine-des-eissartenes.com\\\/wp-content\\\/uploads\\\/2018\\\/03\\\/gite-venus.jpg\",\"width\":280,\"height\":210,\"caption\":\"La terrasse du g\u00eete Venus\"},{\"@type\":\"BreadcrumbList\",\"@id\":\"http:\\\/\\\/www.domaine-des-eissartenes.com\\\/de\\\/die-ferienwohnung-venus\\\/#breadcrumb\",\"itemListElement\":[{\"@type\":\"ListItem\",\"position\":1,\"name\":\"Startseite\",\"item\":\"https:\\\/\\\/www.domaine-des-eissartenes.com\\\/de\\\/\"},{\"@type\":\"ListItem\",\"position\":2,\"name\":\"Die Ferienwohnung Venus\"}]},{\"@type\":\"WebSite\",\"@id\":\"https:\\\/\\\/www.domaine-des-eissartenes.com\\\/de\\\/#website\",\"url\":\"https:\\\/\\\/www.domaine-des-eissartenes.com\\\/de\\\/\",\"name\":\"Domaine des Eissartenes\",\"description\":\"Vermietung von Gites mit Service - Coteaux Varois en Provence\",\"potentialAction\":[{\"@type\":\"SearchAction\",\"target\":{\"@type\":\"EntryPoint\",\"urlTemplate\":\"https:\\\/\\\/www.domaine-des-eissartenes.com\\\/de\\\/?s={search_term_string}\"},\"query-input\":{\"@type\":\"PropertyValueSpecification\",\"valueRequired\":true,\"valueName\":\"search_term_string\"}}],\"inLanguage\":\"de\"}]}<\/script>\n<!-- \/ Yoast SEO plugin. -->","yoast_head_json":{"title":"Die Ferienwohnung Venus - Domaine des Eissartenes","description":"Die Ferienwohnung VENUS Leistungen f\u00fcr diese Ferienwohnung Fl\u00e4che: 45 m\u00b2 Personen: 2 - 4 Wohnraum - Essecke - K\u00fcche 2 Doppelzimmer Bad - getrenntes WC","robots":{"index":"index","follow":"follow","max-snippet":"max-snippet:-1","max-image-preview":"max-image-preview:large","max-video-preview":"max-video-preview:-1"},"canonical":"http:\/\/www.domaine-des-eissartenes.com\/de\/die-ferienwohnung-venus\/","og_locale":"de_DE","og_type":"article","og_title":"Die Ferienwohnung Venus - Domaine des Eissartenes","og_description":"Die Ferienwohnung VENUS Leistungen f\u00fcr diese Ferienwohnung Fl\u00e4che: 45 m\u00b2 Personen: 2 - 4 Wohnraum - Essecke - K\u00fcche 2 Doppelzimmer Bad - getrenntes WC","og_url":"http:\/\/www.domaine-des-eissartenes.com\/de\/die-ferienwohnung-venus\/","og_site_name":"Domaine des Eissartenes","article_modified_time":"2025-09-29T10:23:05+00:00","og_image":[{"width":280,"height":210,"url":"https:\/\/www.domaine-des-eissartenes.com\/wp-content\/uploads\/2018\/03\/gite-venus.jpg","type":"image\/jpeg"}],"twitter_card":"summary_large_image","twitter_misc":{"Gesch\u00e4tzte Lesezeit":"1\u00a0Minute"},"schema":{"@context":"https:\/\/schema.org","@graph":[{"@type":"WebPage","@id":"http:\/\/www.domaine-des-eissartenes.com\/de\/die-ferienwohnung-venus\/","url":"http:\/\/www.domaine-des-eissartenes.com\/de\/die-ferienwohnung-venus\/","name":"Die Ferienwohnung Venus - Domaine des Eissartenes","isPartOf":{"@id":"https:\/\/www.domaine-des-eissartenes.com\/de\/#website"},"primaryImageOfPage":{"@id":"http:\/\/www.domaine-des-eissartenes.com\/de\/die-ferienwohnung-venus\/#primaryimage"},"image":{"@id":"http:\/\/www.domaine-des-eissartenes.com\/de\/die-ferienwohnung-venus\/#primaryimage"},"thumbnailUrl":"http:\/\/www.domaine-des-eissartenes.com\/wp-content\/uploads\/2018\/03\/gite-venus.jpg","datePublished":"2018-05-15T13:13:46+00:00","dateModified":"2025-09-29T10:23:05+00:00","description":"Die Ferienwohnung VENUS Leistungen f\u00fcr diese Ferienwohnung Fl\u00e4che: 45 m\u00b2 Personen: 2 - 4 Wohnraum - Essecke - K\u00fcche 2 Doppelzimmer Bad - getrenntes WC","breadcrumb":{"@id":"http:\/\/www.domaine-des-eissartenes.com\/de\/die-ferienwohnung-venus\/#breadcrumb"},"inLanguage":"de","potentialAction":[{"@type":"ReadAction","target":["http:\/\/www.domaine-des-eissartenes.com\/de\/die-ferienwohnung-venus\/"]}]},{"@type":"ImageObject","inLanguage":"de","@id":"http:\/\/www.domaine-des-eissartenes.com\/de\/die-ferienwohnung-venus\/#primaryimage","url":"http:\/\/www.domaine-des-eissartenes.com\/wp-content\/uploads\/2018\/03\/gite-venus.jpg","contentUrl":"http:\/\/www.domaine-des-eissartenes.com\/wp-content\/uploads\/2018\/03\/gite-venus.jpg","width":280,"height":210,"caption":"La terrasse du g\u00eete Venus"},{"@type":"BreadcrumbList","@id":"http:\/\/www.domaine-des-eissartenes.com\/de\/die-ferienwohnung-venus\/#breadcrumb","itemListElement":[{"@type":"ListItem","position":1,"name":"Startseite","item":"https:\/\/www.domaine-des-eissartenes.com\/de\/"},{"@type":"ListItem","position":2,"name":"Die Ferienwohnung Venus"}]},{"@type":"WebSite","@id":"https:\/\/www.domaine-des-eissartenes.com\/de\/#website","url":"https:\/\/www.domaine-des-eissartenes.com\/de\/","name":"Domaine des Eissartenes","description":"Vermietung von Gites mit Service - Coteaux Varois en Provence","potentialAction":[{"@type":"SearchAction","target":{"@type":"EntryPoint","urlTemplate":"https:\/\/www.domaine-des-eissartenes.com\/de\/?s={search_term_string}"},"query-input":{"@type":"PropertyValueSpecification","valueRequired":true,"valueName":"search_term_string"}}],"inLanguage":"de"}]}},"_links":{"self":[{"href":"http:\/\/www.domaine-des-eissartenes.com\/de\/wp-json\/wp\/v2\/pages\/1073","targetHints":{"allow":["GET"]}}],"collection":[{"href":"http:\/\/www.domaine-des-eissartenes.com\/de\/wp-json\/wp\/v2\/pages"}],"about":[{"href":"http:\/\/www.domaine-des-eissartenes.com\/de\/wp-json\/wp\/v2\/types\/page"}],"author":[{"embeddable":true,"href":"http:\/\/www.domaine-des-eissartenes.com\/de\/wp-json\/wp\/v2\/users\/2"}],"replies":[{"embeddable":true,"href":"http:\/\/www.domaine-des-eissartenes.com\/de\/wp-json\/wp\/v2\/comments?post=1073"}],"version-history":[{"count":0,"href":"http:\/\/www.domaine-des-eissartenes.com\/de\/wp-json\/wp\/v2\/pages\/1073\/revisions"}],"wp:featuredmedia":[{"embeddable":true,"href":"http:\/\/www.domaine-des-eissartenes.com\/de\/wp-json\/wp\/v2\/media\/1205"}],"wp:attachment":[{"href":"http:\/\/www.domaine-des-eissartenes.com\/de\/wp-json\/wp\/v2\/media?parent=1073"}],"curies":[{"name":"wp","href":"https:\/\/api.w.org\/{rel}","templated":true}]}}