{"id":1071,"date":"2018-05-15T15:13:22","date_gmt":"2018-05-15T13:13:22","guid":{"rendered":"https:\/\/www.domaine-des-eissartenes.com\/die-ferienwohnung-lune\/"},"modified":"2025-09-29T12:20:21","modified_gmt":"2025-09-29T10:20:21","slug":"die-ferienwohnung-lune","status":"publish","type":"page","link":"http:\/\/www.domaine-des-eissartenes.com\/de\/die-ferienwohnung-lune\/","title":{"rendered":"Die Ferienwohnung Lune"},"content":{"rendered":"\n<h1>\n\t\t\tDie Ferienwohnung LUNE (2 Personen)<br \/>  oder<br \/> Die Ferienwohnung LUNE&nbsp;+&nbsp;TERRE (3-5 Personen)\t<\/h1>\n\t\t\t<a href=\"#gitelune\" target=\"_self\">\n\t\t\t\t\t\t\tFerienwohnung LUNE<br \/><strong>(f\u00fcr 2 personen)<\/strong>\n\t\t\t\t\t<\/a>\n\t\t\t<a href=\"#giteluneterre\" target=\"_self\">\n\t\t\t\t\t\t\tFerienwohnung LUNE + TERRE<br \/><strong>(f\u00fcr 3-5 personen)<\/strong>\n\t\t\t\t\t<\/a>\n<h2>\n\t\t\tLeistungen f\u00fcr diese Ferienwohnung\t<\/h2>\n\t<p>Fl\u00e4che : <strong>47 m\u00b2<\/strong><\/p>\n\t<p>Personen : <strong>2<\/strong><\/p>\n\tWohnraum &#8211; Essecke &#8211; K\u00fcche<br \/>\nBad &#8211; WC\n\t<p>Garten \/ Terrasse<\/p>\n\t<p>TV<\/p>\n\t<p>WLAN-Verst\u00e4rker<\/p>\n\t\t<h2>\n\t\t\tDie Ferienwohnung Lune\n\t\t<\/h2>\n\t\t\t<p>Es handelt sich um eine Ferienwohnung f\u00fcr 2 Personen.<\/p>\t\t\n<p>Die Konfiguration ist identisch mit der Ferienwohnung SATURNE mit einem Zimmer im Obergeschoss, das mit einer Klimaanlage ausgestattet ist. Ein gr\u00f6\u00dferes Wohnzimmer \u00f6ffnet sich auf die Terrasse und die Sonnenliegen. Sie genie\u00dfen einen Blick auf die Berge, die das Anwesen umgeben. Bei Sonnenauf- und Sonnenuntergang k\u00f6nnen Sie die sch\u00f6nen Farben bewundern. Genie\u00dfen Sie die Ruhe des Waldes, der sich am Fu\u00dfe der Felsen erstreckt.<\/p>\n<div id=\"attachment_688\" style=\"width: 240px\" class=\"wp-caption alignleft\"><img loading=\"lazy\" decoding=\"async\" aria-describedby=\"caption-attachment-688\" src=\"https:\/\/www.domaine-des-eissartenes.com\/wp-content\/uploads\/2018\/04\/plan-appt-Lune.jpg\" alt=\"Die Ferienwohnung Lune\" width=\"230\" height=\"143\" \/><p id=\"caption-attachment-688\" class=\"wp-caption-text\">F\u00fcr 2 personen<\/p><\/div>\n<p>Inmitten der Natur, im ruhigen l\u00e4ndlichen Ambiente, wird Ihnen Ihr Aufenthalt ganz au\u00dfergew\u00f6hnliche Momente bescheren.<\/p>\n<h2>\n\t\t\tDie Ferienwohnung Lune in Bildern\t<\/h2>\n                                    <a href=\"https:\/\/www.domaine-des-eissartenes.com\/wp-content\/uploads\/2018\/04\/la-terrasse-du-gite-lune.jpg\" target=\"_self\" data-caption=\"\">\n                    <img decoding=\"async\" src=\"https:\/\/www.domaine-des-eissartenes.com\/wp-content\/uploads\/2018\/04\/la-terrasse-du-gite-lune.jpg\" alt=\"\" \/>\n                                    <\/a>\n                            <a href=\"https:\/\/www.domaine-des-eissartenes.com\/wp-content\/uploads\/2022\/11\/Lune-1-4-1024x768.jpg\" target=\"_self\" data-caption=\"\">\n                    <img decoding=\"async\" src=\"http:\/\/www.domaine-des-eissartenes.com\/wp-content\/uploads\/2022\/11\/Lune-1-4-scaled.jpg\" alt=\"\" \/>\n                                    <\/a>\n                            <a href=\"https:\/\/www.domaine-des-eissartenes.com\/wp-content\/uploads\/2018\/04\/la-terrasse-gite-lune.jpg\" target=\"_self\" data-caption=\"\">\n                    <img decoding=\"async\" src=\"https:\/\/www.domaine-des-eissartenes.com\/wp-content\/uploads\/2018\/04\/la-terrasse-gite-lune.jpg\" alt=\"\" \/>\n                                    <\/a>\n                            <a href=\"https:\/\/www.domaine-des-eissartenes.com\/wp-content\/uploads\/2018\/04\/le-gite-lune.jpg\" target=\"_self\" data-caption=\"\">\n                    <img decoding=\"async\" src=\"https:\/\/www.domaine-des-eissartenes.com\/wp-content\/uploads\/2018\/04\/le-gite-lune.jpg\" alt=\"\" \/>\n                                    <\/a>\n                            <a href=\"https:\/\/www.domaine-des-eissartenes.com\/wp-content\/uploads\/2018\/04\/coffre-fort.jpg\" target=\"_self\" data-caption=\"\">\n                    <img decoding=\"async\" src=\"https:\/\/www.domaine-des-eissartenes.com\/wp-content\/uploads\/2018\/04\/coffre-fort.jpg\" alt=\"\" \/>\n                                    <\/a>\n                            <a href=\"https:\/\/www.domaine-des-eissartenes.com\/wp-content\/uploads\/2018\/04\/la-salle-d-eau-gite-lune.jpg\" target=\"_self\" data-caption=\"\">\n                    <img decoding=\"async\" src=\"https:\/\/www.domaine-des-eissartenes.com\/wp-content\/uploads\/2018\/04\/la-salle-d-eau-gite-lune.jpg\" alt=\"\" \/>\n                                    <\/a>\n                            <a href=\"https:\/\/www.domaine-des-eissartenes.com\/wp-content\/uploads\/2018\/04\/la-terrasse-gite-lune-2.jpg\" target=\"_self\" data-caption=\"\">\n                    <img decoding=\"async\" src=\"https:\/\/www.domaine-des-eissartenes.com\/wp-content\/uploads\/2018\/04\/la-terrasse-gite-lune-2.jpg\" alt=\"\" \/>\n                                    <\/a>\n                            <a href=\"https:\/\/www.domaine-des-eissartenes.com\/wp-content\/uploads\/2022\/11\/Lune-2-1024x768.jpg\" target=\"_self\" data-caption=\"\">\n                    <img decoding=\"async\" src=\"http:\/\/www.domaine-des-eissartenes.com\/wp-content\/uploads\/2022\/11\/Lune-2-scaled.jpg\" alt=\"Gite Lune\" \/>\n                                    <\/a>\n            <nav>\n    \t\t<button>Previous<\/button>\n    \t\t<button>Next<\/button>\n    \t<\/nav>\n\t\t\t\t\t<h2>Preise<\/h2> Preis \/ Woche<ul role=\"list\"><li role=\"listitem\">Vom 6. Juni bis zum 13. Juni <br \/><strong>880,00 \u20ac<\/strong><\/li><li role=\"listitem\">Vom 13. Juni bis zum 4. Juli <br \/><strong>1060,00 \u20ac<\/strong><\/li><li role=\"listitem\">Vom 4. Juli bis zum 12. September <br \/><strong>1200,00 \u20ac<\/strong><\/li><\/ul>\n\t\t\t<a href=\"http:\/\/www.domaine-des-eissartenes.com\/reservations\/\" target=\"_self\">\n\t\t\t\t\t\t\tReservieren\n\t\t\t<\/a>\n<h2>\n\t\t\tDie Ferienwohnung Lune f\u00fcr 2 Personen\t<\/h2>\n\t\t<h3>Entspricht diese Ferienwohnung Ihren Erwartungen?<\/h3>\n\t\t<p>Dann z\u00f6gern Sie nicht, sie zu reservieren<\/p>\n\t\t\t<a href=\"http:\/\/www.domaine-des-eissartenes.com\/reservations\/\" target=\"_self\">\n\t\t\t\t\t\t\tReservierung\n\t\t\t<\/a>\n<h1>\n\t\t\tDie Ferienwohnung LUNE&nbsp;+&nbsp;TERRE<br \/>(3-5 Personen)\t<\/h1>\n<h2>\n\t\t\tLeistungen f\u00fcr diese Ferienwohnung\t<\/h2>\n\t<p>Fl\u00e4che : <strong>47 m\u00b2<\/strong><\/p>\n\tPersonen : <strong>3-5<br \/>\nwith bad und<br \/>\nseparate WC<\/strong>\n\tWohnraum &#8211; Essecke &#8211; K\u00fcche<br \/>\nBad &#8211; WC\n\t<p>Garten \/ Terrasse<\/p>\n\t<p>TV<\/p>\n\t<p>WLAN-Verst\u00e4rker<\/p>\n\t\t<h2>\n\t\t\tDie Ferienwohnung Lune\n\t\t<\/h2>\n\t\t\t<p>Es handelt sich um eine Ferienwohnung f\u00fcr 3-5 Personen.<\/p>\t\t\n<p>Die Konfiguration ist identisch mit der Ferienwohnung SATURNE mit einem Zimmer im Obergeschoss, das mit einer Klimaanlage ausgestattet ist. Ein gr\u00f6\u00dferes Wohnzimmer \u00f6ffnet sich auf die Terrasse und die Sonnenliegen. Sie genie\u00dfen einen Blick auf die Berge, die das Anwesen umgeben. Bei Sonnenauf- und Sonnenuntergang k\u00f6nnen Sie die sch\u00f6nen Farben bewundern. Genie\u00dfen Sie die Ruhe des Waldes, der sich am Fu\u00dfe der Felsen erstreckt.<\/p>\n<div id=\"attachment_33381\" style=\"width: 240px\" class=\"wp-caption alignleft\"><img loading=\"lazy\" decoding=\"async\" aria-describedby=\"caption-attachment-33381\" src=\"http:\/\/www.domaine-des-eissartenes.com\/wp-content\/uploads\/2022\/11\/gite-lune-terre.jpg\" alt=\"G\u00eete lune + terre\" width=\"230\" height=\"203\" \/><p id=\"caption-attachment-33381\" class=\"wp-caption-text\">F\u00fcr 3-5 personen<\/p><\/div>\n<p>Inmitten der Natur, im ruhigen l\u00e4ndlichen Ambiente, wird Ihnen Ihr Aufenthalt ganz au\u00dfergew\u00f6hnliche Momente bescheren.<\/p>\n<p>Ein weiteres Schlafzimmer mit 3 Betten, ein sch\u00f6nes Badezimmer mit separaten Toiletten, alle mit Klimaanlage, geben die M\u00f6glichkeit, mehr als 2 Personen bis 3, 4 oder maximal 5 Personen zu empfangen.<\/p>\n<h2>\n\t\t\tDie Ferienwohnung Lune in Bildern\t<\/h2>\n                                    <a href=\"https:\/\/www.domaine-des-eissartenes.com\/wp-content\/uploads\/2018\/04\/la-terrasse-du-gite-lune.jpg\" target=\"_self\" data-caption=\"\">\n                    <img decoding=\"async\" src=\"https:\/\/www.domaine-des-eissartenes.com\/wp-content\/uploads\/2018\/04\/la-terrasse-du-gite-lune.jpg\" alt=\"\" \/>\n                                    <\/a>\n                            <a href=\"https:\/\/www.domaine-des-eissartenes.com\/wp-content\/uploads\/2022\/11\/Lune-2-1024x768.jpg\" target=\"_self\" data-caption=\"\">\n                    <img decoding=\"async\" src=\"http:\/\/www.domaine-des-eissartenes.com\/wp-content\/uploads\/2022\/11\/Lune-2-scaled.jpg\" alt=\"Gite Lune\" \/>\n                                    <\/a>\n                            <a href=\"https:\/\/www.domaine-des-eissartenes.com\/wp-content\/uploads\/2022\/11\/Lune-1-4-1024x768.jpg\" target=\"_self\" data-caption=\"\">\n                    <img decoding=\"async\" src=\"http:\/\/www.domaine-des-eissartenes.com\/wp-content\/uploads\/2022\/11\/Lune-1-4-scaled.jpg\" alt=\"\" \/>\n                                    <\/a>\n                            <a href=\"https:\/\/www.domaine-des-eissartenes.com\/wp-content\/uploads\/2018\/04\/la-terrasse-gite-lune.jpg\" target=\"_self\" data-caption=\"\">\n                    <img decoding=\"async\" src=\"https:\/\/www.domaine-des-eissartenes.com\/wp-content\/uploads\/2018\/04\/la-terrasse-gite-lune.jpg\" alt=\"\" \/>\n                                    <\/a>\n                            <a href=\"https:\/\/www.domaine-des-eissartenes.com\/wp-content\/uploads\/2018\/04\/le-gite-lune.jpg\" target=\"_self\" data-caption=\"\">\n                    <img decoding=\"async\" src=\"https:\/\/www.domaine-des-eissartenes.com\/wp-content\/uploads\/2018\/04\/le-gite-lune.jpg\" alt=\"\" \/>\n                                    <\/a>\n                            <a href=\"https:\/\/www.domaine-des-eissartenes.com\/wp-content\/uploads\/2018\/04\/coffre-fort.jpg\" target=\"_self\" data-caption=\"\">\n                    <img decoding=\"async\" src=\"https:\/\/www.domaine-des-eissartenes.com\/wp-content\/uploads\/2018\/04\/coffre-fort.jpg\" alt=\"\" \/>\n                                    <\/a>\n                            <a href=\"https:\/\/www.domaine-des-eissartenes.com\/wp-content\/uploads\/2018\/04\/la-salle-d-eau-gite-lune.jpg\" target=\"_self\" data-caption=\"\">\n                    <img decoding=\"async\" src=\"https:\/\/www.domaine-des-eissartenes.com\/wp-content\/uploads\/2018\/04\/la-salle-d-eau-gite-lune.jpg\" alt=\"\" \/>\n                                    <\/a>\n                            <a href=\"https:\/\/www.domaine-des-eissartenes.com\/wp-content\/uploads\/2018\/04\/la-terrasse-gite-lune-2.jpg\" target=\"_self\" data-caption=\"\">\n                    <img decoding=\"async\" src=\"https:\/\/www.domaine-des-eissartenes.com\/wp-content\/uploads\/2018\/04\/la-terrasse-gite-lune-2.jpg\" alt=\"\" \/>\n                                    <\/a>\n                            <a href=\"http:\/\/www.domaine-des-eissartenes.com\/wp-content\/uploads\/2022\/11\/chambre-terre-gite-lune_01.jpg\" target=\"_self\" data-caption=\"\">\n                    <img decoding=\"async\" src=\"http:\/\/www.domaine-des-eissartenes.com\/wp-content\/uploads\/2022\/11\/chambre-terre-gite-lune_01.jpg\" alt=\"Chambre Terre G\u00eete Lune\" \/>\n                                    <\/a>\n                            <a href=\"http:\/\/www.domaine-des-eissartenes.com\/wp-content\/uploads\/2022\/11\/chambre-terre-gite-lune_02.jpg\" target=\"_self\" data-caption=\"\">\n                    <img decoding=\"async\" src=\"http:\/\/www.domaine-des-eissartenes.com\/wp-content\/uploads\/2022\/11\/chambre-terre-gite-lune_02.jpg\" alt=\"Chambre Terre G\u00eete Lune\" \/>\n                                    <\/a>\n                            <a href=\"http:\/\/www.domaine-des-eissartenes.com\/wp-content\/uploads\/2022\/11\/chambre-terre-gite-lune_03.jpg\" target=\"_self\" data-caption=\"\">\n                    <img decoding=\"async\" src=\"http:\/\/www.domaine-des-eissartenes.com\/wp-content\/uploads\/2022\/11\/chambre-terre-gite-lune_03.jpg\" alt=\"Chambre Terre G\u00eete Lune\" \/>\n                                    <\/a>\n                            <a href=\"http:\/\/www.domaine-des-eissartenes.com\/wp-content\/uploads\/2023\/06\/entree-gite-terre-plus-lune_03-1.jpg\" target=\"_self\" data-caption=\"\">\n                    <img decoding=\"async\" src=\"http:\/\/www.domaine-des-eissartenes.com\/wp-content\/uploads\/2023\/06\/entree-gite-terre-plus-lune_03-1.jpg\" alt=\"\" \/>\n                                    <\/a>\n                            <a href=\"http:\/\/www.domaine-des-eissartenes.com\/wp-content\/uploads\/2023\/06\/entree-gite-terre-plus-lune_02-1.jpg\" target=\"_self\" data-caption=\"\">\n                    <img decoding=\"async\" src=\"http:\/\/www.domaine-des-eissartenes.com\/wp-content\/uploads\/2023\/06\/entree-gite-terre-plus-lune_02-1.jpg\" alt=\"\" \/>\n                                    <\/a>\n                            <a href=\"http:\/\/www.domaine-des-eissartenes.com\/wp-content\/uploads\/2023\/06\/entree-gite-terre-plus-lune_01-1.jpg\" target=\"_self\" data-caption=\"\">\n                    <img decoding=\"async\" src=\"http:\/\/www.domaine-des-eissartenes.com\/wp-content\/uploads\/2023\/06\/entree-gite-terre-plus-lune_01-1.jpg\" alt=\"\" \/>\n                                    <\/a>\n            <nav>\n    \t\t<button>Previous<\/button>\n    \t\t<button>Next<\/button>\n    \t<\/nav>\n\t\t\t\t\t<h2>Preise<\/h2> Preis \/ Woche<ul role=\"list\"><li role=\"listitem\">Vom 6. Juni bis zum 13. Juni <br \/><strong>920\u20ac<\/strong><\/li><li role=\"listitem\">Vom 13. Juni bis zum 4. Juli <br \/><strong>1120\u20ac<\/strong><\/li><li role=\"listitem\">Vom 4. Juli bis zum 12. September <br \/><strong>1280\u20ac<\/strong><\/li><\/ul>\n\t\t\t<a href=\"http:\/\/www.domaine-des-eissartenes.com\/reservations\/\" target=\"_self\">\n\t\t\t\t\t\t\tReservieren\n\t\t\t<\/a>\n<h2>\n\t\t\tDie Ferienwohnung Lune f\u00fcr 3-5 Personen\t<\/h2>\n\t\t<h3>Entspricht diese Ferienwohnung Ihren Erwartungen?<\/h3>\n\t\t<p>Dann z\u00f6gern Sie nicht, sie zu reservieren<\/p>\n\t\t\t<a href=\"http:\/\/www.domaine-des-eissartenes.com\/reservations\/\" target=\"_self\">\n\t\t\t\t\t\t\tReservierung\n\t\t\t<\/a>\n\t<a href=\"\/de\/die-ferienwohnungen\/\" target=\"_self\" role=\"button\" aria-label=\"Die anderen Ferienwohnungen ansehen\">\n\t\t\t\t\t\tDie anderen Ferienwohnungen ansehen\n\t\t\t<\/a>\n\n","protected":false},"excerpt":{"rendered":"<p>Die Ferienwohnung LUNE (2 Personen) oder Die Ferienwohnung LUNE&nbsp;+&nbsp;TERRE (3-5 Personen) Ferienwohnung LUNE(f\u00fcr 2 personen) Ferienwohnung LUNE + TERRE(f\u00fcr 3-5 personen) Leistungen f\u00fcr diese Ferienwohnung Fl\u00e4che : 47 m\u00b2 Personen : 2 Wohnraum &#8211; Essecke &#8211; K\u00fcche Bad &#8211; WC Garten \/ Terrasse TV WLAN-Verst\u00e4rker Die Ferienwohnung Lune Es handelt sich um eine Ferienwohnung f\u00fcr&hellip;<\/p>\n","protected":false},"author":2,"featured_media":1201,"parent":0,"menu_order":0,"comment_status":"closed","ping_status":"closed","template":"","meta":{"_acf_changed":false,"footnotes":""},"class_list":["post-1071","page","type-page","status-publish","has-post-thumbnail","hentry"],"acf":[],"yoast_head":"<!-- This site is optimized with the Yoast SEO plugin v27.4 - https:\/\/yoast.com\/product\/yoast-seo-wordpress\/ -->\n<title>Die Ferienwohnung Lune - Domaine des Eissartenes<\/title>\n<meta name=\"description\" content=\"Die Ferienwohnung LUNE (2 Personen) oder Die Ferienwohnung LUNE&nbsp;+&nbsp;TERRE (3-5 Personen) Ferienwohnung LUNE(f\u00fcr 2 personen) Ferienwohnung LUNE +\" \/>\n<meta name=\"robots\" content=\"index, follow, max-snippet:-1, max-image-preview:large, max-video-preview:-1\" \/>\n<link rel=\"canonical\" href=\"http:\/\/www.domaine-des-eissartenes.com\/de\/die-ferienwohnung-lune\/\" \/>\n<meta property=\"og:locale\" content=\"de_DE\" \/>\n<meta property=\"og:type\" content=\"article\" \/>\n<meta property=\"og:title\" content=\"Die Ferienwohnung Lune - Domaine des Eissartenes\" \/>\n<meta property=\"og:description\" content=\"Die Ferienwohnung LUNE (2 Personen) oder Die Ferienwohnung LUNE&nbsp;+&nbsp;TERRE (3-5 Personen) Ferienwohnung LUNE(f\u00fcr 2 personen) Ferienwohnung LUNE +\" \/>\n<meta property=\"og:url\" content=\"http:\/\/www.domaine-des-eissartenes.com\/de\/die-ferienwohnung-lune\/\" \/>\n<meta property=\"og:site_name\" content=\"Domaine des Eissartenes\" \/>\n<meta property=\"article:modified_time\" content=\"2025-09-29T10:20:21+00:00\" \/>\n<meta property=\"og:image\" content=\"https:\/\/www.domaine-des-eissartenes.com\/wp-content\/uploads\/2018\/03\/gite-lunel.jpg\" \/>\n\t<meta property=\"og:image:width\" content=\"250\" \/>\n\t<meta property=\"og:image:height\" content=\"188\" \/>\n\t<meta property=\"og:image:type\" content=\"image\/jpeg\" \/>\n<meta name=\"twitter:card\" content=\"summary_large_image\" \/>\n<meta name=\"twitter:label1\" content=\"Gesch\u00e4tzte Lesezeit\" \/>\n\t<meta name=\"twitter:data1\" content=\"2\u00a0Minuten\" \/>\n<script type=\"application\/ld+json\" class=\"yoast-schema-graph\">{\"@context\":\"https:\\\/\\\/schema.org\",\"@graph\":[{\"@type\":\"WebPage\",\"@id\":\"http:\\\/\\\/www.domaine-des-eissartenes.com\\\/de\\\/die-ferienwohnung-lune\\\/\",\"url\":\"http:\\\/\\\/www.domaine-des-eissartenes.com\\\/de\\\/die-ferienwohnung-lune\\\/\",\"name\":\"Die Ferienwohnung Lune - Domaine des Eissartenes\",\"isPartOf\":{\"@id\":\"https:\\\/\\\/www.domaine-des-eissartenes.com\\\/de\\\/#website\"},\"primaryImageOfPage\":{\"@id\":\"http:\\\/\\\/www.domaine-des-eissartenes.com\\\/de\\\/die-ferienwohnung-lune\\\/#primaryimage\"},\"image\":{\"@id\":\"http:\\\/\\\/www.domaine-des-eissartenes.com\\\/de\\\/die-ferienwohnung-lune\\\/#primaryimage\"},\"thumbnailUrl\":\"http:\\\/\\\/www.domaine-des-eissartenes.com\\\/wp-content\\\/uploads\\\/2018\\\/03\\\/gite-lunel.jpg\",\"datePublished\":\"2018-05-15T13:13:22+00:00\",\"dateModified\":\"2025-09-29T10:20:21+00:00\",\"description\":\"Die Ferienwohnung LUNE (2 Personen) oder Die Ferienwohnung LUNE&nbsp;+&nbsp;TERRE (3-5 Personen) Ferienwohnung LUNE(f\u00fcr 2 personen) Ferienwohnung LUNE +\",\"breadcrumb\":{\"@id\":\"http:\\\/\\\/www.domaine-des-eissartenes.com\\\/de\\\/die-ferienwohnung-lune\\\/#breadcrumb\"},\"inLanguage\":\"de\",\"potentialAction\":[{\"@type\":\"ReadAction\",\"target\":[\"http:\\\/\\\/www.domaine-des-eissartenes.com\\\/de\\\/die-ferienwohnung-lune\\\/\"]}]},{\"@type\":\"ImageObject\",\"inLanguage\":\"de\",\"@id\":\"http:\\\/\\\/www.domaine-des-eissartenes.com\\\/de\\\/die-ferienwohnung-lune\\\/#primaryimage\",\"url\":\"http:\\\/\\\/www.domaine-des-eissartenes.com\\\/wp-content\\\/uploads\\\/2018\\\/03\\\/gite-lunel.jpg\",\"contentUrl\":\"http:\\\/\\\/www.domaine-des-eissartenes.com\\\/wp-content\\\/uploads\\\/2018\\\/03\\\/gite-lunel.jpg\",\"width\":250,\"height\":188,\"caption\":\"gite lune\"},{\"@type\":\"BreadcrumbList\",\"@id\":\"http:\\\/\\\/www.domaine-des-eissartenes.com\\\/de\\\/die-ferienwohnung-lune\\\/#breadcrumb\",\"itemListElement\":[{\"@type\":\"ListItem\",\"position\":1,\"name\":\"Startseite\",\"item\":\"https:\\\/\\\/www.domaine-des-eissartenes.com\\\/de\\\/\"},{\"@type\":\"ListItem\",\"position\":2,\"name\":\"Die Ferienwohnung Lune\"}]},{\"@type\":\"WebSite\",\"@id\":\"https:\\\/\\\/www.domaine-des-eissartenes.com\\\/de\\\/#website\",\"url\":\"https:\\\/\\\/www.domaine-des-eissartenes.com\\\/de\\\/\",\"name\":\"Domaine des Eissartenes\",\"description\":\"Vermietung von Gites mit Service - Coteaux Varois en Provence\",\"potentialAction\":[{\"@type\":\"SearchAction\",\"target\":{\"@type\":\"EntryPoint\",\"urlTemplate\":\"https:\\\/\\\/www.domaine-des-eissartenes.com\\\/de\\\/?s={search_term_string}\"},\"query-input\":{\"@type\":\"PropertyValueSpecification\",\"valueRequired\":true,\"valueName\":\"search_term_string\"}}],\"inLanguage\":\"de\"}]}<\/script>\n<!-- \/ Yoast SEO plugin. -->","yoast_head_json":{"title":"Die Ferienwohnung Lune - Domaine des Eissartenes","description":"Die Ferienwohnung LUNE (2 Personen) oder Die Ferienwohnung LUNE&nbsp;+&nbsp;TERRE (3-5 Personen) Ferienwohnung LUNE(f\u00fcr 2 personen) Ferienwohnung LUNE +","robots":{"index":"index","follow":"follow","max-snippet":"max-snippet:-1","max-image-preview":"max-image-preview:large","max-video-preview":"max-video-preview:-1"},"canonical":"http:\/\/www.domaine-des-eissartenes.com\/de\/die-ferienwohnung-lune\/","og_locale":"de_DE","og_type":"article","og_title":"Die Ferienwohnung Lune - Domaine des Eissartenes","og_description":"Die Ferienwohnung LUNE (2 Personen) oder Die Ferienwohnung LUNE&nbsp;+&nbsp;TERRE (3-5 Personen) Ferienwohnung LUNE(f\u00fcr 2 personen) Ferienwohnung LUNE +","og_url":"http:\/\/www.domaine-des-eissartenes.com\/de\/die-ferienwohnung-lune\/","og_site_name":"Domaine des Eissartenes","article_modified_time":"2025-09-29T10:20:21+00:00","og_image":[{"width":250,"height":188,"url":"https:\/\/www.domaine-des-eissartenes.com\/wp-content\/uploads\/2018\/03\/gite-lunel.jpg","type":"image\/jpeg"}],"twitter_card":"summary_large_image","twitter_misc":{"Gesch\u00e4tzte Lesezeit":"2\u00a0Minuten"},"schema":{"@context":"https:\/\/schema.org","@graph":[{"@type":"WebPage","@id":"http:\/\/www.domaine-des-eissartenes.com\/de\/die-ferienwohnung-lune\/","url":"http:\/\/www.domaine-des-eissartenes.com\/de\/die-ferienwohnung-lune\/","name":"Die Ferienwohnung Lune - Domaine des Eissartenes","isPartOf":{"@id":"https:\/\/www.domaine-des-eissartenes.com\/de\/#website"},"primaryImageOfPage":{"@id":"http:\/\/www.domaine-des-eissartenes.com\/de\/die-ferienwohnung-lune\/#primaryimage"},"image":{"@id":"http:\/\/www.domaine-des-eissartenes.com\/de\/die-ferienwohnung-lune\/#primaryimage"},"thumbnailUrl":"http:\/\/www.domaine-des-eissartenes.com\/wp-content\/uploads\/2018\/03\/gite-lunel.jpg","datePublished":"2018-05-15T13:13:22+00:00","dateModified":"2025-09-29T10:20:21+00:00","description":"Die Ferienwohnung LUNE (2 Personen) oder Die Ferienwohnung LUNE&nbsp;+&nbsp;TERRE (3-5 Personen) Ferienwohnung LUNE(f\u00fcr 2 personen) Ferienwohnung LUNE +","breadcrumb":{"@id":"http:\/\/www.domaine-des-eissartenes.com\/de\/die-ferienwohnung-lune\/#breadcrumb"},"inLanguage":"de","potentialAction":[{"@type":"ReadAction","target":["http:\/\/www.domaine-des-eissartenes.com\/de\/die-ferienwohnung-lune\/"]}]},{"@type":"ImageObject","inLanguage":"de","@id":"http:\/\/www.domaine-des-eissartenes.com\/de\/die-ferienwohnung-lune\/#primaryimage","url":"http:\/\/www.domaine-des-eissartenes.com\/wp-content\/uploads\/2018\/03\/gite-lunel.jpg","contentUrl":"http:\/\/www.domaine-des-eissartenes.com\/wp-content\/uploads\/2018\/03\/gite-lunel.jpg","width":250,"height":188,"caption":"gite lune"},{"@type":"BreadcrumbList","@id":"http:\/\/www.domaine-des-eissartenes.com\/de\/die-ferienwohnung-lune\/#breadcrumb","itemListElement":[{"@type":"ListItem","position":1,"name":"Startseite","item":"https:\/\/www.domaine-des-eissartenes.com\/de\/"},{"@type":"ListItem","position":2,"name":"Die Ferienwohnung Lune"}]},{"@type":"WebSite","@id":"https:\/\/www.domaine-des-eissartenes.com\/de\/#website","url":"https:\/\/www.domaine-des-eissartenes.com\/de\/","name":"Domaine des Eissartenes","description":"Vermietung von Gites mit Service - Coteaux Varois en Provence","potentialAction":[{"@type":"SearchAction","target":{"@type":"EntryPoint","urlTemplate":"https:\/\/www.domaine-des-eissartenes.com\/de\/?s={search_term_string}"},"query-input":{"@type":"PropertyValueSpecification","valueRequired":true,"valueName":"search_term_string"}}],"inLanguage":"de"}]}},"_links":{"self":[{"href":"http:\/\/www.domaine-des-eissartenes.com\/de\/wp-json\/wp\/v2\/pages\/1071","targetHints":{"allow":["GET"]}}],"collection":[{"href":"http:\/\/www.domaine-des-eissartenes.com\/de\/wp-json\/wp\/v2\/pages"}],"about":[{"href":"http:\/\/www.domaine-des-eissartenes.com\/de\/wp-json\/wp\/v2\/types\/page"}],"author":[{"embeddable":true,"href":"http:\/\/www.domaine-des-eissartenes.com\/de\/wp-json\/wp\/v2\/users\/2"}],"replies":[{"embeddable":true,"href":"http:\/\/www.domaine-des-eissartenes.com\/de\/wp-json\/wp\/v2\/comments?post=1071"}],"version-history":[{"count":0,"href":"http:\/\/www.domaine-des-eissartenes.com\/de\/wp-json\/wp\/v2\/pages\/1071\/revisions"}],"wp:featuredmedia":[{"embeddable":true,"href":"http:\/\/www.domaine-des-eissartenes.com\/de\/wp-json\/wp\/v2\/media\/1201"}],"wp:attachment":[{"href":"http:\/\/www.domaine-des-eissartenes.com\/de\/wp-json\/wp\/v2\/media?parent=1071"}],"curies":[{"name":"wp","href":"https:\/\/api.w.org\/{rel}","templated":true}]}}