{"id":1067,"date":"2018-05-15T15:12:23","date_gmt":"2018-05-15T13:12:23","guid":{"rendered":"https:\/\/www.domaine-des-eissartenes.com\/kontakt\/"},"modified":"2023-06-29T09:59:42","modified_gmt":"2023-06-29T07:59:42","slug":"kontakt","status":"publish","type":"page","link":"http:\/\/www.domaine-des-eissartenes.com\/de\/kontakt\/","title":{"rendered":"Kontakt"},"content":{"rendered":"\n\n\t\t<h1>\n\t\t\tKontakt\n\t\t<\/h1>\n\t\t\t\t<img loading=\"lazy\" decoding=\"async\" src=\"https:\/\/www.domaine-des-eissartenes.com\/wp-content\/uploads\/2018\/03\/les-terrasses-du-bassin-des-eissartenes.jpg\" alt=\"la piscine - Domaine des Eissartenes\" itemprop=\"image\" height=\"1310\" width=\"1920\" title=\"les-terrasses-du-bassin-des-eissartenes\" onerror=\"this.style.display='none'\"  \/>\n\t\t<h2>\n\t\t\tKONTAKT AUFNEHMEN\n\t\t<\/h2>\n\t\t\t<p>Wenn Sie Fragen zu unserer Domaine, unseren Gesch\u00e4ftsbedingungen oder den Aktivit\u00e4ten in der N\u00e4he haben, melden Sie sich gerne bei uns.<\/p>\t\t\n\t\n\t\n \n<form action=\"\/de\/?page_id=1067&#038;fl_builder#wpcf7-f1500-o1\" method=\"post\" aria-label=\"Formulaire de contact\" novalidate=\"novalidate\" data-status=\"init\">\n<input type=\"hidden\" name=\"_wpcf7\" value=\"1500\" \/>\n<input type=\"hidden\" name=\"_wpcf7_version\" value=\"5.7.7\" \/>\n<input type=\"hidden\" name=\"_wpcf7_locale\" value=\"fr_FR\" \/>\n<input type=\"hidden\" name=\"_wpcf7_unit_tag\" value=\"wpcf7-f1500-o1\" \/>\n<input type=\"hidden\" name=\"_wpcf7_container_post\" value=\"0\" \/>\n<input type=\"hidden\" name=\"_wpcf7_posted_data_hash\" value=\"\" \/>\n<input type=\"hidden\" name=\"_wpcf7_recaptcha_response\" value=\"\" \/>\nDein Name *\n\n<input size=\"40\" aria-required=\"true\" aria-invalid=\"false\" value=\"\" type=\"text\" name=\"your-name\" \/>\n\nDeine E-Mail *\n\n<input size=\"40\" aria-required=\"true\" aria-invalid=\"false\" value=\"\" type=\"email\" name=\"your-email\" \/>\n\nGegenstand\n\n<input size=\"40\" aria-invalid=\"false\" value=\"\" type=\"text\" name=\"your-subject\" \/>\n\nMitteilung\n\n<textarea cols=\"40\" rows=\"10\" aria-invalid=\"false\" name=\"your-message\"><\/textarea>\n\n<input type=\"submit\" value=\"Senden\" \/>\n<input type=\"hidden\" id=\"ct_checkjs_cf7_9c01802ddb981e6bcfbec0f0516b8e35\" name=\"ct_checkjs_cf7\" value=\"0\" \/><label id=\"apbct_label_id9500\" for=\"apbct__email_id__wp_contact_form_7_9500\">9500<\/label><input id=\"apbct__email_id__wp_contact_form_7_9500\" \n        autocomplete=\"off\" \n        name=\"apbct__email_id__wp_contact_form_7_9500\"  \n        type=\"text\" \n        value=\"9500\" \n        size=\"30\" \n        apbct_event_id=\"9500\"\n        maxlength=\"200\" \n    \/><input id=\"apbct_event_id\"\n        name=\"apbct_event_id\"\n        type=\"hidden\" \n        value=\"9500\" \n            \/>\n<\/form>\n\n","protected":false},"excerpt":{"rendered":"<p>Kontakt KONTAKT AUFNEHMEN Wenn Sie Fragen zu unserer Domaine, unseren Gesch\u00e4ftsbedingungen oder den Aktivit\u00e4ten in der N\u00e4he haben, melden Sie sich gerne bei uns. Dein Name * Deine E-Mail * Gegenstand Mitteilung 9500<\/p>\n","protected":false},"author":2,"featured_media":0,"parent":0,"menu_order":0,"comment_status":"closed","ping_status":"closed","template":"","meta":{"_acf_changed":false,"footnotes":""},"class_list":["post-1067","page","type-page","status-publish","hentry"],"acf":[],"yoast_head":"<!-- This site is optimized with the Yoast SEO plugin v27.5 - https:\/\/yoast.com\/product\/yoast-seo-wordpress\/ -->\n<title>Kontakt - Domaine des Eissartenes<\/title>\n<meta name=\"description\" content=\"Kontakt KONTAKT AUFNEHMEN Wenn Sie Fragen zu unserer Domaine, unseren Gesch\u00e4ftsbedingungen oder den Aktivit\u00e4ten in der N\u00e4he haben, melden Sie sich gerne\" \/>\n<meta name=\"robots\" content=\"index, follow, max-snippet:-1, max-image-preview:large, max-video-preview:-1\" \/>\n<link rel=\"canonical\" href=\"http:\/\/www.domaine-des-eissartenes.com\/de\/kontakt\/\" \/>\n<meta property=\"og:locale\" content=\"de_DE\" \/>\n<meta property=\"og:type\" content=\"article\" \/>\n<meta property=\"og:title\" content=\"Kontakt - Domaine des Eissartenes\" \/>\n<meta property=\"og:description\" content=\"Kontakt KONTAKT AUFNEHMEN Wenn Sie Fragen zu unserer Domaine, unseren Gesch\u00e4ftsbedingungen oder den Aktivit\u00e4ten in der N\u00e4he haben, melden Sie sich gerne\" \/>\n<meta property=\"og:url\" content=\"http:\/\/www.domaine-des-eissartenes.com\/de\/kontakt\/\" \/>\n<meta property=\"og:site_name\" content=\"Domaine des Eissartenes\" \/>\n<meta property=\"article:modified_time\" content=\"2023-06-29T07:59:42+00:00\" \/>\n<meta property=\"og:image\" content=\"https:\/\/www.domaine-des-eissartenes.com\/wp-content\/uploads\/2018\/03\/les-terrasses-du-bassin-des-eissartenes.jpg\" \/>\n<meta name=\"twitter:card\" content=\"summary_large_image\" \/>\n<script type=\"application\/ld+json\" class=\"yoast-schema-graph\">{\"@context\":\"https:\\\/\\\/schema.org\",\"@graph\":[{\"@type\":\"WebPage\",\"@id\":\"http:\\\/\\\/www.domaine-des-eissartenes.com\\\/de\\\/kontakt\\\/\",\"url\":\"http:\\\/\\\/www.domaine-des-eissartenes.com\\\/de\\\/kontakt\\\/\",\"name\":\"Kontakt - Domaine des Eissartenes\",\"isPartOf\":{\"@id\":\"https:\\\/\\\/www.domaine-des-eissartenes.com\\\/de\\\/#website\"},\"primaryImageOfPage\":{\"@id\":\"http:\\\/\\\/www.domaine-des-eissartenes.com\\\/de\\\/kontakt\\\/#primaryimage\"},\"image\":{\"@id\":\"http:\\\/\\\/www.domaine-des-eissartenes.com\\\/de\\\/kontakt\\\/#primaryimage\"},\"thumbnailUrl\":\"https:\\\/\\\/www.domaine-des-eissartenes.com\\\/wp-content\\\/uploads\\\/2018\\\/03\\\/les-terrasses-du-bassin-des-eissartenes.jpg\",\"datePublished\":\"2018-05-15T13:12:23+00:00\",\"dateModified\":\"2023-06-29T07:59:42+00:00\",\"description\":\"Kontakt KONTAKT AUFNEHMEN Wenn Sie Fragen zu unserer Domaine, unseren Gesch\u00e4ftsbedingungen oder den Aktivit\u00e4ten in der N\u00e4he haben, melden Sie sich gerne\",\"breadcrumb\":{\"@id\":\"http:\\\/\\\/www.domaine-des-eissartenes.com\\\/de\\\/kontakt\\\/#breadcrumb\"},\"inLanguage\":\"de\",\"potentialAction\":[{\"@type\":\"ReadAction\",\"target\":[\"http:\\\/\\\/www.domaine-des-eissartenes.com\\\/de\\\/kontakt\\\/\"]}]},{\"@type\":\"ImageObject\",\"inLanguage\":\"de\",\"@id\":\"http:\\\/\\\/www.domaine-des-eissartenes.com\\\/de\\\/kontakt\\\/#primaryimage\",\"url\":\"https:\\\/\\\/www.domaine-des-eissartenes.com\\\/wp-content\\\/uploads\\\/2018\\\/03\\\/les-terrasses-du-bassin-des-eissartenes.jpg\",\"contentUrl\":\"https:\\\/\\\/www.domaine-des-eissartenes.com\\\/wp-content\\\/uploads\\\/2018\\\/03\\\/les-terrasses-du-bassin-des-eissartenes.jpg\"},{\"@type\":\"BreadcrumbList\",\"@id\":\"http:\\\/\\\/www.domaine-des-eissartenes.com\\\/de\\\/kontakt\\\/#breadcrumb\",\"itemListElement\":[{\"@type\":\"ListItem\",\"position\":1,\"name\":\"Startseite\",\"item\":\"https:\\\/\\\/www.domaine-des-eissartenes.com\\\/de\\\/\"},{\"@type\":\"ListItem\",\"position\":2,\"name\":\"Kontakt\"}]},{\"@type\":\"WebSite\",\"@id\":\"https:\\\/\\\/www.domaine-des-eissartenes.com\\\/de\\\/#website\",\"url\":\"https:\\\/\\\/www.domaine-des-eissartenes.com\\\/de\\\/\",\"name\":\"Domaine des Eissartenes\",\"description\":\"Vermietung von Gites mit Service - Coteaux Varois en Provence\",\"potentialAction\":[{\"@type\":\"SearchAction\",\"target\":{\"@type\":\"EntryPoint\",\"urlTemplate\":\"https:\\\/\\\/www.domaine-des-eissartenes.com\\\/de\\\/?s={search_term_string}\"},\"query-input\":{\"@type\":\"PropertyValueSpecification\",\"valueRequired\":true,\"valueName\":\"search_term_string\"}}],\"inLanguage\":\"de\"}]}<\/script>\n<!-- \/ Yoast SEO plugin. -->","yoast_head_json":{"title":"Kontakt - Domaine des Eissartenes","description":"Kontakt KONTAKT AUFNEHMEN Wenn Sie Fragen zu unserer Domaine, unseren Gesch\u00e4ftsbedingungen oder den Aktivit\u00e4ten in der N\u00e4he haben, melden Sie sich gerne","robots":{"index":"index","follow":"follow","max-snippet":"max-snippet:-1","max-image-preview":"max-image-preview:large","max-video-preview":"max-video-preview:-1"},"canonical":"http:\/\/www.domaine-des-eissartenes.com\/de\/kontakt\/","og_locale":"de_DE","og_type":"article","og_title":"Kontakt - Domaine des Eissartenes","og_description":"Kontakt KONTAKT AUFNEHMEN Wenn Sie Fragen zu unserer Domaine, unseren Gesch\u00e4ftsbedingungen oder den Aktivit\u00e4ten in der N\u00e4he haben, melden Sie sich gerne","og_url":"http:\/\/www.domaine-des-eissartenes.com\/de\/kontakt\/","og_site_name":"Domaine des Eissartenes","article_modified_time":"2023-06-29T07:59:42+00:00","og_image":[{"url":"https:\/\/www.domaine-des-eissartenes.com\/wp-content\/uploads\/2018\/03\/les-terrasses-du-bassin-des-eissartenes.jpg","type":"","width":"","height":""}],"twitter_card":"summary_large_image","schema":{"@context":"https:\/\/schema.org","@graph":[{"@type":"WebPage","@id":"http:\/\/www.domaine-des-eissartenes.com\/de\/kontakt\/","url":"http:\/\/www.domaine-des-eissartenes.com\/de\/kontakt\/","name":"Kontakt - Domaine des Eissartenes","isPartOf":{"@id":"https:\/\/www.domaine-des-eissartenes.com\/de\/#website"},"primaryImageOfPage":{"@id":"http:\/\/www.domaine-des-eissartenes.com\/de\/kontakt\/#primaryimage"},"image":{"@id":"http:\/\/www.domaine-des-eissartenes.com\/de\/kontakt\/#primaryimage"},"thumbnailUrl":"https:\/\/www.domaine-des-eissartenes.com\/wp-content\/uploads\/2018\/03\/les-terrasses-du-bassin-des-eissartenes.jpg","datePublished":"2018-05-15T13:12:23+00:00","dateModified":"2023-06-29T07:59:42+00:00","description":"Kontakt KONTAKT AUFNEHMEN Wenn Sie Fragen zu unserer Domaine, unseren Gesch\u00e4ftsbedingungen oder den Aktivit\u00e4ten in der N\u00e4he haben, melden Sie sich gerne","breadcrumb":{"@id":"http:\/\/www.domaine-des-eissartenes.com\/de\/kontakt\/#breadcrumb"},"inLanguage":"de","potentialAction":[{"@type":"ReadAction","target":["http:\/\/www.domaine-des-eissartenes.com\/de\/kontakt\/"]}]},{"@type":"ImageObject","inLanguage":"de","@id":"http:\/\/www.domaine-des-eissartenes.com\/de\/kontakt\/#primaryimage","url":"https:\/\/www.domaine-des-eissartenes.com\/wp-content\/uploads\/2018\/03\/les-terrasses-du-bassin-des-eissartenes.jpg","contentUrl":"https:\/\/www.domaine-des-eissartenes.com\/wp-content\/uploads\/2018\/03\/les-terrasses-du-bassin-des-eissartenes.jpg"},{"@type":"BreadcrumbList","@id":"http:\/\/www.domaine-des-eissartenes.com\/de\/kontakt\/#breadcrumb","itemListElement":[{"@type":"ListItem","position":1,"name":"Startseite","item":"https:\/\/www.domaine-des-eissartenes.com\/de\/"},{"@type":"ListItem","position":2,"name":"Kontakt"}]},{"@type":"WebSite","@id":"https:\/\/www.domaine-des-eissartenes.com\/de\/#website","url":"https:\/\/www.domaine-des-eissartenes.com\/de\/","name":"Domaine des Eissartenes","description":"Vermietung von Gites mit Service - Coteaux Varois en Provence","potentialAction":[{"@type":"SearchAction","target":{"@type":"EntryPoint","urlTemplate":"https:\/\/www.domaine-des-eissartenes.com\/de\/?s={search_term_string}"},"query-input":{"@type":"PropertyValueSpecification","valueRequired":true,"valueName":"search_term_string"}}],"inLanguage":"de"}]}},"_links":{"self":[{"href":"http:\/\/www.domaine-des-eissartenes.com\/de\/wp-json\/wp\/v2\/pages\/1067","targetHints":{"allow":["GET"]}}],"collection":[{"href":"http:\/\/www.domaine-des-eissartenes.com\/de\/wp-json\/wp\/v2\/pages"}],"about":[{"href":"http:\/\/www.domaine-des-eissartenes.com\/de\/wp-json\/wp\/v2\/types\/page"}],"author":[{"embeddable":true,"href":"http:\/\/www.domaine-des-eissartenes.com\/de\/wp-json\/wp\/v2\/users\/2"}],"replies":[{"embeddable":true,"href":"http:\/\/www.domaine-des-eissartenes.com\/de\/wp-json\/wp\/v2\/comments?post=1067"}],"version-history":[{"count":0,"href":"http:\/\/www.domaine-des-eissartenes.com\/de\/wp-json\/wp\/v2\/pages\/1067\/revisions"}],"wp:attachment":[{"href":"http:\/\/www.domaine-des-eissartenes.com\/de\/wp-json\/wp\/v2\/media?parent=1067"}],"curies":[{"name":"wp","href":"https:\/\/api.w.org\/{rel}","templated":true}]}}