{"id":1063,"date":"2018-05-15T15:11:40","date_gmt":"2018-05-15T13:11:40","guid":{"rendered":"https:\/\/www.domaine-des-eissartenes.com\/impressum\/"},"modified":"2018-05-15T17:34:01","modified_gmt":"2018-05-15T15:34:01","slug":"impressum","status":"publish","type":"page","link":"http:\/\/www.domaine-des-eissartenes.com\/de\/impressum\/","title":{"rendered":"Impressum"},"content":{"rendered":"<h2>Herausgeber<\/h2>\n<p>Gesellschaftsform: <strong>S.A.R.L\u00a0<\/strong><\/p>\n<p>Name der Gesellschaft: <strong>DOMAINE DES EISSARTENES<\/strong><\/p>\n<p>Handelsregisternummer: RCS DRAGUIGNAN 828 415 627<\/p>\n<p>USt.-Nr.: FR 20 828 412 627<\/p>\n<p>Name des\/der Verantwortlichen:\u00a0Drouet Jean-Philippe<\/p>\n<p>CNIL : 2174253<\/p>\n<h2>Kontakt<\/h2>\n<p>Adresse:\u00a04606 &#8211; Route de Bras<\/p>\n<p>PLZ:\u00a083143<\/p>\n<p>Ort: Le Val<\/p>\n<p>Region: Provence-Alpes-C\u00f4te d&#8217;Azur<\/p>\n<p>Land: Frankreich<\/p>\n<p>Telefon: +33\u00a0(0)4\u00a094\u00a080\u00a012\u00a090<\/p>\n<p>E-Mail: <a href=\"mailto:contact@domaine-des-eissartenes.com\/\">contact@domaine-des-eissartenes.com<\/a><\/p>\n<p>URL:\u00a0<a href=\"https:\/\/www.domaine-des-eissartenes.com\/\">https:\/\/www.domaine-des-eissartenes.com\/<\/a><\/p>\n<p><strong>Verantwortlicher Herausgeber: <\/strong>Drouet Jean-Philippe<\/p>\n<p>E-Mail (Inhalt):\u00a0<a href=\"mailto:contact@domaine-des-eissartenes.com\/\">contact@domaine-des-eissartenes.com<\/a><\/p>\n<p><strong>Technischer Verantwortlicher:<\/strong> Sylvain Chevallier &#8211; Web-IA<\/p>\n<p>E-Mail (Technik): <a href=\"mailto:sylvain@web-ia.com\">sylvain@web-ia.com<\/a><\/p>\n<h2>Nutzungsbedingungen<\/h2>\n<p><a href=\"https:\/\/www.domaine-des-eissartenes.com\/\">https:\/\/www.domaine-des-eissartenes.com\/<\/a><\/p>\n<p><strong>Grafische Gestaltung:<\/strong><\/p>\n<p>Lionel Herard f\u00fcr Web- IA<\/p>\n<p><strong> Konzeption, technische Umsetzung:<\/strong><\/p>\n<p>Sylvain Chevallier, Vincent Gicquel und Lionel Herard f\u00fcr Web-IA &#8211; <a href=\"https:\/\/www.web-ia.com\" target=\"_blank\" rel=\"noopener\">https:\/\/www.web-ia.com<\/a><\/p>\n<p><strong> Hosting:<\/strong><\/p>\n<p>Web Images Associ\u00e9es \u2013\u00a0<a href=\"https:\/\/www.web-ia.com\" target=\"_blank\" rel=\"noopener\">https:\/\/www.web-ia.com<\/a><\/p>\n<p><strong> Rechtsvorschriften:<\/strong><\/p>\n<p>Die verschiedenen Elemente der Website (Form, Layout, Hintergrund, Struktur) sind durch das Designgesetz, das Urheberrecht, das Markenrecht und das Recht auf das Bild gesch\u00fctzt und d\u00fcrfen weder ganz oder teilweise kopiert oder imitiert werden, sofern nicht ausdr\u00fccklich von <strong>DOMAINE DES EISSARTENES\u00a0<\/strong>autorisiert.<\/p>\n<p>Wer die gesetzlichen Bestimmungen nicht beachtet, begeht den Tatbestand der F\u00e4lschung und muss mit strafrechtlichen Sanktionen rechnen.<\/p>\n<p><strong> Urheberrecht<\/strong><strong>:<\/strong><\/p>\n<p>Die vorliegende Website stellt im Sinne der Artikel L. 111.1 folgende des Code de la propri\u00e9t\u00e9 intellectuelle (Gesetzbuchs \u00fcber das geistige Eigentum) ein Werk dar. Die Fotos, Texte, Logos, Piktogramme sowie alle in die Website integrierten Werke sind Eigentum der <strong>DOMAINE DES EISSARTENES<\/strong> oder von Dritten, die <strong>DOMAINE DES EISSARTENES<\/strong>zur Nutzung autorisiert haben. Reproduktionen, \u00dcbertragungen, Modifikationen und Wiederverwendungen, auf Papier oder elektronisch, der Site und der darin wiedergegebenen Werke, sind gem\u00e4\u00df Artikel L 122-5 des Code de la propri\u00e9t\u00e9 intellectuelle (Gesetzbuchs \u00fcber das geistige Eigentum) nur f\u00fcr den pers\u00f6nlichen und privaten Gebrauch gestattet. Insbesondere m\u00fcssen diese Reproduktionen die Quelle und den Autor der Website und \/ oder dieser Multimedia-Werke eindeutig angeben.<\/p>\n<p>Unter keinen Umst\u00e4nden d\u00fcrfen diese Reproduktionen die Rechte Dritter beeintr\u00e4chtigen. Reproduktionen, \u00dcbertragungen, Modifizierungen und Wiederverwendungen f\u00fcr Werbe-, kommerzielle oder Informationszwecke der gesamten oder eines Teils der Website sind absolut verboten.<\/p>\n<p><strong> Datenbankrechte: <\/strong><\/p>\n<p>Die Datenbanken sind durch das Gesetz vom 1. Juli 1998 und das franz\u00f6sische Urheberrecht gesch\u00fctzt.<\/p>\n<p>Links zur Website<\/p>\n<p>Die SARL Domaine des Eissartenes autorisiert die Einrichtung eines Hypertext-Links zu der Website <a href=\"https:\/\/www.domaine-des-eissartenes.com\/\">https:\/\/www.domaine-des-eissartenes.com\/<\/a>\u00a0f\u00fcr alle Websites, ausgenommen diejenigen, die Informationen umstrittener Art verbreiten pornografisch oder ausl\u00e4nderfeindlich sind oder die in weiterem Ma\u00dfe die Sensibilit\u00e4t einer Mehrheit verletzen k\u00f6nnten.<\/p>\n<p>Die Seiten der Website <a href=\"https:\/\/www.domaine-des-eissartenes.com\/\">https:\/\/www.domaine-des-eissartenes.com\/<\/a>\u00a0d\u00fcrfen auf keinen Fall in die Seiten einer anderen Website (Frame) integriert werden. Mit Ausnahme einer spezifischen Genehmigung, die von Fall zu Fall erteilt werden kann.<\/p>\n<p>Der Antrag auf Einrichtung eines Hypertext-Links von der Website <a href=\"https:\/\/www.domaine-des-eissartenes.com\/\">https:\/\/www.domaine-des-eissartenes.com\/<\/a> muss per Post an folgende Adresse gestellt werden: <a href=\"mailto:contact@domaine-des-eissartenes.com\/\">contact@domaine-des-eissartenes.com<\/a><\/p>\n<p>Die Domaine des Eissartenes beh\u00e4lt sich das Recht vor, die L\u00f6schung eines Links zu beantragen, wenn sie der Ansicht ist, dass die Zielseite nicht den so definierten Regeln entspricht.<\/p>\n<p>Links zu Websites Dritter von <a href=\"https:\/\/www.domaine-des-eissartenes.com\/\">https:\/\/www.domaine-des-eissartenes.com\/<\/a><\/p>\n<p>Die Hypertext-Links, die innerhalb der Website zu anderen Websites und \/ oder pers\u00f6nlichen Seiten und allgemein zu allen vorhandenen Ressourcen im Internet implementiert werden, beinhalten keine Haftung der Domaine des Eissartenes f\u00fcr die Links, die sie enthalten, oder \u00c4nderungen oder Aktualisierungen, die an ihnen vorgenommen wurden.<\/p>\n<p><strong> Copyright:<\/strong><\/p>\n<p>Alle Rechte vorbehalten \u00a9 2018 Domaine des Eissartenes.<\/p>\n<p>Alle Seiten der Website &#8222;https:\/\/www.domaine-des-eissartenes.com&#8220; sind gesch\u00fctzt.<\/p>\n<p>Alle Vervielf\u00e4ltigungs- und Verbreitungsrechte sind vorbehalten. \u00a9 2018 Domaine des Eissartenes.<\/p>\n<p><strong> Allgemeine Warnung:<\/strong><\/p>\n<p>Wir sind bem\u00fcht, den Besuchern dieser Website zuverl\u00e4ssige und verifizierte Informationen zur Verf\u00fcgung zu stellen. Trotz aller Sorgfalt kann die Website Ungenauigkeiten, mangelnde Aktualisierungen oder Fehler enthalten. Wir danken den Nutzern der Website, uns \u00fcber Auslassungen, Fehler oder Korrekturen per E-Mail zu informieren:\u00a0<a href=\"mailto:contact@domaine-des-eissartenes.com\/\">contact@domaine-des-eissartenes.com<\/a><\/p>\n<p>Jedoch sind die enthaltenen Informationen einschlie\u00dflich ihres Aussehens und ihrer Eigenschaften auf der Website: <a href=\"https:\/\/www.domaine-des-eissartenes.com\">https:\/\/www.domaine-des-eissartenes.com<\/a> nicht vertraglich bindend.<\/p>\n<p>Diese Informationen stellen keine Garantie oder Verpflichtung seitens der Domaine des Eissartenes in Bezug auf irgendein Produkt oder eine Dienstleistung dar. Die Domaine des Eissartenes \u00fcbernimmt keine Verantwortung, weder ausdr\u00fccklich noch implizit, f\u00fcr ihre Vollst\u00e4ndigkeit, ihre Richtigkeit oder ihre Eignung f\u00fcr jeden Zweck.<\/p>\n<p>Die Domaine des Eissartenes lehnt jegliche Verantwortung bez\u00fcglich der Relevanz der bereitgestellten Informationen und ihre m\u00f6gliche Verwendung durch die Internetnutzer ab.<\/p>\n<p><a id=\"cookies\" name=\"cookies\"><\/a><strong>Cookies:<\/strong><\/p>\n<p>In diesem Abschnitt \u201eCOOKIES\u201c erfahren Sie mehr \u00fcber die Herkunft und Verwendung der Browsing-Informationen, die w\u00e4hrend Ihrer Konsultation unserer Website verarbeitet wurden und Ihre Rechte.<\/p>\n<p>W\u00e4hrend der Konsultation unserer Website werden Informationen \u00fcber Ihre Navigation m\u00f6glicherweise in \u201eCookies\u201c-Dateien auf Ihrem Terminal aufgezeichnet (Computer, Tablet, Smartphone usw.).<\/p>\n<p>Diese Cookies werden von uns selbst erstellt, um Ihnen die Navigation auf unserer Seite zu erleichtern. Sie k\u00f6nnen von Partnern ausgegeben werden, um das Werbeangebot zu personalisieren, das Ihnen au\u00dferhalb unserer Website zugesandt wird.<\/p>\n<p>Beachten Sie, dass nur der Aussteller eines Cookies die darin enthaltenen Informationen lesen oder \u00e4ndern kann. Wenn Sie die Nutzung Ihres Ger\u00e4ts f\u00fcr andere Personen freigeben, k\u00f6nnen wir nicht sicher sein, dass die Angebote und Anzeigen f\u00fcr Ihr Ger\u00e4t mit Ihrer eigenen Verwendung dieses Ger\u00e4ts und mit der eines anderen Benutzers dieses Terminals \u00fcbereinstimmen.<\/p>\n<p>\u2022 Die von uns ausgegebenen Cookies.<\/p>\n<p>Mit den Cookies, die wir auf Ihrem Ger\u00e4t installieren, k\u00f6nnen wir Ihren Browser erkennen, wenn Sie eine Verbindung zu unserer Website herstellen. Wir sind bestrebt, unseren Kunden den besten Service zu bieten, darum setzen wir Cookies um:<\/p>\n<ul>\n<li>Besuchsstatistiken erstellen (Anzahl der Besuche, Seitenaufrufe, Abbruch im Bestellvorgang &#8230;) die Qualit\u00e4t unserer Dienstleistungen zu \u00fcberwachen und zu verbessern.<\/li>\n<li>das Layout unserer Website an die Anzeigeeinstellungen Ihres Terminals anzupassen.<\/li>\n<li>die in unseren Formularen eingegebenen Informationen zu speichern, den Zugriff auf reservierte und pers\u00f6nliche Bereiche wie Ihr Konto zu verwalten und zu sichern und Ihre Bestellung zu verwalten.<\/li>\n<li>Ihnen Inhalte anzubieten, die Ihren Interessen entsprechen, und um die Angebote, die wir Ihnen senden, zu personalisieren.<\/li>\n<\/ul>\n<p>\u2022 Cookies von Drittanbietern<\/p>\n<p>Wenn Sie auf unsere Website zugreifen, k\u00f6nnen ein oder mehrere Cookies von Partnerunternehmen (Drittanbieter-Cookies) \u00fcber die Seiten unserer Website auf Ihrem Computer platziert werden.<\/p>\n<p>Die Ausgabe und Verwendung von Cookies durch Dritte unterliegt den Datenschutzrichtlinien dieser Dritten. Wir haben weder Zugriff noch Kontrolle \u00fcber Cookies von Drittanbietern. Wir stellen jedoch sicher, dass die Partnerunternehmen die auf der Website <a href=\"https:\/\/www.domaine-des-eissartenes.com\">https:\/\/www.domaine-des-eissartenes.com<\/a> gesammelten Informationen ausschlie\u00dflich f\u00fcr die Bed\u00fcrfnisse der Domaine des Eissartenes und in \u00dcbereinstimmung mit dem Datenschutzgesetz \u201eInformatique et Libert\u00e9s\u201c nutzen. Wir weisen Sie darauf hin, dass Sie durch eine entsprechende Einstellung Ihres Browsers Cookies von Drittanbietern ablehnen k\u00f6nnen. Diese Cookies werden von den Anbietern hinterlegt, mit denen wir unsere Aktivit\u00e4ten und Angebote bewerben. Ihr Zweck ist es, die auf unserer Website konsultierten Informationen zu identifizieren, um das Werbeangebot, das Ihnen au\u00dferhalb der Site <a href=\"https:\/\/www.domaine-des-eissartenes.com\">https:\/\/www.domaine-des-eissartenes.com<\/a> zugesendet wird, zu personalisieren, und um Ihnen, sofern Sie das bei Ihrer Anmeldung bei diesen Anbietern autorisiert haben, Angebote der Domaine des Eissartenes per E-Mail zuzusenden.<\/p>\n<p>\u2022 Ihre Auswahlm\u00f6glichkeiten in Bezug auf Cookies<\/p>\n<p>Es gibt mehrere M\u00f6glichkeiten, Cookies zu verwalten. Jede Einstellung, die Sie vornehmen, kann Ihr Internet-Browsing und Ihren Zugriff auf bestimmte Dienste, die die Verwendung von Cookies erfordern, ver\u00e4ndern. Sie k\u00f6nnen Ihre W\u00fcnsche in Bezug auf die Cookies jederzeit mit den unten beschriebenen Mitteln umsetzen oder \u00e4ndern.<\/p>\n<p>\u2022 1 \u2022 Die Auswahl, die von Ihrer Browser-Software angeboten wird:<\/p>\n<p>Sie k\u00f6nnen Ihre Browser-Software so konfigurieren, dass Cookies auf Ihrem Ger\u00e4t gespeichert werden oder umgekehrt entweder systematisch oder nach ihrem Herausgeber zur\u00fcckgewiesen werden. Sie k\u00f6nnen Ihren Browser auch so konfigurieren, dass Ihnen die Annahme oder Ablehnung von Cookies punktuell vorgeschlagen wird, bevor ein Cookie m\u00f6glicherweise auf Ihrem Ger\u00e4t registriert wird. Wir weisen Sie darauf hin, dass wenn Ihr Browser so konfiguriert ist, dass er alle Cookies ablehnt, Sie keine Reservierungen vornehmen k\u00f6nnen oder wesentliche Funktionen unserer Website nicht nutzen k\u00f6nnen. Wir laden Sie ein, Ihren Browser optimal einzustellen. Die Konfiguration jedes Browsers ist unterschiedlich. Es wird im Hilfe-Men\u00fc Ihres Browsers beschrieben, mit dem Sie wissen, wie Sie Ihre W\u00fcnsche f\u00fcr Cookies \u00e4ndern k\u00f6nnen.<\/p>\n<p>\u2022 2 \u2022 Ihre Online-Auswahl auf professionellen Plattformen:<\/p>\n<p>Sie k\u00f6nnen sich mit der Website <a href=\"http:\/\/www.youronlinechoices.com\/fr\/\" target=\"_blank\" rel=\"noopener\">Youronlinechoices<\/a> verbinden, die von den Fachleuten der digitalen Werbung innerhalb der europ\u00e4ischen Vereinigung EDAA (European Digital Advertising Alliance) angeboten und in Frankreich vom Interactive Advertising Bureau France verwaltet wird. Diese europ\u00e4ische Plattform wird von Hunderten von Werbeprofis im Internet genutzt und ist eine zentrale Schnittstelle, \u00fcber die Sie Ihre Ablehnung oder die Annahme der Cookies zum Ausdruck bringen k\u00f6nnen, um die Werbung an die Navigation Ihres Ger\u00e4ts anzupassen. Dar\u00fcber hinaus k\u00f6nnen Sie \u00fcber folgende Plattformen: IAB-Opt-Out-Plattform, die Opt-Out-Plattform der Network Advertising Initiative und die Digital Advertising Alliance-Plattform Ihre Entscheidungen allen an diesen Plattformen beteiligten Akteuren mitteilen.<\/p>\n<p>Beachten Sie, dass diese Vorgehensweise die Anzeige von Werbung auf den von Ihnen besuchten Websites nicht verhindert. Es werden nur die Technologien blockiert, mit denen die Anzeigen an Ihre Interessen angepasst werden k\u00f6nnen.<\/p>\n<p><strong> Referenzierungslinks: <\/strong><\/p>\n<p><a href=\"https:\/\/www.web-ia.com\/\" target=\"_blank\" rel=\"noopener\">Internet-Kreation in Nantes &#8211; Web-ia<\/a><\/p>\n","protected":false},"excerpt":{"rendered":"<p>Herausgeber Gesellschaftsform: S.A.R.L\u00a0 Name der Gesellschaft: DOMAINE DES EISSARTENES Handelsregisternummer: RCS DRAGUIGNAN 828 415 627 USt.-Nr.: FR 20 828 412 627 Name des\/der Verantwortlichen:\u00a0Drouet Jean-Philippe CNIL : 2174253 Kontakt Adresse:\u00a04606 &#8211; Route de Bras PLZ:\u00a083143 Ort: Le Val Region: Provence-Alpes-C\u00f4te d&#8217;Azur Land: Frankreich Telefon: +33\u00a0(0)4\u00a094\u00a080\u00a012\u00a090 E-Mail: contact@domaine-des-eissartenes.com URL:\u00a0https:\/\/www.domaine-des-eissartenes.com\/ Verantwortlicher Herausgeber: Drouet Jean-Philippe E-Mail (Inhalt):\u00a0contact@domaine-des-eissartenes.com Technischer&hellip;<\/p>\n","protected":false},"author":2,"featured_media":0,"parent":0,"menu_order":0,"comment_status":"closed","ping_status":"closed","template":"","meta":{"_acf_changed":false,"footnotes":""},"class_list":["post-1063","page","type-page","status-publish","hentry"],"acf":[],"yoast_head":"<!-- This site is optimized with the Yoast SEO plugin v27.4 - https:\/\/yoast.com\/product\/yoast-seo-wordpress\/ -->\n<title>Impressum - Domaine des Eissartenes<\/title>\n<meta name=\"description\" content=\"Herausgeber Gesellschaftsform: S.A.R.L\u00a0 Name der Gesellschaft: DOMAINE DES EISSARTENES Handelsregisternummer: RCS DRAGUIGNAN 828 415 627 USt.-Nr.: FR 20\" \/>\n<meta name=\"robots\" content=\"noindex, nofollow\" \/>\n<meta property=\"og:locale\" content=\"de_DE\" \/>\n<meta property=\"og:type\" content=\"article\" \/>\n<meta property=\"og:title\" content=\"Impressum - Domaine des Eissartenes\" \/>\n<meta property=\"og:description\" content=\"Herausgeber Gesellschaftsform: S.A.R.L\u00a0 Name der Gesellschaft: DOMAINE DES EISSARTENES Handelsregisternummer: RCS DRAGUIGNAN 828 415 627 USt.-Nr.: FR 20\" \/>\n<meta property=\"og:url\" content=\"http:\/\/www.domaine-des-eissartenes.com\/de\/impressum\/\" \/>\n<meta property=\"og:site_name\" content=\"Domaine des Eissartenes\" \/>\n<meta property=\"article:modified_time\" content=\"2018-05-15T15:34:01+00:00\" \/>\n<meta name=\"twitter:card\" content=\"summary_large_image\" \/>\n<meta name=\"twitter:label1\" content=\"Gesch\u00e4tzte Lesezeit\" \/>\n\t<meta name=\"twitter:data1\" content=\"7\u00a0Minuten\" \/>\n<script type=\"application\/ld+json\" class=\"yoast-schema-graph\">{\"@context\":\"https:\\\/\\\/schema.org\",\"@graph\":[{\"@type\":\"WebPage\",\"@id\":\"http:\\\/\\\/www.domaine-des-eissartenes.com\\\/de\\\/impressum\\\/\",\"url\":\"http:\\\/\\\/www.domaine-des-eissartenes.com\\\/de\\\/impressum\\\/\",\"name\":\"Impressum - Domaine des Eissartenes\",\"isPartOf\":{\"@id\":\"https:\\\/\\\/www.domaine-des-eissartenes.com\\\/de\\\/#website\"},\"datePublished\":\"2018-05-15T13:11:40+00:00\",\"dateModified\":\"2018-05-15T15:34:01+00:00\",\"description\":\"Herausgeber Gesellschaftsform: S.A.R.L\u00a0 Name der Gesellschaft: DOMAINE DES EISSARTENES Handelsregisternummer: RCS DRAGUIGNAN 828 415 627 USt.-Nr.: FR 20\",\"breadcrumb\":{\"@id\":\"http:\\\/\\\/www.domaine-des-eissartenes.com\\\/de\\\/impressum\\\/#breadcrumb\"},\"inLanguage\":\"de\",\"potentialAction\":[{\"@type\":\"ReadAction\",\"target\":[\"http:\\\/\\\/www.domaine-des-eissartenes.com\\\/de\\\/impressum\\\/\"]}]},{\"@type\":\"BreadcrumbList\",\"@id\":\"http:\\\/\\\/www.domaine-des-eissartenes.com\\\/de\\\/impressum\\\/#breadcrumb\",\"itemListElement\":[{\"@type\":\"ListItem\",\"position\":1,\"name\":\"Startseite\",\"item\":\"https:\\\/\\\/www.domaine-des-eissartenes.com\\\/de\\\/\"},{\"@type\":\"ListItem\",\"position\":2,\"name\":\"Impressum\"}]},{\"@type\":\"WebSite\",\"@id\":\"https:\\\/\\\/www.domaine-des-eissartenes.com\\\/de\\\/#website\",\"url\":\"https:\\\/\\\/www.domaine-des-eissartenes.com\\\/de\\\/\",\"name\":\"Domaine des Eissartenes\",\"description\":\"Vermietung von Gites mit Service - Coteaux Varois en Provence\",\"potentialAction\":[{\"@type\":\"SearchAction\",\"target\":{\"@type\":\"EntryPoint\",\"urlTemplate\":\"https:\\\/\\\/www.domaine-des-eissartenes.com\\\/de\\\/?s={search_term_string}\"},\"query-input\":{\"@type\":\"PropertyValueSpecification\",\"valueRequired\":true,\"valueName\":\"search_term_string\"}}],\"inLanguage\":\"de\"}]}<\/script>\n<!-- \/ Yoast SEO plugin. -->","yoast_head_json":{"title":"Impressum - Domaine des Eissartenes","description":"Herausgeber Gesellschaftsform: S.A.R.L\u00a0 Name der Gesellschaft: DOMAINE DES EISSARTENES Handelsregisternummer: RCS DRAGUIGNAN 828 415 627 USt.-Nr.: FR 20","robots":{"index":"noindex","follow":"nofollow"},"og_locale":"de_DE","og_type":"article","og_title":"Impressum - Domaine des Eissartenes","og_description":"Herausgeber Gesellschaftsform: S.A.R.L\u00a0 Name der Gesellschaft: DOMAINE DES EISSARTENES Handelsregisternummer: RCS DRAGUIGNAN 828 415 627 USt.-Nr.: FR 20","og_url":"http:\/\/www.domaine-des-eissartenes.com\/de\/impressum\/","og_site_name":"Domaine des Eissartenes","article_modified_time":"2018-05-15T15:34:01+00:00","twitter_card":"summary_large_image","twitter_misc":{"Gesch\u00e4tzte Lesezeit":"7\u00a0Minuten"},"schema":{"@context":"https:\/\/schema.org","@graph":[{"@type":"WebPage","@id":"http:\/\/www.domaine-des-eissartenes.com\/de\/impressum\/","url":"http:\/\/www.domaine-des-eissartenes.com\/de\/impressum\/","name":"Impressum - Domaine des Eissartenes","isPartOf":{"@id":"https:\/\/www.domaine-des-eissartenes.com\/de\/#website"},"datePublished":"2018-05-15T13:11:40+00:00","dateModified":"2018-05-15T15:34:01+00:00","description":"Herausgeber Gesellschaftsform: S.A.R.L\u00a0 Name der Gesellschaft: DOMAINE DES EISSARTENES Handelsregisternummer: RCS DRAGUIGNAN 828 415 627 USt.-Nr.: FR 20","breadcrumb":{"@id":"http:\/\/www.domaine-des-eissartenes.com\/de\/impressum\/#breadcrumb"},"inLanguage":"de","potentialAction":[{"@type":"ReadAction","target":["http:\/\/www.domaine-des-eissartenes.com\/de\/impressum\/"]}]},{"@type":"BreadcrumbList","@id":"http:\/\/www.domaine-des-eissartenes.com\/de\/impressum\/#breadcrumb","itemListElement":[{"@type":"ListItem","position":1,"name":"Startseite","item":"https:\/\/www.domaine-des-eissartenes.com\/de\/"},{"@type":"ListItem","position":2,"name":"Impressum"}]},{"@type":"WebSite","@id":"https:\/\/www.domaine-des-eissartenes.com\/de\/#website","url":"https:\/\/www.domaine-des-eissartenes.com\/de\/","name":"Domaine des Eissartenes","description":"Vermietung von Gites mit Service - Coteaux Varois en Provence","potentialAction":[{"@type":"SearchAction","target":{"@type":"EntryPoint","urlTemplate":"https:\/\/www.domaine-des-eissartenes.com\/de\/?s={search_term_string}"},"query-input":{"@type":"PropertyValueSpecification","valueRequired":true,"valueName":"search_term_string"}}],"inLanguage":"de"}]}},"_links":{"self":[{"href":"http:\/\/www.domaine-des-eissartenes.com\/de\/wp-json\/wp\/v2\/pages\/1063","targetHints":{"allow":["GET"]}}],"collection":[{"href":"http:\/\/www.domaine-des-eissartenes.com\/de\/wp-json\/wp\/v2\/pages"}],"about":[{"href":"http:\/\/www.domaine-des-eissartenes.com\/de\/wp-json\/wp\/v2\/types\/page"}],"author":[{"embeddable":true,"href":"http:\/\/www.domaine-des-eissartenes.com\/de\/wp-json\/wp\/v2\/users\/2"}],"replies":[{"embeddable":true,"href":"http:\/\/www.domaine-des-eissartenes.com\/de\/wp-json\/wp\/v2\/comments?post=1063"}],"version-history":[{"count":0,"href":"http:\/\/www.domaine-des-eissartenes.com\/de\/wp-json\/wp\/v2\/pages\/1063\/revisions"}],"wp:attachment":[{"href":"http:\/\/www.domaine-des-eissartenes.com\/de\/wp-json\/wp\/v2\/media?parent=1063"}],"curies":[{"name":"wp","href":"https:\/\/api.w.org\/{rel}","templated":true}]}}